{"id":52782,"date":"2025-09-02T14:07:40","date_gmt":"2025-09-02T12:07:40","guid":{"rendered":"https:\/\/kittec.eu\/servis\/ke-stazeni\/"},"modified":"2026-03-23T13:31:25","modified_gmt":"2026-03-23T12:31:25","slug":"ke-stazeni","status":"publish","type":"page","link":"https:\/\/kittec.eu\/cs\/servis\/ke-stazeni\/","title":{"rendered":"Ke sta\u017een\u00ed"},"content":{"rendered":"\n<div class=\"wp-block-columns are-vertically-aligned-center is-layout-flex wp-container-core-columns-is-layout-9d6595d7 wp-block-columns-is-layout-flex\">\n<div class=\"wp-block-column is-vertically-aligned-center is-layout-flow wp-block-column-is-layout-flow\" style=\"flex-basis:25%\">\n<figure class=\"wp-block-image size-full is-resized\"><img loading=\"lazy\" decoding=\"async\" width=\"541\" height=\"758\" src=\"https:\/\/kittec.eu\/wp-content\/uploads\/2026\/03\/KITTEC-Katalog-CS-Thumbnail.png\" alt=\"\" class=\"wp-image-60547\" style=\"width:210px;height:auto\" srcset=\"https:\/\/kittec.eu\/wp-content\/uploads\/2026\/03\/KITTEC-Katalog-CS-Thumbnail.png 541w, https:\/\/kittec.eu\/wp-content\/uploads\/2026\/03\/KITTEC-Katalog-CS-Thumbnail-214x300.png 214w\" sizes=\"auto, (max-width: 541px) 100vw, 541px\" \/><\/figure>\n<\/div>\n\n\n\n<div class=\"wp-block-column is-vertically-aligned-center is-layout-flow wp-block-column-is-layout-flow\" style=\"flex-basis:57%\">\n<h2 class=\"wp-block-heading\"><strong>Souhrnn\u00fd KITTEC katalog<\/strong><\/h2>\n\n\n\n<p>Aktu\u00e1ln\u00ed souhrnn\u00fd KITTEC katalog ke sta\u017een\u00ed ve form\u00e1tu pdf. Zde naleznete v\u0161echny KITTEC produkty, od pec\u00ed pro klasickou keramiku, raku a fusing skla, p\u0159es laboratorn\u00ed a pr\u016fmyslov\u00e9 pece, a\u017e po pece pro zvl\u00e1\u0161tn\u00ed \u00fa\u010dely a speci\u00e1ln\u00ed pece na zak\u00e1zku, stejn\u011b tak jako kompletn\u00ed p\u0159\u00edslu\u0161enstv\u00ed. <\/p>\n<\/div>\n\n\n\n<div class=\"wp-block-column is-vertically-aligned-center is-layout-flow wp-block-column-is-layout-flow\" style=\"flex-basis:25%\">\n<div class=\"wp-block-buttons is-content-justification-right is-layout-flex wp-container-core-buttons-is-layout-765c4724 wp-block-buttons-is-layout-flex\">\n<div class=\"wp-block-button\"><a class=\"wp-block-button__link wp-element-button\" href=\"https:\/\/kittec.eu\/wp-content\/uploads\/2026\/03\/KITTEC-Katalog-2026_V47_CZ_ONLINE.pdf\">st\u00e1hnout jako PDF<\/a><\/div>\n\n\n\n<div class=\"wp-block-button\"><a class=\"wp-block-button__link wp-element-button\" href=\"https:\/\/kittec.eu\/cs\/servis\/katalog\/\">proch\u00e1zet katalog<\/a><\/div>\n<\/div>\n<\/div>\n<\/div>\n\n\n\n<div style=\"height:100px\" aria-hidden=\"true\" class=\"wp-block-spacer\"><\/div>\n\n\n\n<div class=\"wp-block-columns are-vertically-aligned-center is-layout-flex wp-container-core-columns-is-layout-9d6595d7 wp-block-columns-is-layout-flex\">\n<div class=\"wp-block-column is-vertically-aligned-center is-layout-flow wp-block-column-is-layout-flow\" style=\"flex-basis:25%\">\n<figure class=\"wp-block-image size-full is-resized\"><img loading=\"lazy\" decoding=\"async\" width=\"344\" height=\"462\" src=\"https:\/\/kittec.eu\/wp-content\/uploads\/2025\/08\/thumbnail-newgen-esp-flyer-2024-de-344x462-1.webp\" alt=\"\" class=\"wp-image-38380\" style=\"width:210px;height:auto\" srcset=\"https:\/\/kittec.eu\/wp-content\/uploads\/2025\/08\/thumbnail-newgen-esp-flyer-2024-de-344x462-1.webp 344w, https:\/\/kittec.eu\/wp-content\/uploads\/2025\/08\/thumbnail-newgen-esp-flyer-2024-de-344x462-1-223x300.webp 223w\" sizes=\"auto, (max-width: 344px) 100vw, 344px\" \/><\/figure>\n<\/div>\n\n\n\n<div class=\"wp-block-column is-vertically-aligned-center is-layout-flow wp-block-column-is-layout-flow\" style=\"flex-basis:57%\">\n<h2 class=\"wp-block-heading\"><strong>Let\u00e1k KITTEC NewGen ESP<\/strong><\/h2>\n\n\n\n<p>Vykro\u010dte do budoucnosti \u2013 Zjist\u011bte v\u00edce o KITTEC NewGen ESP: KITTEC nab\u00edz\u00ed inovativn\u00ed vyzd\u00edvku pece s nov\u00fdm typem p\u011bnov\u00e9 keramick\u00e9 cihly a t\u00edm poskytuje v\u00fdrazn\u00e9 v\u00fdhody budouc\u00edm majitel\u016fm pec\u00ed.<\/p>\n<\/div>\n\n\n\n<div class=\"wp-block-column is-vertically-aligned-center is-layout-flow wp-block-column-is-layout-flow\" style=\"flex-basis:25%\">\n<div class=\"wp-block-buttons is-content-justification-right is-layout-flex wp-container-core-buttons-is-layout-765c4724 wp-block-buttons-is-layout-flex\">\n<div class=\"wp-block-button\"><a class=\"wp-block-button__link wp-element-button\" href=\"https:\/\/kittec.eu\/wp-content\/uploads\/2025\/08\/kittec-flyer-newgen-esp-blaetterkatalog-cs.pdf\">st\u00e1hnout jako PDF<\/a><\/div>\n\n\n\n<div class=\"wp-block-button\"><a class=\"wp-block-button__link wp-element-button\" href=\"https:\/\/kittec.eu\/cs\/servis\/letak-kittec-newgen-esp\/\"> proch\u00e1zet let\u00e1k<\/a><\/div>\n<\/div>\n<\/div>\n<\/div>\n\n\n\n<p><\/p>\n","protected":false},"excerpt":{"rendered":"","protected":false},"author":2,"featured_media":38084,"parent":52774,"menu_order":0,"comment_status":"closed","ping_status":"closed","template":"","meta":{"_acf_changed":false,"inline_featured_image":false,"iawp_total_views":56,"footnotes":""},"folder":[99],"class_list":["post-52782","page","type-page","status-publish","has-post-thumbnail","hentry"],"acf":[],"yoast_head":"<!-- This site is optimized with the Yoast SEO plugin v27.2 - https:\/\/yoast.com\/product\/yoast-seo-wordpress\/ -->\n<title>Downloads - KITTEC Kataloge und Flyer herunterladen<\/title>\n<meta name=\"description\" content=\"Im Download-Bereich finden Sie den KITTEC Katalog sowie Flyer mit Informationen zu unseren Produkten. \u27a1\ufe0f JETZT als PDF-Datei herunterladen!\" \/>\n<meta name=\"robots\" content=\"index, follow, max-snippet:-1, max-image-preview:large, max-video-preview:-1\" \/>\n<link rel=\"canonical\" href=\"https:\/\/kittec.eu\/cs\/servis\/ke-stazeni\/\" \/>\n<meta property=\"og:locale\" content=\"cs_CZ\" \/>\n<meta property=\"og:type\" content=\"article\" \/>\n<meta property=\"og:title\" content=\"Downloads - KITTEC Kataloge und Flyer herunterladen\" \/>\n<meta property=\"og:description\" content=\"Im Download-Bereich finden Sie den KITTEC Katalog sowie Flyer mit Informationen zu unseren Produkten. \u27a1\ufe0f JETZT als PDF-Datei herunterladen!\" \/>\n<meta property=\"og:url\" content=\"https:\/\/kittec.eu\/cs\/servis\/ke-stazeni\/\" \/>\n<meta property=\"og:site_name\" content=\"Kittec Brenn\u00f6fen bis 1800\u00b0C - Brennofen f\u00fcr Industrie und Handwerk\" \/>\n<meta property=\"article:modified_time\" content=\"2026-03-23T12:31:25+00:00\" \/>\n<meta property=\"og:image\" content=\"https:\/\/kittec.eu\/wp-content\/uploads\/2025\/08\/kittec-service-downloads.png\" \/>\n\t<meta property=\"og:image:width\" content=\"500\" \/>\n\t<meta property=\"og:image:height\" content=\"400\" \/>\n\t<meta property=\"og:image:type\" content=\"image\/png\" \/>\n<meta name=\"twitter:card\" content=\"summary_large_image\" \/>\n<meta name=\"twitter:label1\" content=\"Odhadovan\u00e1 doba \u010dten\u00ed\" \/>\n\t<meta name=\"twitter:data1\" content=\"2 minuty\" \/>\n<script type=\"application\/ld+json\" class=\"yoast-schema-graph\">{\"@context\":\"https:\/\/schema.org\",\"@graph\":[{\"@type\":\"WebPage\",\"@id\":\"https:\/\/kittec.eu\/cs\/servis\/ke-stazeni\/\",\"url\":\"https:\/\/kittec.eu\/cs\/servis\/ke-stazeni\/\",\"name\":\"Downloads - KITTEC Kataloge und Flyer herunterladen\",\"isPartOf\":{\"@id\":\"https:\/\/kittec.eu\/cs\/#website\"},\"primaryImageOfPage\":{\"@id\":\"https:\/\/kittec.eu\/cs\/servis\/ke-stazeni\/#primaryimage\"},\"image\":{\"@id\":\"https:\/\/kittec.eu\/cs\/servis\/ke-stazeni\/#primaryimage\"},\"thumbnailUrl\":\"https:\/\/kittec.eu\/wp-content\/uploads\/2025\/08\/kittec-service-downloads.png\",\"datePublished\":\"2025-09-02T12:07:40+00:00\",\"dateModified\":\"2026-03-23T12:31:25+00:00\",\"description\":\"Im Download-Bereich finden Sie den KITTEC Katalog sowie Flyer mit Informationen zu unseren Produkten. \u27a1\ufe0f JETZT als PDF-Datei herunterladen!\",\"breadcrumb\":{\"@id\":\"https:\/\/kittec.eu\/cs\/servis\/ke-stazeni\/#breadcrumb\"},\"inLanguage\":\"cs\",\"potentialAction\":[{\"@type\":\"ReadAction\",\"target\":[\"https:\/\/kittec.eu\/cs\/servis\/ke-stazeni\/\"]}]},{\"@type\":\"ImageObject\",\"inLanguage\":\"cs\",\"@id\":\"https:\/\/kittec.eu\/cs\/servis\/ke-stazeni\/#primaryimage\",\"url\":\"https:\/\/kittec.eu\/wp-content\/uploads\/2025\/08\/kittec-service-downloads.png\",\"contentUrl\":\"https:\/\/kittec.eu\/wp-content\/uploads\/2025\/08\/kittec-service-downloads.png\",\"width\":500,\"height\":400},{\"@type\":\"BreadcrumbList\",\"@id\":\"https:\/\/kittec.eu\/cs\/servis\/ke-stazeni\/#breadcrumb\",\"itemListElement\":[{\"@type\":\"ListItem\",\"position\":1,\"name\":\"Home\",\"item\":\"https:\/\/kittec.eu\/cs\/\"},{\"@type\":\"ListItem\",\"position\":2,\"name\":\"SERVIS\",\"item\":\"https:\/\/kittec.eu\/cs\/servis\/\"},{\"@type\":\"ListItem\",\"position\":3,\"name\":\"Ke sta\u017een\u00ed\"}]},{\"@type\":\"WebSite\",\"@id\":\"https:\/\/kittec.eu\/cs\/#website\",\"url\":\"https:\/\/kittec.eu\/cs\/\",\"name\":\"Kittec Brenn\u00f6fen bis 1800\u00b0C - Brennofen f\u00fcr Industrie und Handwerk\",\"description\":\"F\u00fcr jede Anwendung der passende Brennofen\",\"publisher\":{\"@id\":\"https:\/\/kittec.eu\/cs\/#organization\"},\"potentialAction\":[{\"@type\":\"SearchAction\",\"target\":{\"@type\":\"EntryPoint\",\"urlTemplate\":\"https:\/\/kittec.eu\/cs\/?s={search_term_string}\"},\"query-input\":{\"@type\":\"PropertyValueSpecification\",\"valueRequired\":true,\"valueName\":\"search_term_string\"}}],\"inLanguage\":\"cs\"},{\"@type\":\"Organization\",\"@id\":\"https:\/\/kittec.eu\/cs\/#organization\",\"name\":\"Kittec Brenn\u00f6fen bis 1800\u00b0C - Brennofen f\u00fcr Industrie und Handwerk\",\"url\":\"https:\/\/kittec.eu\/cs\/\",\"logo\":{\"@type\":\"ImageObject\",\"inLanguage\":\"cs\",\"@id\":\"https:\/\/kittec.eu\/cs\/#\/schema\/logo\/image\/\",\"url\":\"https:\/\/kittec.eu\/wp-content\/uploads\/2025\/07\/logo.png\",\"contentUrl\":\"https:\/\/kittec.eu\/wp-content\/uploads\/2025\/07\/logo.png\",\"width\":150,\"height\":53,\"caption\":\"Kittec Brenn\u00f6fen bis 1800\u00b0C - Brennofen f\u00fcr Industrie und Handwerk\"},\"image\":{\"@id\":\"https:\/\/kittec.eu\/cs\/#\/schema\/logo\/image\/\"}}]}<\/script>\n<!-- \/ Yoast SEO plugin. -->","yoast_head_json":{"title":"Downloads - KITTEC Kataloge und Flyer herunterladen","description":"Im Download-Bereich finden Sie den KITTEC Katalog sowie Flyer mit Informationen zu unseren Produkten. \u27a1\ufe0f JETZT als PDF-Datei herunterladen!","robots":{"index":"index","follow":"follow","max-snippet":"max-snippet:-1","max-image-preview":"max-image-preview:large","max-video-preview":"max-video-preview:-1"},"canonical":"https:\/\/kittec.eu\/cs\/servis\/ke-stazeni\/","og_locale":"cs_CZ","og_type":"article","og_title":"Downloads - KITTEC Kataloge und Flyer herunterladen","og_description":"Im Download-Bereich finden Sie den KITTEC Katalog sowie Flyer mit Informationen zu unseren Produkten. \u27a1\ufe0f JETZT als PDF-Datei herunterladen!","og_url":"https:\/\/kittec.eu\/cs\/servis\/ke-stazeni\/","og_site_name":"Kittec Brenn\u00f6fen bis 1800\u00b0C - Brennofen f\u00fcr Industrie und Handwerk","article_modified_time":"2026-03-23T12:31:25+00:00","og_image":[{"width":500,"height":400,"url":"https:\/\/kittec.eu\/wp-content\/uploads\/2025\/08\/kittec-service-downloads.png","type":"image\/png"}],"twitter_card":"summary_large_image","twitter_misc":{"Odhadovan\u00e1 doba \u010dten\u00ed":"2 minuty"},"schema":{"@context":"https:\/\/schema.org","@graph":[{"@type":"WebPage","@id":"https:\/\/kittec.eu\/cs\/servis\/ke-stazeni\/","url":"https:\/\/kittec.eu\/cs\/servis\/ke-stazeni\/","name":"Downloads - KITTEC Kataloge und Flyer herunterladen","isPartOf":{"@id":"https:\/\/kittec.eu\/cs\/#website"},"primaryImageOfPage":{"@id":"https:\/\/kittec.eu\/cs\/servis\/ke-stazeni\/#primaryimage"},"image":{"@id":"https:\/\/kittec.eu\/cs\/servis\/ke-stazeni\/#primaryimage"},"thumbnailUrl":"https:\/\/kittec.eu\/wp-content\/uploads\/2025\/08\/kittec-service-downloads.png","datePublished":"2025-09-02T12:07:40+00:00","dateModified":"2026-03-23T12:31:25+00:00","description":"Im Download-Bereich finden Sie den KITTEC Katalog sowie Flyer mit Informationen zu unseren Produkten. \u27a1\ufe0f JETZT als PDF-Datei herunterladen!","breadcrumb":{"@id":"https:\/\/kittec.eu\/cs\/servis\/ke-stazeni\/#breadcrumb"},"inLanguage":"cs","potentialAction":[{"@type":"ReadAction","target":["https:\/\/kittec.eu\/cs\/servis\/ke-stazeni\/"]}]},{"@type":"ImageObject","inLanguage":"cs","@id":"https:\/\/kittec.eu\/cs\/servis\/ke-stazeni\/#primaryimage","url":"https:\/\/kittec.eu\/wp-content\/uploads\/2025\/08\/kittec-service-downloads.png","contentUrl":"https:\/\/kittec.eu\/wp-content\/uploads\/2025\/08\/kittec-service-downloads.png","width":500,"height":400},{"@type":"BreadcrumbList","@id":"https:\/\/kittec.eu\/cs\/servis\/ke-stazeni\/#breadcrumb","itemListElement":[{"@type":"ListItem","position":1,"name":"Home","item":"https:\/\/kittec.eu\/cs\/"},{"@type":"ListItem","position":2,"name":"SERVIS","item":"https:\/\/kittec.eu\/cs\/servis\/"},{"@type":"ListItem","position":3,"name":"Ke sta\u017een\u00ed"}]},{"@type":"WebSite","@id":"https:\/\/kittec.eu\/cs\/#website","url":"https:\/\/kittec.eu\/cs\/","name":"Kittec Brenn\u00f6fen bis 1800\u00b0C - Brennofen f\u00fcr Industrie und Handwerk","description":"F\u00fcr jede Anwendung der passende Brennofen","publisher":{"@id":"https:\/\/kittec.eu\/cs\/#organization"},"potentialAction":[{"@type":"SearchAction","target":{"@type":"EntryPoint","urlTemplate":"https:\/\/kittec.eu\/cs\/?s={search_term_string}"},"query-input":{"@type":"PropertyValueSpecification","valueRequired":true,"valueName":"search_term_string"}}],"inLanguage":"cs"},{"@type":"Organization","@id":"https:\/\/kittec.eu\/cs\/#organization","name":"Kittec Brenn\u00f6fen bis 1800\u00b0C - Brennofen f\u00fcr Industrie und Handwerk","url":"https:\/\/kittec.eu\/cs\/","logo":{"@type":"ImageObject","inLanguage":"cs","@id":"https:\/\/kittec.eu\/cs\/#\/schema\/logo\/image\/","url":"https:\/\/kittec.eu\/wp-content\/uploads\/2025\/07\/logo.png","contentUrl":"https:\/\/kittec.eu\/wp-content\/uploads\/2025\/07\/logo.png","width":150,"height":53,"caption":"Kittec Brenn\u00f6fen bis 1800\u00b0C - Brennofen f\u00fcr Industrie und Handwerk"},"image":{"@id":"https:\/\/kittec.eu\/cs\/#\/schema\/logo\/image\/"}}]}},"_links":{"self":[{"href":"https:\/\/kittec.eu\/cs\/wp-json\/wp\/v2\/pages\/52782","targetHints":{"allow":["GET"]}}],"collection":[{"href":"https:\/\/kittec.eu\/cs\/wp-json\/wp\/v2\/pages"}],"about":[{"href":"https:\/\/kittec.eu\/cs\/wp-json\/wp\/v2\/types\/page"}],"author":[{"embeddable":true,"href":"https:\/\/kittec.eu\/cs\/wp-json\/wp\/v2\/users\/2"}],"replies":[{"embeddable":true,"href":"https:\/\/kittec.eu\/cs\/wp-json\/wp\/v2\/comments?post=52782"}],"version-history":[{"count":9,"href":"https:\/\/kittec.eu\/cs\/wp-json\/wp\/v2\/pages\/52782\/revisions"}],"predecessor-version":[{"id":60551,"href":"https:\/\/kittec.eu\/cs\/wp-json\/wp\/v2\/pages\/52782\/revisions\/60551"}],"up":[{"embeddable":true,"href":"https:\/\/kittec.eu\/cs\/wp-json\/wp\/v2\/pages\/52774"}],"wp:featuredmedia":[{"embeddable":true,"href":"https:\/\/kittec.eu\/cs\/wp-json\/wp\/v2\/media\/38084"}],"wp:attachment":[{"href":"https:\/\/kittec.eu\/cs\/wp-json\/wp\/v2\/media?parent=52782"}],"wp:term":[{"taxonomy":"folder","embeddable":true,"href":"https:\/\/kittec.eu\/cs\/wp-json\/wp\/v2\/folder?post=52782"}],"curies":[{"name":"wp","href":"https:\/\/api.w.org\/{rel}","templated":true}]}}