{"id":52860,"date":"2025-09-03T10:04:33","date_gmt":"2025-09-03T08:04:33","guid":{"rendered":"https:\/\/kittec.eu\/servis\/prijeti-dodavky\/"},"modified":"2026-02-01T19:02:24","modified_gmt":"2026-02-01T18:02:24","slug":"dodavky","status":"publish","type":"page","link":"https:\/\/kittec.eu\/cs\/servis\/dodavky\/","title":{"rendered":"P\u0159ijet\u00ed dod\u00e1vky"},"content":{"rendered":"\n<div class=\"wp-block-group is-vertical is-nowrap is-layout-flex wp-container-core-group-is-layout-fc43baa9 wp-block-group-is-layout-flex\">\n<div class=\"wp-block-group\"><div class=\"wp-block-group__inner-container is-layout-constrained wp-block-group-is-layout-constrained\">\n<p class=\"has-large-font-size\"><strong>D\u016fle\u017eit\u00e9 \u2013 Spr\u00e1vn\u00e9 chov\u00e1n\u00ed v p\u0159\u00edpad\u011b po\u0161kozen\u00fdch dod\u00e1vek<\/strong><\/p>\n\n\n\n<p>V\u00e1\u017een\u00ed z\u00e1kazn\u00edci,<\/p>\n\n\n\n<p>navzdory vhodn\u00e9mu balen\u00ed a p\u00e9\u010di v\u0161ech z\u00fa\u010dastn\u011bn\u00fdch stran o to, aby v\u00e1m byly pece v\u017edy dod\u00e1ny v perfektn\u00edm stavu, <strong>m\u016f\u017ee doj\u00edt k po\u0161kozen\u00ed p\u0159i p\u0159eprav\u011b<\/strong>.<\/p>\n\n\n\n<p>Jak\u00e9koli zji\u0161t\u011bn\u00e9 po\u0161kozen\u00ed pros\u00edm zdokumentujte a za\u0161lete p\u0159\u00edslu\u0161n\u00e9 fotografie zobrazuj\u00edc\u00ed po\u0161kozen\u00ed sv\u00e9mu prodejci a spole\u010dnosti KITTEC! Pokud toto budete ignorovat, nebudeme my ani doru\u010dovatelsk\u00e1 firma akceptovat \u017e\u00e1dn\u00e9 reklamace \u0161kod. <\/p>\n\n\n\n<p><strong>P\u0159ed podpisem dokladu o doru\u010den\u00ed mus\u00edte z\u00e1silku zkontrolovat, zda nen\u00ed po\u0161kozena!<\/strong><\/p>\n\n\n\n<p>Sv\u00fdm podpisem potvrzujete \u00faplnost a bezvadn\u00fd stav z\u00e1silek. Proto si z\u00e1silku p\u0159ed podpisem dodac\u00edch list\u016f nezapome\u0148te prohl\u00e9dnout!  <\/p>\n\n\n\n<div style=\"height:100px\" aria-hidden=\"true\" class=\"wp-block-spacer\"><\/div>\n\n\n\n<p class=\"has-text-align-center has-large-font-size\"><strong>Zkontrolujte pros\u00edm z\u00e1silku p\u0159i dod\u00e1n\u00ed!<\/strong><\/p>\n<\/div><\/div>\n\n\n\n<div class=\"wp-block-columns is-layout-flex wp-container-core-columns-is-layout-9d6595d7 wp-block-columns-is-layout-flex\">\n<div class=\"wp-block-column is-layout-flow wp-block-column-is-layout-flow\">\n<figure class=\"wp-block-image size-full\"><img loading=\"lazy\" decoding=\"async\" width=\"883\" height=\"485\" src=\"https:\/\/kittec.eu\/wp-content\/uploads\/2025\/08\/Warenannahme_883px_485px.png\" alt=\"\" class=\"wp-image-35360\" srcset=\"https:\/\/kittec.eu\/wp-content\/uploads\/2025\/08\/Warenannahme_883px_485px.png 883w, https:\/\/kittec.eu\/wp-content\/uploads\/2025\/08\/Warenannahme_883px_485px-300x165.png 300w, https:\/\/kittec.eu\/wp-content\/uploads\/2025\/08\/Warenannahme_883px_485px-768x422.png 768w\" sizes=\"auto, (max-width: 883px) 100vw, 883px\" \/><\/figure>\n<\/div>\n\n\n\n<div class=\"wp-block-column is-layout-flow wp-block-column-is-layout-flow\">\n<figure class=\"wp-block-image size-full\"><img loading=\"lazy\" decoding=\"async\" width=\"883\" height=\"485\" src=\"https:\/\/kittec.eu\/wp-content\/uploads\/2025\/08\/Warenverweigerung_883px_485px.png\" alt=\"\" class=\"wp-image-35363\" srcset=\"https:\/\/kittec.eu\/wp-content\/uploads\/2025\/08\/Warenverweigerung_883px_485px.png 883w, https:\/\/kittec.eu\/wp-content\/uploads\/2025\/08\/Warenverweigerung_883px_485px-300x165.png 300w, https:\/\/kittec.eu\/wp-content\/uploads\/2025\/08\/Warenverweigerung_883px_485px-768x422.png 768w\" sizes=\"auto, (max-width: 883px) 100vw, 883px\" \/><\/figure>\n<\/div>\n<\/div>\n\n\n\n<div class=\"wp-block-columns is-layout-flex wp-container-core-columns-is-layout-9d6595d7 wp-block-columns-is-layout-flex\">\n<div class=\"wp-block-column is-layout-flow wp-block-column-is-layout-flow\">\n<div class=\"wp-block-group\"><div class=\"wp-block-group__inner-container is-layout-constrained wp-block-group-is-layout-constrained\">\n<h3 class=\"wp-block-heading\">P\u0159ijet\u00ed dod\u00e1vky<\/h3>\n\n\n\n<p><strong>Z\u00e1silka bez po\u0161kozen\u00ed obalu<\/strong>: Podpisem stvrzujete bezvadn\u00fd stav z\u00e1silky!<\/p>\n\n\n\n<p><strong>Z\u00e1silka je minim\u00e1ln\u011b po\u0161kozen\u00e1?<\/strong> Nezapome\u0148te to uv\u00e9st do p\u0159epravn\u00edho listu a z\u00e1silku p\u0159evz\u00edt.<\/p>\n<\/div><\/div>\n<\/div>\n\n\n\n<div class=\"wp-block-column is-layout-flow wp-block-column-is-layout-flow\">\n<div class=\"wp-block-group\"><div class=\"wp-block-group__inner-container is-layout-constrained wp-block-group-is-layout-constrained\">\n<h3 class=\"wp-block-heading\">Odm\u00edtnut\u00ed dod\u00e1vky v p\u0159\u00edpad\u011b po\u0161kozen\u00ed<\/h3>\n\n\n\n<p><strong>Je z\u00e1silka zna\u010dn\u011b po\u0161kozen\u00e1?<\/strong> V takov\u00e9m p\u0159\u00edpad\u011b odm\u00edtn\u011bte z\u00e1silku p\u0159evz\u00edt a neprodlen\u011b informujte jak sv\u00e9ho specializovan\u00e9ho prodejce, tak spole\u010dnost KITTEC.<\/p>\n<\/div><\/div>\n<\/div>\n<\/div>\n\n\n\n<div class=\"wp-block-group\"><div class=\"wp-block-group__inner-container is-layout-constrained wp-block-group-is-layout-constrained\">\n<div style=\"height:100px\" aria-hidden=\"true\" class=\"wp-block-spacer\"><\/div>\n\n\n\n<p class=\"has-medium-font-size\"><strong>\u017d\u00c1D\u00c1ME V\u00c1S, ABYSTE SI Z\u00c1SILKU POSTUPN\u011a ZKONTROLOVALI<\/strong><\/p>\n\n\n\n<p><strong>1. Z\u00c1SILKA JE V PO\u0158\u00c1DKU<\/strong>: Pokud nen\u00ed obal viditeln\u011b po\u0161kozen\u00fd, pros\u00edme, abyste<\/p>\n\n\n\n<p class=\"has-text-color has-link-color wp-elements-d2c246741327b896630f9e410a160ca7\" style=\"color:#f8a533\"><strong>p\u0159evzali z\u00e1silku podpisem, s t\u00edm, \u017ee jste ji obdr\u017eeli v po\u0159\u00e1dku.<\/strong><\/p>\n\n\n\n<p><strong>2. Z\u00c1SILKA JE SILN\u011a PO\u0160KOZEN\u00c1<\/strong>: Jak\u00e9hokoli po\u0161kozen\u00ed nebo pokud je vn\u011bj\u0161\u00ed o bal z\u00e1silky zjevn\u011b po\u0161kozen\u00fd, nap\u0159\u00edklad pokud sly\u0161\u00edte zvuky rozbit\u00fdch desek nebo cihel, pros\u00edme.<\/p>\n\n\n\n<p class=\"has-text-color has-link-color wp-elements-524244265f64a6a0808e326ea25a0da2\" style=\"color:#f8a533\"><strong>odm\u00edtn\u011bte p\u0159evzet\u00ed!<\/strong><\/p>\n\n\n\n<p>Bal\u00ed\u010dek n\u00e1m bude vr\u00e1cen a zaevidov\u00e1n jako reklamace \u0161kody. V takov\u00e9m p\u0159\u00edpad\u011b neprodlen\u011b kontaktujte sv\u00e9ho prodejce a spole\u010dnost KITTEC. <\/p>\n\n\n\n<p><strong>3. MINIM\u00c1LN\u011a PO\u0160KOZEN\u00dd BAL\u00cdK<\/strong>: Vezm\u011bte pros\u00edm na v\u011bdom\u00ed:<\/p>\n\n\n\n<p class=\"has-text-color has-link-color wp-elements-de968f316a84ecf056f7583a0460dd05\" style=\"color:#f8a533\"><strong>\u201ePo\u0161kozen\u00fd obal\u201c uve\u010fte na p\u0159epravn\u00edm dokladu a z\u00e1silku p\u0159evezm\u011bte.<\/strong><\/p>\n\n\n\n<p>Pokud zjist\u00edte minim\u00e1ln\u00ed po\u0161kozen\u00ed nebo pokud je skryt\u00e9 po\u0161kozen\u00ed zji\u0161t\u011bno a\u017e po podpisu a dal\u0161\u00edm rozbalen\u00ed, postupujte v obou p\u0159\u00edpadech n\u00e1sledovn\u011b:<\/p>\n\n\n\n<ul class=\"wp-block-list\">\n<li><strong>Pokud je zji\u0161t\u011bno po\u0161kozen\u00ed obalu, zdokumentujte vybalen\u00ed a p\u0159\u00edpadn\u00e9 po\u0161kozen\u00ed<\/strong>: Pokud nen\u00ed zji\u0161t\u011bno \u017e\u00e1dn\u00e9 po\u0161kozen\u00ed v\u00fdrobku: Velmi dob\u0159e! Pokud ano: Po\u0159i\u010fte podrobn\u00e9 fotografie jak procesu vybalov\u00e1n\u00ed, tak p\u0159\u00edpadn\u00e9ho po\u0161kozen\u00ed zbo\u017e\u00ed. <strong>D\u016fle\u017eit\u00e9 je ponechat troubu pec na palet\u011b<\/strong>.  <\/li>\n\n\n\n<li><strong>Po\u0161lete fotografie<\/strong> po\u0161kozen\u00ed e-mailem: Tyto fotografie za\u0161lete neprodlen\u011b sv\u00e9mu prodejci a spole\u010dnosti KITTEC!<\/li>\n\n\n\n<li><strong>Vy\u010dkejte na dal\u0161\u00ed kroky<\/strong>: P\u0159ed sejmut\u00edm zbo\u017e\u00ed z palety vy\u010dkejte na dal\u0161\u00ed pokyny spole\u010dnosti KITTEC. V p\u0159\u00edpad\u011b zp\u011btn\u00e9 p\u0159epravy zbo\u017e\u00ed p\u0159ebalte podle pokyn\u016f spole\u010dnosti KITTEC a p\u0159ipravte jej k vyzvednut\u00ed. <\/li>\n<\/ul>\n\n\n\n<div style=\"height:30px\" aria-hidden=\"true\" class=\"wp-block-spacer\"><\/div>\n\n\n\n<p>V p\u0159\u00edpad\u011b po\u0161kozen\u00ed p\u0159i p\u0159eprav\u011b m\u00e1me na obou stran\u00e1ch velk\u00fd z\u00e1jem na tom, aby byla \u0161koda rychle odstran\u011bna a aby bylo mo\u017en\u00e9 n\u00e1klady vym\u00e1hat po odpov\u011bdn\u00e9 stran\u011b. Pokud dodr\u017e\u00edte v\u00fd\u0161e uveden\u00e9 body, m\u016f\u017eeme to spole\u010dn\u011b vy\u0159e\u0161it bez komplikac\u00ed. <\/p>\n\n\n\n<p>Pokud m\u00e1te dal\u0161\u00ed dotazy, nev\u00e1hejte n\u00e1s <a href=\"https:\/\/kittec.eu\/cs\/kontakt\/\"><strong>kontaktovat<\/strong><\/a>.<\/p>\n\n\n\n<p>D\u011bkujeme za pochopen\u00ed a spolupr\u00e1ci!<\/p>\n\n\n\n<div style=\"height:100px\" aria-hidden=\"true\" class=\"wp-block-spacer\"><\/div>\n<\/div><\/div>\n<\/div>\n","protected":false},"excerpt":{"rendered":"","protected":false},"author":20,"featured_media":38093,"parent":52774,"menu_order":0,"comment_status":"closed","ping_status":"closed","template":"","meta":{"_acf_changed":false,"inline_featured_image":false,"iawp_total_views":24,"footnotes":""},"folder":[99],"class_list":["post-52860","page","type-page","status-publish","has-post-thumbnail","hentry"],"acf":[],"yoast_head":"<!-- This site is optimized with the Yoast SEO plugin v27.2 - https:\/\/yoast.com\/product\/yoast-seo-wordpress\/ -->\n<title>Dod\u00e1vka KITTEC \u2013 Co d\u011blat v p\u0159\u00edpad\u011b po\u0161kozen\u00ed p\u0159i p\u0159eprav\u011b?<\/title>\n<meta name=\"description\" content=\"P\u0159i dod\u00e1n\u00ed z\u00e1silky zkontrolujte, zda nen\u00ed po\u0161kozen\u00e1. Ka\u017ed\u00e9 po\u0161kozen\u00ed zdokumentujte a zaznamenejte do dodac\u00edch dokument\u016f!\" \/>\n<meta name=\"robots\" content=\"index, follow, max-snippet:-1, max-image-preview:large, max-video-preview:-1\" \/>\n<link rel=\"canonical\" href=\"https:\/\/kittec.eu\/cs\/servis\/dodavky\/\" \/>\n<meta property=\"og:locale\" content=\"cs_CZ\" \/>\n<meta property=\"og:type\" content=\"article\" \/>\n<meta property=\"og:title\" content=\"Dod\u00e1vka KITTEC \u2013 Co d\u011blat v p\u0159\u00edpad\u011b po\u0161kozen\u00ed p\u0159i p\u0159eprav\u011b?\" \/>\n<meta property=\"og:description\" content=\"P\u0159i dod\u00e1n\u00ed z\u00e1silky zkontrolujte, zda nen\u00ed po\u0161kozen\u00e1. Ka\u017ed\u00e9 po\u0161kozen\u00ed zdokumentujte a zaznamenejte do dodac\u00edch dokument\u016f!\" \/>\n<meta property=\"og:url\" content=\"https:\/\/kittec.eu\/cs\/servis\/dodavky\/\" \/>\n<meta property=\"og:site_name\" content=\"Kittec Brenn\u00f6fen bis 1800\u00b0C - Brennofen f\u00fcr Industrie und Handwerk\" \/>\n<meta property=\"article:modified_time\" content=\"2026-02-01T18:02:24+00:00\" \/>\n<meta property=\"og:image\" content=\"https:\/\/kittec.eu\/wp-content\/uploads\/2025\/08\/kittec-service-korrekte-warenannahme.png\" \/>\n\t<meta property=\"og:image:width\" content=\"500\" \/>\n\t<meta property=\"og:image:height\" content=\"400\" \/>\n\t<meta property=\"og:image:type\" content=\"image\/png\" \/>\n<meta name=\"twitter:card\" content=\"summary_large_image\" \/>\n<meta name=\"twitter:label1\" content=\"Odhadovan\u00e1 doba \u010dten\u00ed\" \/>\n\t<meta name=\"twitter:data1\" content=\"3 minuty\" \/>\n<script type=\"application\/ld+json\" class=\"yoast-schema-graph\">{\"@context\":\"https:\/\/schema.org\",\"@graph\":[{\"@type\":\"WebPage\",\"@id\":\"https:\/\/kittec.eu\/cs\/servis\/dodavky\/\",\"url\":\"https:\/\/kittec.eu\/cs\/servis\/dodavky\/\",\"name\":\"Dod\u00e1vka KITTEC \u2013 Co d\u011blat v p\u0159\u00edpad\u011b po\u0161kozen\u00ed p\u0159i p\u0159eprav\u011b?\",\"isPartOf\":{\"@id\":\"https:\/\/kittec.eu\/cs\/#website\"},\"primaryImageOfPage\":{\"@id\":\"https:\/\/kittec.eu\/cs\/servis\/dodavky\/#primaryimage\"},\"image\":{\"@id\":\"https:\/\/kittec.eu\/cs\/servis\/dodavky\/#primaryimage\"},\"thumbnailUrl\":\"https:\/\/kittec.eu\/wp-content\/uploads\/2025\/08\/kittec-service-korrekte-warenannahme.png\",\"datePublished\":\"2025-09-03T08:04:33+00:00\",\"dateModified\":\"2026-02-01T18:02:24+00:00\",\"description\":\"P\u0159i dod\u00e1n\u00ed z\u00e1silky zkontrolujte, zda nen\u00ed po\u0161kozen\u00e1. Ka\u017ed\u00e9 po\u0161kozen\u00ed zdokumentujte a zaznamenejte do dodac\u00edch dokument\u016f!\",\"breadcrumb\":{\"@id\":\"https:\/\/kittec.eu\/cs\/servis\/dodavky\/#breadcrumb\"},\"inLanguage\":\"cs\",\"potentialAction\":[{\"@type\":\"ReadAction\",\"target\":[\"https:\/\/kittec.eu\/cs\/servis\/dodavky\/\"]}]},{\"@type\":\"ImageObject\",\"inLanguage\":\"cs\",\"@id\":\"https:\/\/kittec.eu\/cs\/servis\/dodavky\/#primaryimage\",\"url\":\"https:\/\/kittec.eu\/wp-content\/uploads\/2025\/08\/kittec-service-korrekte-warenannahme.png\",\"contentUrl\":\"https:\/\/kittec.eu\/wp-content\/uploads\/2025\/08\/kittec-service-korrekte-warenannahme.png\",\"width\":500,\"height\":400},{\"@type\":\"BreadcrumbList\",\"@id\":\"https:\/\/kittec.eu\/cs\/servis\/dodavky\/#breadcrumb\",\"itemListElement\":[{\"@type\":\"ListItem\",\"position\":1,\"name\":\"Home\",\"item\":\"https:\/\/kittec.eu\/cs\/\"},{\"@type\":\"ListItem\",\"position\":2,\"name\":\"SERVIS\",\"item\":\"https:\/\/kittec.eu\/cs\/servis\/\"},{\"@type\":\"ListItem\",\"position\":3,\"name\":\"P\u0159ijet\u00ed dod\u00e1vky\"}]},{\"@type\":\"WebSite\",\"@id\":\"https:\/\/kittec.eu\/cs\/#website\",\"url\":\"https:\/\/kittec.eu\/cs\/\",\"name\":\"Kittec Brenn\u00f6fen bis 1800\u00b0C - Brennofen f\u00fcr Industrie und Handwerk\",\"description\":\"F\u00fcr jede Anwendung der passende Brennofen\",\"publisher\":{\"@id\":\"https:\/\/kittec.eu\/cs\/#organization\"},\"potentialAction\":[{\"@type\":\"SearchAction\",\"target\":{\"@type\":\"EntryPoint\",\"urlTemplate\":\"https:\/\/kittec.eu\/cs\/?s={search_term_string}\"},\"query-input\":{\"@type\":\"PropertyValueSpecification\",\"valueRequired\":true,\"valueName\":\"search_term_string\"}}],\"inLanguage\":\"cs\"},{\"@type\":\"Organization\",\"@id\":\"https:\/\/kittec.eu\/cs\/#organization\",\"name\":\"Kittec Brenn\u00f6fen bis 1800\u00b0C - Brennofen f\u00fcr Industrie und Handwerk\",\"url\":\"https:\/\/kittec.eu\/cs\/\",\"logo\":{\"@type\":\"ImageObject\",\"inLanguage\":\"cs\",\"@id\":\"https:\/\/kittec.eu\/cs\/#\/schema\/logo\/image\/\",\"url\":\"https:\/\/kittec.eu\/wp-content\/uploads\/2025\/07\/logo.png\",\"contentUrl\":\"https:\/\/kittec.eu\/wp-content\/uploads\/2025\/07\/logo.png\",\"width\":150,\"height\":53,\"caption\":\"Kittec Brenn\u00f6fen bis 1800\u00b0C - Brennofen f\u00fcr Industrie und Handwerk\"},\"image\":{\"@id\":\"https:\/\/kittec.eu\/cs\/#\/schema\/logo\/image\/\"}}]}<\/script>\n<!-- \/ Yoast SEO plugin. -->","yoast_head_json":{"title":"Dod\u00e1vka KITTEC \u2013 Co d\u011blat v p\u0159\u00edpad\u011b po\u0161kozen\u00ed p\u0159i p\u0159eprav\u011b?","description":"P\u0159i dod\u00e1n\u00ed z\u00e1silky zkontrolujte, zda nen\u00ed po\u0161kozen\u00e1. Ka\u017ed\u00e9 po\u0161kozen\u00ed zdokumentujte a zaznamenejte do dodac\u00edch dokument\u016f!","robots":{"index":"index","follow":"follow","max-snippet":"max-snippet:-1","max-image-preview":"max-image-preview:large","max-video-preview":"max-video-preview:-1"},"canonical":"https:\/\/kittec.eu\/cs\/servis\/dodavky\/","og_locale":"cs_CZ","og_type":"article","og_title":"Dod\u00e1vka KITTEC \u2013 Co d\u011blat v p\u0159\u00edpad\u011b po\u0161kozen\u00ed p\u0159i p\u0159eprav\u011b?","og_description":"P\u0159i dod\u00e1n\u00ed z\u00e1silky zkontrolujte, zda nen\u00ed po\u0161kozen\u00e1. Ka\u017ed\u00e9 po\u0161kozen\u00ed zdokumentujte a zaznamenejte do dodac\u00edch dokument\u016f!","og_url":"https:\/\/kittec.eu\/cs\/servis\/dodavky\/","og_site_name":"Kittec Brenn\u00f6fen bis 1800\u00b0C - Brennofen f\u00fcr Industrie und Handwerk","article_modified_time":"2026-02-01T18:02:24+00:00","og_image":[{"width":500,"height":400,"url":"https:\/\/kittec.eu\/wp-content\/uploads\/2025\/08\/kittec-service-korrekte-warenannahme.png","type":"image\/png"}],"twitter_card":"summary_large_image","twitter_misc":{"Odhadovan\u00e1 doba \u010dten\u00ed":"3 minuty"},"schema":{"@context":"https:\/\/schema.org","@graph":[{"@type":"WebPage","@id":"https:\/\/kittec.eu\/cs\/servis\/dodavky\/","url":"https:\/\/kittec.eu\/cs\/servis\/dodavky\/","name":"Dod\u00e1vka KITTEC \u2013 Co d\u011blat v p\u0159\u00edpad\u011b po\u0161kozen\u00ed p\u0159i p\u0159eprav\u011b?","isPartOf":{"@id":"https:\/\/kittec.eu\/cs\/#website"},"primaryImageOfPage":{"@id":"https:\/\/kittec.eu\/cs\/servis\/dodavky\/#primaryimage"},"image":{"@id":"https:\/\/kittec.eu\/cs\/servis\/dodavky\/#primaryimage"},"thumbnailUrl":"https:\/\/kittec.eu\/wp-content\/uploads\/2025\/08\/kittec-service-korrekte-warenannahme.png","datePublished":"2025-09-03T08:04:33+00:00","dateModified":"2026-02-01T18:02:24+00:00","description":"P\u0159i dod\u00e1n\u00ed z\u00e1silky zkontrolujte, zda nen\u00ed po\u0161kozen\u00e1. Ka\u017ed\u00e9 po\u0161kozen\u00ed zdokumentujte a zaznamenejte do dodac\u00edch dokument\u016f!","breadcrumb":{"@id":"https:\/\/kittec.eu\/cs\/servis\/dodavky\/#breadcrumb"},"inLanguage":"cs","potentialAction":[{"@type":"ReadAction","target":["https:\/\/kittec.eu\/cs\/servis\/dodavky\/"]}]},{"@type":"ImageObject","inLanguage":"cs","@id":"https:\/\/kittec.eu\/cs\/servis\/dodavky\/#primaryimage","url":"https:\/\/kittec.eu\/wp-content\/uploads\/2025\/08\/kittec-service-korrekte-warenannahme.png","contentUrl":"https:\/\/kittec.eu\/wp-content\/uploads\/2025\/08\/kittec-service-korrekte-warenannahme.png","width":500,"height":400},{"@type":"BreadcrumbList","@id":"https:\/\/kittec.eu\/cs\/servis\/dodavky\/#breadcrumb","itemListElement":[{"@type":"ListItem","position":1,"name":"Home","item":"https:\/\/kittec.eu\/cs\/"},{"@type":"ListItem","position":2,"name":"SERVIS","item":"https:\/\/kittec.eu\/cs\/servis\/"},{"@type":"ListItem","position":3,"name":"P\u0159ijet\u00ed dod\u00e1vky"}]},{"@type":"WebSite","@id":"https:\/\/kittec.eu\/cs\/#website","url":"https:\/\/kittec.eu\/cs\/","name":"Kittec Brenn\u00f6fen bis 1800\u00b0C - Brennofen f\u00fcr Industrie und Handwerk","description":"F\u00fcr jede Anwendung der passende Brennofen","publisher":{"@id":"https:\/\/kittec.eu\/cs\/#organization"},"potentialAction":[{"@type":"SearchAction","target":{"@type":"EntryPoint","urlTemplate":"https:\/\/kittec.eu\/cs\/?s={search_term_string}"},"query-input":{"@type":"PropertyValueSpecification","valueRequired":true,"valueName":"search_term_string"}}],"inLanguage":"cs"},{"@type":"Organization","@id":"https:\/\/kittec.eu\/cs\/#organization","name":"Kittec Brenn\u00f6fen bis 1800\u00b0C - Brennofen f\u00fcr Industrie und Handwerk","url":"https:\/\/kittec.eu\/cs\/","logo":{"@type":"ImageObject","inLanguage":"cs","@id":"https:\/\/kittec.eu\/cs\/#\/schema\/logo\/image\/","url":"https:\/\/kittec.eu\/wp-content\/uploads\/2025\/07\/logo.png","contentUrl":"https:\/\/kittec.eu\/wp-content\/uploads\/2025\/07\/logo.png","width":150,"height":53,"caption":"Kittec Brenn\u00f6fen bis 1800\u00b0C - Brennofen f\u00fcr Industrie und Handwerk"},"image":{"@id":"https:\/\/kittec.eu\/cs\/#\/schema\/logo\/image\/"}}]}},"_links":{"self":[{"href":"https:\/\/kittec.eu\/cs\/wp-json\/wp\/v2\/pages\/52860","targetHints":{"allow":["GET"]}}],"collection":[{"href":"https:\/\/kittec.eu\/cs\/wp-json\/wp\/v2\/pages"}],"about":[{"href":"https:\/\/kittec.eu\/cs\/wp-json\/wp\/v2\/types\/page"}],"author":[{"embeddable":true,"href":"https:\/\/kittec.eu\/cs\/wp-json\/wp\/v2\/users\/20"}],"replies":[{"embeddable":true,"href":"https:\/\/kittec.eu\/cs\/wp-json\/wp\/v2\/comments?post=52860"}],"version-history":[{"count":3,"href":"https:\/\/kittec.eu\/cs\/wp-json\/wp\/v2\/pages\/52860\/revisions"}],"predecessor-version":[{"id":58805,"href":"https:\/\/kittec.eu\/cs\/wp-json\/wp\/v2\/pages\/52860\/revisions\/58805"}],"up":[{"embeddable":true,"href":"https:\/\/kittec.eu\/cs\/wp-json\/wp\/v2\/pages\/52774"}],"wp:featuredmedia":[{"embeddable":true,"href":"https:\/\/kittec.eu\/cs\/wp-json\/wp\/v2\/media\/38093"}],"wp:attachment":[{"href":"https:\/\/kittec.eu\/cs\/wp-json\/wp\/v2\/media?parent=52860"}],"wp:term":[{"taxonomy":"folder","embeddable":true,"href":"https:\/\/kittec.eu\/cs\/wp-json\/wp\/v2\/folder?post=52860"}],"curies":[{"name":"wp","href":"https:\/\/api.w.org\/{rel}","templated":true}]}}