{"id":53535,"date":"2025-09-10T08:52:42","date_gmt":"2025-09-10T06:52:42","guid":{"rendered":"https:\/\/kittec.eu\/servis\/aplikace\/prezah-nebo-vypalovani-biskvitu\/"},"modified":"2026-02-09T14:07:22","modified_gmt":"2026-02-09T13:07:22","slug":"prezah-nebo-vypalovani-biskvitu","status":"publish","type":"page","link":"https:\/\/kittec.eu\/cs\/servis\/aplikace\/prezah-nebo-vypalovani-biskvitu\/","title":{"rendered":"P\u0159e\u017eah nebo vypalov\u00e1n\u00ed biskvitu"},"content":{"rendered":"\n<div class=\"wp-block-group\"><div class=\"wp-block-group__inner-container is-layout-constrained wp-block-group-is-layout-constrained\">\n<div style=\"height:50px\" aria-hidden=\"true\" class=\"wp-block-spacer\"><\/div>\n\n\n\n<div class=\"wp-block-columns is-layout-flex wp-container-core-columns-is-layout-9d6595d7 wp-block-columns-is-layout-flex\">\n<div class=\"wp-block-column is-layout-flow wp-block-column-is-layout-flow\" style=\"flex-basis:66.66%\">\n<p style=\"font-size:15px\">Pod pojmem p\u0159e\u017eah nebo vypalov\u00e1n\u00ed biskvitu, tak\u00e9 zah\u0159\u00edvac\u00ed nebo hrub\u00e9 vypalov\u00e1n\u00ed, rozum\u00edme prvn\u00ed vypalov\u00e1n\u00ed keramick\u00fdch v\u00fdrobk\u016f, tzn. vypalov\u00e1n\u00ed usu\u0161en\u00e9, neglazovan\u00e9 keramiky.<\/p>\n\n\n\n<p style=\"font-size:15px\">P\u0159i p\u0159e\u017eahu nebo vypalov\u00e1n\u00ed biskvitu nen\u00ed uspo\u0159\u00e1d\u00e1n\u00ed vypalovan\u00fdch kousk\u016f d\u016fle\u017eit\u00e9: Mohou se navz\u00e1jem dot\u00fdkat a b\u00fdt pokl\u00e1d\u00e1ny na sebe. <\/p>\n\n\n\n<p style=\"font-size:15px\">Za pou\u017eit\u00ed podp\u011br a \u017e\u00e1ruvzdorn\u00fdch desek m\u016f\u017eete v\u00fdrobky v peci um\u00edstit i do pater.<\/p>\n<\/div>\n\n\n\n<div class=\"wp-block-column is-layout-flow wp-block-column-is-layout-flow\" style=\"flex-basis:33.33%\">\n<figure class=\"wp-block-image size-full\"><img loading=\"lazy\" decoding=\"async\" width=\"900\" height=\"640\" src=\"https:\/\/kittec.eu\/wp-content\/uploads\/2025\/08\/schrueh-bisquitbrand-900x640-1.jpg\" alt=\"\" class=\"wp-image-37621\" srcset=\"https:\/\/kittec.eu\/wp-content\/uploads\/2025\/08\/schrueh-bisquitbrand-900x640-1.jpg 900w, https:\/\/kittec.eu\/wp-content\/uploads\/2025\/08\/schrueh-bisquitbrand-900x640-1-300x213.jpg 300w, https:\/\/kittec.eu\/wp-content\/uploads\/2025\/08\/schrueh-bisquitbrand-900x640-1-768x546.jpg 768w\" sizes=\"auto, (max-width: 900px) 100vw, 900px\" \/><\/figure>\n<\/div>\n<\/div>\n\n\n\n<div style=\"height:50px\" aria-hidden=\"true\" class=\"wp-block-spacer\"><\/div>\n\n\n\n<p style=\"font-size:15px\"><strong>KITTEC samoz\u0159ejm\u011b nab\u00edz\u00ed tak\u00e9 pece vhodn\u00e9 pro p\u0159e\u017eah nebo vypalov\u00e1n\u00ed biskvitu.<\/strong> V na\u0161em p\u0159ehledu v\u00fdrobk\u016f najdete nap\u0159. poklopov\u00e9 a komorov\u00e9 pece. V t\u00e9to souvislosti bychom v\u00e1s r\u00e1di upozornili p\u0159edev\u0161\u00edm na na\u0161e modelov\u00e9 \u0159ady <a href=\"https:\/\/kittec.eu\/cs\/produkty\/classic-line\/elektricke-poklopove-pece-cb\/\" type=\"page\" id=\"54850\">CB<\/a>, <a href=\"https:\/\/kittec.eu\/cs\/produkty\/classic-line\/elektricke-poklopove-pece-sq\/\" type=\"page\" id=\"54943\">SQ<\/a>, <a href=\"https:\/\/kittec.eu\/cs\/produkty\/studio-line\/elektricke-poklopove-pece-eco\/\" type=\"page\" id=\"55034\">ECO<\/a> a <a href=\"https:\/\/kittec.eu\/cs\/produkty\/professional-line\/elektricke-poklopove-pece-x\/\" type=\"page\" id=\"55328\">modelov\u00e9 \u0159ady X<\/a>.<\/p>\n\n\n\n<div style=\"height:50px\" aria-hidden=\"true\" class=\"wp-block-spacer\"><\/div>\n\n\n\n<div class=\"wp-block-columns is-layout-flex wp-container-core-columns-is-layout-9d6595d7 wp-block-columns-is-layout-flex\">\n<div class=\"wp-block-column is-vertically-aligned-center is-layout-flow wp-block-column-is-layout-flow\"><div class=\"wp-block-image\">\n<figure class=\"aligncenter size-full is-resized\"><img loading=\"lazy\" decoding=\"async\" width=\"640\" height=\"640\" src=\"https:\/\/kittec.eu\/wp-content\/uploads\/2025\/08\/CB_95_Plus_13762_640x640px.jpg\" alt=\"\" class=\"wp-image-37298\" style=\"width:238px\" srcset=\"https:\/\/kittec.eu\/wp-content\/uploads\/2025\/08\/CB_95_Plus_13762_640x640px.jpg 640w, https:\/\/kittec.eu\/wp-content\/uploads\/2025\/08\/CB_95_Plus_13762_640x640px-300x300.jpg 300w, https:\/\/kittec.eu\/wp-content\/uploads\/2025\/08\/CB_95_Plus_13762_640x640px-150x150.jpg 150w\" sizes=\"auto, (max-width: 640px) 100vw, 640px\" \/><\/figure>\n<\/div>\n\n\n<div style=\"height:10px\" aria-hidden=\"true\" class=\"wp-block-spacer\"><\/div>\n\n\n\n<div class=\"wp-block-buttons is-content-justification-center is-layout-flex wp-container-core-buttons-is-layout-16018d1d wp-block-buttons-is-layout-flex\">\n<div class=\"wp-block-button\"><a class=\"wp-block-button__link wp-element-button\" href=\"https:\/\/kittec.eu\/cs\/produkty\/classic-line\/elektricke-poklopove-pece-cb\/\">Modelov\u00e1 \u0159ada cb<\/a><\/div>\n<\/div>\n<\/div>\n\n\n\n<div class=\"wp-block-column is-vertically-aligned-center is-layout-flow wp-block-column-is-layout-flow\"><div class=\"wp-block-image\">\n<figure class=\"aligncenter size-full is-resized\"><img loading=\"lazy\" decoding=\"async\" width=\"640\" height=\"640\" src=\"https:\/\/kittec.eu\/wp-content\/uploads\/2025\/08\/kittec-brennofen-sq-mit-ring.jpg\" alt=\"\" class=\"wp-image-37838\" style=\"width:238px\" srcset=\"https:\/\/kittec.eu\/wp-content\/uploads\/2025\/08\/kittec-brennofen-sq-mit-ring.jpg 640w, https:\/\/kittec.eu\/wp-content\/uploads\/2025\/08\/kittec-brennofen-sq-mit-ring-300x300.jpg 300w, https:\/\/kittec.eu\/wp-content\/uploads\/2025\/08\/kittec-brennofen-sq-mit-ring-150x150.jpg 150w\" sizes=\"auto, (max-width: 640px) 100vw, 640px\" \/><\/figure>\n<\/div>\n\n\n<div style=\"height:10px\" aria-hidden=\"true\" class=\"wp-block-spacer\"><\/div>\n\n\n\n<div class=\"wp-block-buttons is-content-justification-center is-layout-flex wp-container-core-buttons-is-layout-16018d1d wp-block-buttons-is-layout-flex\">\n<div class=\"wp-block-button\"><a class=\"wp-block-button__link wp-element-button\" href=\"https:\/\/kittec.eu\/cs\/produkty\/classic-line\/elektricke-poklopove-pece-sq\/\">Modelov\u00e1 \u0159ada sq<\/a><\/div>\n<\/div>\n<\/div>\n\n\n\n<div class=\"wp-block-column is-vertically-aligned-center is-layout-flow wp-block-column-is-layout-flow\"><div class=\"wp-block-image\">\n<figure class=\"aligncenter size-full is-resized\"><img loading=\"lazy\" decoding=\"async\" width=\"640\" height=\"640\" src=\"https:\/\/kittec.eu\/wp-content\/uploads\/2025\/08\/ECO_185S_HiRes_RGB_2021_640pxNeu.png\" alt=\"\" class=\"wp-image-51747\" style=\"width:238px\" srcset=\"https:\/\/kittec.eu\/wp-content\/uploads\/2025\/08\/ECO_185S_HiRes_RGB_2021_640pxNeu.png 640w, https:\/\/kittec.eu\/wp-content\/uploads\/2025\/08\/ECO_185S_HiRes_RGB_2021_640pxNeu-300x300.png 300w, https:\/\/kittec.eu\/wp-content\/uploads\/2025\/08\/ECO_185S_HiRes_RGB_2021_640pxNeu-150x150.png 150w\" sizes=\"auto, (max-width: 640px) 100vw, 640px\" \/><\/figure>\n<\/div>\n\n\n<div style=\"height:10px\" aria-hidden=\"true\" class=\"wp-block-spacer\"><\/div>\n\n\n\n<div class=\"wp-block-buttons is-content-justification-center is-layout-flex wp-container-core-buttons-is-layout-16018d1d wp-block-buttons-is-layout-flex\">\n<div class=\"wp-block-button\"><a class=\"wp-block-button__link wp-element-button\" href=\"https:\/\/kittec.eu\/cs\/produkty\/studio-line\/elektricke-poklopove-pece-eco\/\">Modelov\u00e1 \u0159ada eco<\/a><\/div>\n<\/div>\n<\/div>\n\n\n\n<div class=\"wp-block-column is-layout-flow wp-block-column-is-layout-flow\"><div class=\"wp-block-image\">\n<figure class=\"aligncenter size-full is-resized\"><img loading=\"lazy\" decoding=\"async\" width=\"640\" height=\"640\" src=\"https:\/\/kittec.eu\/wp-content\/uploads\/2025\/08\/X_55_offen_Professional-Line-Schrift2021_RGB_640x640.jpg\" alt=\"\" class=\"wp-image-37457\" style=\"width:238px\" srcset=\"https:\/\/kittec.eu\/wp-content\/uploads\/2025\/08\/X_55_offen_Professional-Line-Schrift2021_RGB_640x640.jpg 640w, https:\/\/kittec.eu\/wp-content\/uploads\/2025\/08\/X_55_offen_Professional-Line-Schrift2021_RGB_640x640-300x300.jpg 300w, https:\/\/kittec.eu\/wp-content\/uploads\/2025\/08\/X_55_offen_Professional-Line-Schrift2021_RGB_640x640-150x150.jpg 150w\" sizes=\"auto, (max-width: 640px) 100vw, 640px\" \/><\/figure>\n<\/div>\n\n\n<div style=\"height:10px\" aria-hidden=\"true\" class=\"wp-block-spacer\"><\/div>\n\n\n\n<div class=\"wp-block-buttons is-content-justification-center is-layout-flex wp-container-core-buttons-is-layout-16018d1d wp-block-buttons-is-layout-flex\">\n<div class=\"wp-block-button\"><a class=\"wp-block-button__link wp-element-button\" href=\"https:\/\/kittec.eu\/cs\/produkty\/professional-line\/elektricke-poklopove-pece-x\/\">Modelov\u00e1 \u0159ada x<\/a><\/div>\n<\/div>\n<\/div>\n<\/div>\n\n\n\n<div style=\"height:50px\" aria-hidden=\"true\" class=\"wp-block-spacer\"><\/div>\n\n\n\n<p style=\"font-size:15px\">V z\u00e1vislosti na pou\u017eit\u00ed m\u016f\u017eeme pro v\u00e1s vyvinout ve spolupr\u00e1ci s na\u0161\u00edm odd\u011blen\u00edm speci\u00e1ln\u00edch konstrukc\u00ed i zcela individu\u00e1ln\u00ed \u0159e\u0161en\u00ed. Na\u0161i odborn\u00edci <a href=\"https:\/\/kittec.eu\/cs\/servis\/\">v\u00e1m r\u00e1di individu\u00e1ln\u011b porad\u00ed<\/a> a pomohou naj\u00edt vhodn\u00e9 \u0159e\u0161en\u00ed v na\u0161\u00ed \u0161irok\u00e9 nab\u00eddce v\u00fdrobk\u016f. <\/p>\n\n\n\n<p style=\"font-size:15px\"><strong>Ji\u017e v\u00edce ne\u017e 40 let se specializujeme na v\u00fdrobu pec\u00ed pro nejr\u016fzn\u011bj\u0161\u00ed oblasti vyu\u017eit\u00ed \u2013 od soukrom\u00e9 sf\u00e9ry a\u017e po pr\u016fmyslovou v\u00fdrobu.<\/strong> <a href=\"https:\/\/kittec.eu\/cs\/servis\/\">R\u00e1di v\u00e1m osobn\u011b porad\u00edme, <\/a>kter\u00e1 z na\u0161ich pec\u00ed je pro va\u0161e pot\u0159eby nejvhodn\u011bj\u0161\u00ed. Pece v na\u0161\u00ed nab\u00eddce se li\u0161\u00ed konstrukc\u00ed, velikost\u00ed a po\u017eadovan\u00fdm rozsahem teplot. N\u00e1\u0161 v\u00fdb\u011br pec\u00ed se li\u0161\u00ed designem, velikost\u00ed a po\u017eadovan\u00fdm teplotn\u00edm rozsahem.<\/p>\n\n\n\n<div style=\"height:30px\" aria-hidden=\"true\" class=\"wp-block-spacer\"><\/div>\n\n\n\n<div class=\"wp-block-buttons is-content-justification-left is-layout-flex wp-container-core-buttons-is-layout-fdcfc74e wp-block-buttons-is-layout-flex\">\n<div class=\"wp-block-button\"><a class=\"wp-block-button__link wp-element-button\" href=\"https:\/\/kittec.eu\/cs\/kontakt\/\">kontaktujte n\u00e1s<\/a><\/div>\n<\/div>\n\n\n\n<div style=\"height:150px\" aria-hidden=\"true\" class=\"wp-block-spacer\"><\/div>\n<\/div><\/div>\n","protected":false},"excerpt":{"rendered":"","protected":false},"author":2,"featured_media":37622,"parent":53291,"menu_order":0,"comment_status":"closed","ping_status":"closed","template":"","meta":{"_acf_changed":false,"inline_featured_image":false,"iawp_total_views":17,"footnotes":""},"folder":[91],"class_list":["post-53535","page","type-page","status-publish","has-post-thumbnail","hentry"],"acf":[],"yoast_head":"<!-- This site is optimized with the Yoast SEO plugin v27.2 - https:\/\/yoast.com\/product\/yoast-seo-wordpress\/ -->\n<title>Vypalov\u00e1n\u00ed biskuitu \u2013 vypalov\u00e1n\u00ed keramick\u00fdch v\u00fdrobk\u016f<\/title>\n<meta name=\"description\" content=\"Prvn\u00ed vypalov\u00e1n\u00ed keramick\u00fdch v\u00fdrobk\u016f se naz\u00fdv\u00e1 Schr\u00fch- nebo Bisquitbrand, tak\u00e9 Gl\u00fch- nebo Rauhbrand. \u27a1\ufe0f Zjist\u011bte v\u00edce NYN\u00cd!\" \/>\n<meta name=\"robots\" content=\"index, follow, max-snippet:-1, max-image-preview:large, max-video-preview:-1\" \/>\n<link rel=\"canonical\" href=\"https:\/\/kittec.eu\/cs\/servis\/aplikace\/prezah-nebo-vypalovani-biskvitu\/\" \/>\n<meta property=\"og:locale\" content=\"cs_CZ\" \/>\n<meta property=\"og:type\" content=\"article\" \/>\n<meta property=\"og:title\" content=\"Vypalov\u00e1n\u00ed biskuitu \u2013 vypalov\u00e1n\u00ed keramick\u00fdch v\u00fdrobk\u016f\" \/>\n<meta property=\"og:description\" content=\"Prvn\u00ed vypalov\u00e1n\u00ed keramick\u00fdch v\u00fdrobk\u016f se naz\u00fdv\u00e1 Schr\u00fch- nebo Bisquitbrand, tak\u00e9 Gl\u00fch- nebo Rauhbrand. \u27a1\ufe0f Zjist\u011bte v\u00edce NYN\u00cd!\" \/>\n<meta property=\"og:url\" content=\"https:\/\/kittec.eu\/cs\/servis\/aplikace\/prezah-nebo-vypalovani-biskvitu\/\" \/>\n<meta property=\"og:site_name\" content=\"Kittec Brenn\u00f6fen bis 1800\u00b0C - Brennofen f\u00fcr Industrie und Handwerk\" \/>\n<meta property=\"article:modified_time\" content=\"2026-02-09T13:07:22+00:00\" \/>\n<meta property=\"og:image\" content=\"https:\/\/kittec.eu\/wp-content\/uploads\/2025\/08\/schrueh-bisquitbrand-900x640-1.jpg\" \/>\n\t<meta property=\"og:image:width\" content=\"900\" \/>\n\t<meta property=\"og:image:height\" content=\"640\" \/>\n\t<meta property=\"og:image:type\" content=\"image\/jpeg\" \/>\n<meta name=\"twitter:card\" content=\"summary_large_image\" \/>\n<meta name=\"twitter:label1\" content=\"Odhadovan\u00e1 doba \u010dten\u00ed\" \/>\n\t<meta name=\"twitter:data1\" content=\"3 minuty\" \/>\n<script type=\"application\/ld+json\" class=\"yoast-schema-graph\">{\"@context\":\"https:\/\/schema.org\",\"@graph\":[{\"@type\":\"WebPage\",\"@id\":\"https:\/\/kittec.eu\/cs\/servis\/aplikace\/prezah-nebo-vypalovani-biskvitu\/\",\"url\":\"https:\/\/kittec.eu\/cs\/servis\/aplikace\/prezah-nebo-vypalovani-biskvitu\/\",\"name\":\"Vypalov\u00e1n\u00ed biskuitu \u2013 vypalov\u00e1n\u00ed keramick\u00fdch v\u00fdrobk\u016f\",\"isPartOf\":{\"@id\":\"https:\/\/kittec.eu\/cs\/#website\"},\"primaryImageOfPage\":{\"@id\":\"https:\/\/kittec.eu\/cs\/servis\/aplikace\/prezah-nebo-vypalovani-biskvitu\/#primaryimage\"},\"image\":{\"@id\":\"https:\/\/kittec.eu\/cs\/servis\/aplikace\/prezah-nebo-vypalovani-biskvitu\/#primaryimage\"},\"thumbnailUrl\":\"https:\/\/kittec.eu\/wp-content\/uploads\/2025\/08\/schrueh-bisquitbrand-900x640-1.jpg\",\"datePublished\":\"2025-09-10T06:52:42+00:00\",\"dateModified\":\"2026-02-09T13:07:22+00:00\",\"description\":\"Prvn\u00ed vypalov\u00e1n\u00ed keramick\u00fdch v\u00fdrobk\u016f se naz\u00fdv\u00e1 Schr\u00fch- nebo Bisquitbrand, tak\u00e9 Gl\u00fch- nebo Rauhbrand. \u27a1\ufe0f Zjist\u011bte v\u00edce NYN\u00cd!\",\"breadcrumb\":{\"@id\":\"https:\/\/kittec.eu\/cs\/servis\/aplikace\/prezah-nebo-vypalovani-biskvitu\/#breadcrumb\"},\"inLanguage\":\"cs\",\"potentialAction\":[{\"@type\":\"ReadAction\",\"target\":[\"https:\/\/kittec.eu\/cs\/servis\/aplikace\/prezah-nebo-vypalovani-biskvitu\/\"]}]},{\"@type\":\"ImageObject\",\"inLanguage\":\"cs\",\"@id\":\"https:\/\/kittec.eu\/cs\/servis\/aplikace\/prezah-nebo-vypalovani-biskvitu\/#primaryimage\",\"url\":\"https:\/\/kittec.eu\/wp-content\/uploads\/2025\/08\/schrueh-bisquitbrand-900x640-1.jpg\",\"contentUrl\":\"https:\/\/kittec.eu\/wp-content\/uploads\/2025\/08\/schrueh-bisquitbrand-900x640-1.jpg\",\"width\":900,\"height\":640},{\"@type\":\"BreadcrumbList\",\"@id\":\"https:\/\/kittec.eu\/cs\/servis\/aplikace\/prezah-nebo-vypalovani-biskvitu\/#breadcrumb\",\"itemListElement\":[{\"@type\":\"ListItem\",\"position\":1,\"name\":\"Home\",\"item\":\"https:\/\/kittec.eu\/cs\/\"},{\"@type\":\"ListItem\",\"position\":2,\"name\":\"SERVIS\",\"item\":\"https:\/\/kittec.eu\/cs\/servis\/\"},{\"@type\":\"ListItem\",\"position\":3,\"name\":\"APLIKACE\",\"item\":\"https:\/\/kittec.eu\/cs\/servis\/aplikace\/\"},{\"@type\":\"ListItem\",\"position\":4,\"name\":\"P\u0159e\u017eah nebo vypalov\u00e1n\u00ed biskvitu\"}]},{\"@type\":\"WebSite\",\"@id\":\"https:\/\/kittec.eu\/cs\/#website\",\"url\":\"https:\/\/kittec.eu\/cs\/\",\"name\":\"Kittec Brenn\u00f6fen bis 1800\u00b0C - Brennofen f\u00fcr Industrie und Handwerk\",\"description\":\"F\u00fcr jede Anwendung der passende Brennofen\",\"publisher\":{\"@id\":\"https:\/\/kittec.eu\/cs\/#organization\"},\"potentialAction\":[{\"@type\":\"SearchAction\",\"target\":{\"@type\":\"EntryPoint\",\"urlTemplate\":\"https:\/\/kittec.eu\/cs\/?s={search_term_string}\"},\"query-input\":{\"@type\":\"PropertyValueSpecification\",\"valueRequired\":true,\"valueName\":\"search_term_string\"}}],\"inLanguage\":\"cs\"},{\"@type\":\"Organization\",\"@id\":\"https:\/\/kittec.eu\/cs\/#organization\",\"name\":\"Kittec Brenn\u00f6fen bis 1800\u00b0C - Brennofen f\u00fcr Industrie und Handwerk\",\"url\":\"https:\/\/kittec.eu\/cs\/\",\"logo\":{\"@type\":\"ImageObject\",\"inLanguage\":\"cs\",\"@id\":\"https:\/\/kittec.eu\/cs\/#\/schema\/logo\/image\/\",\"url\":\"https:\/\/kittec.eu\/wp-content\/uploads\/2025\/07\/logo.png\",\"contentUrl\":\"https:\/\/kittec.eu\/wp-content\/uploads\/2025\/07\/logo.png\",\"width\":150,\"height\":53,\"caption\":\"Kittec Brenn\u00f6fen bis 1800\u00b0C - Brennofen f\u00fcr Industrie und Handwerk\"},\"image\":{\"@id\":\"https:\/\/kittec.eu\/cs\/#\/schema\/logo\/image\/\"}}]}<\/script>\n<!-- \/ Yoast SEO plugin. -->","yoast_head_json":{"title":"Vypalov\u00e1n\u00ed biskuitu \u2013 vypalov\u00e1n\u00ed keramick\u00fdch v\u00fdrobk\u016f","description":"Prvn\u00ed vypalov\u00e1n\u00ed keramick\u00fdch v\u00fdrobk\u016f se naz\u00fdv\u00e1 Schr\u00fch- nebo Bisquitbrand, tak\u00e9 Gl\u00fch- nebo Rauhbrand. \u27a1\ufe0f Zjist\u011bte v\u00edce NYN\u00cd!","robots":{"index":"index","follow":"follow","max-snippet":"max-snippet:-1","max-image-preview":"max-image-preview:large","max-video-preview":"max-video-preview:-1"},"canonical":"https:\/\/kittec.eu\/cs\/servis\/aplikace\/prezah-nebo-vypalovani-biskvitu\/","og_locale":"cs_CZ","og_type":"article","og_title":"Vypalov\u00e1n\u00ed biskuitu \u2013 vypalov\u00e1n\u00ed keramick\u00fdch v\u00fdrobk\u016f","og_description":"Prvn\u00ed vypalov\u00e1n\u00ed keramick\u00fdch v\u00fdrobk\u016f se naz\u00fdv\u00e1 Schr\u00fch- nebo Bisquitbrand, tak\u00e9 Gl\u00fch- nebo Rauhbrand. \u27a1\ufe0f Zjist\u011bte v\u00edce NYN\u00cd!","og_url":"https:\/\/kittec.eu\/cs\/servis\/aplikace\/prezah-nebo-vypalovani-biskvitu\/","og_site_name":"Kittec Brenn\u00f6fen bis 1800\u00b0C - Brennofen f\u00fcr Industrie und Handwerk","article_modified_time":"2026-02-09T13:07:22+00:00","og_image":[{"width":900,"height":640,"url":"https:\/\/kittec.eu\/wp-content\/uploads\/2025\/08\/schrueh-bisquitbrand-900x640-1.jpg","type":"image\/jpeg"}],"twitter_card":"summary_large_image","twitter_misc":{"Odhadovan\u00e1 doba \u010dten\u00ed":"3 minuty"},"schema":{"@context":"https:\/\/schema.org","@graph":[{"@type":"WebPage","@id":"https:\/\/kittec.eu\/cs\/servis\/aplikace\/prezah-nebo-vypalovani-biskvitu\/","url":"https:\/\/kittec.eu\/cs\/servis\/aplikace\/prezah-nebo-vypalovani-biskvitu\/","name":"Vypalov\u00e1n\u00ed biskuitu \u2013 vypalov\u00e1n\u00ed keramick\u00fdch v\u00fdrobk\u016f","isPartOf":{"@id":"https:\/\/kittec.eu\/cs\/#website"},"primaryImageOfPage":{"@id":"https:\/\/kittec.eu\/cs\/servis\/aplikace\/prezah-nebo-vypalovani-biskvitu\/#primaryimage"},"image":{"@id":"https:\/\/kittec.eu\/cs\/servis\/aplikace\/prezah-nebo-vypalovani-biskvitu\/#primaryimage"},"thumbnailUrl":"https:\/\/kittec.eu\/wp-content\/uploads\/2025\/08\/schrueh-bisquitbrand-900x640-1.jpg","datePublished":"2025-09-10T06:52:42+00:00","dateModified":"2026-02-09T13:07:22+00:00","description":"Prvn\u00ed vypalov\u00e1n\u00ed keramick\u00fdch v\u00fdrobk\u016f se naz\u00fdv\u00e1 Schr\u00fch- nebo Bisquitbrand, tak\u00e9 Gl\u00fch- nebo Rauhbrand. \u27a1\ufe0f Zjist\u011bte v\u00edce NYN\u00cd!","breadcrumb":{"@id":"https:\/\/kittec.eu\/cs\/servis\/aplikace\/prezah-nebo-vypalovani-biskvitu\/#breadcrumb"},"inLanguage":"cs","potentialAction":[{"@type":"ReadAction","target":["https:\/\/kittec.eu\/cs\/servis\/aplikace\/prezah-nebo-vypalovani-biskvitu\/"]}]},{"@type":"ImageObject","inLanguage":"cs","@id":"https:\/\/kittec.eu\/cs\/servis\/aplikace\/prezah-nebo-vypalovani-biskvitu\/#primaryimage","url":"https:\/\/kittec.eu\/wp-content\/uploads\/2025\/08\/schrueh-bisquitbrand-900x640-1.jpg","contentUrl":"https:\/\/kittec.eu\/wp-content\/uploads\/2025\/08\/schrueh-bisquitbrand-900x640-1.jpg","width":900,"height":640},{"@type":"BreadcrumbList","@id":"https:\/\/kittec.eu\/cs\/servis\/aplikace\/prezah-nebo-vypalovani-biskvitu\/#breadcrumb","itemListElement":[{"@type":"ListItem","position":1,"name":"Home","item":"https:\/\/kittec.eu\/cs\/"},{"@type":"ListItem","position":2,"name":"SERVIS","item":"https:\/\/kittec.eu\/cs\/servis\/"},{"@type":"ListItem","position":3,"name":"APLIKACE","item":"https:\/\/kittec.eu\/cs\/servis\/aplikace\/"},{"@type":"ListItem","position":4,"name":"P\u0159e\u017eah nebo vypalov\u00e1n\u00ed biskvitu"}]},{"@type":"WebSite","@id":"https:\/\/kittec.eu\/cs\/#website","url":"https:\/\/kittec.eu\/cs\/","name":"Kittec Brenn\u00f6fen bis 1800\u00b0C - Brennofen f\u00fcr Industrie und Handwerk","description":"F\u00fcr jede Anwendung der passende Brennofen","publisher":{"@id":"https:\/\/kittec.eu\/cs\/#organization"},"potentialAction":[{"@type":"SearchAction","target":{"@type":"EntryPoint","urlTemplate":"https:\/\/kittec.eu\/cs\/?s={search_term_string}"},"query-input":{"@type":"PropertyValueSpecification","valueRequired":true,"valueName":"search_term_string"}}],"inLanguage":"cs"},{"@type":"Organization","@id":"https:\/\/kittec.eu\/cs\/#organization","name":"Kittec Brenn\u00f6fen bis 1800\u00b0C - Brennofen f\u00fcr Industrie und Handwerk","url":"https:\/\/kittec.eu\/cs\/","logo":{"@type":"ImageObject","inLanguage":"cs","@id":"https:\/\/kittec.eu\/cs\/#\/schema\/logo\/image\/","url":"https:\/\/kittec.eu\/wp-content\/uploads\/2025\/07\/logo.png","contentUrl":"https:\/\/kittec.eu\/wp-content\/uploads\/2025\/07\/logo.png","width":150,"height":53,"caption":"Kittec Brenn\u00f6fen bis 1800\u00b0C - Brennofen f\u00fcr Industrie und Handwerk"},"image":{"@id":"https:\/\/kittec.eu\/cs\/#\/schema\/logo\/image\/"}}]}},"_links":{"self":[{"href":"https:\/\/kittec.eu\/cs\/wp-json\/wp\/v2\/pages\/53535","targetHints":{"allow":["GET"]}}],"collection":[{"href":"https:\/\/kittec.eu\/cs\/wp-json\/wp\/v2\/pages"}],"about":[{"href":"https:\/\/kittec.eu\/cs\/wp-json\/wp\/v2\/types\/page"}],"author":[{"embeddable":true,"href":"https:\/\/kittec.eu\/cs\/wp-json\/wp\/v2\/users\/2"}],"replies":[{"embeddable":true,"href":"https:\/\/kittec.eu\/cs\/wp-json\/wp\/v2\/comments?post=53535"}],"version-history":[{"count":5,"href":"https:\/\/kittec.eu\/cs\/wp-json\/wp\/v2\/pages\/53535\/revisions"}],"predecessor-version":[{"id":59198,"href":"https:\/\/kittec.eu\/cs\/wp-json\/wp\/v2\/pages\/53535\/revisions\/59198"}],"up":[{"embeddable":true,"href":"https:\/\/kittec.eu\/cs\/wp-json\/wp\/v2\/pages\/53291"}],"wp:featuredmedia":[{"embeddable":true,"href":"https:\/\/kittec.eu\/cs\/wp-json\/wp\/v2\/media\/37622"}],"wp:attachment":[{"href":"https:\/\/kittec.eu\/cs\/wp-json\/wp\/v2\/media?parent=53535"}],"wp:term":[{"taxonomy":"folder","embeddable":true,"href":"https:\/\/kittec.eu\/cs\/wp-json\/wp\/v2\/folder?post=53535"}],"curies":[{"name":"wp","href":"https:\/\/api.w.org\/{rel}","templated":true}]}}