{"id":53586,"date":"2025-08-13T11:40:46","date_gmt":"2025-08-13T09:40:46","guid":{"rendered":"https:\/\/kittec.eu\/servis\/aplikace\/feritizace\/"},"modified":"2026-02-09T15:03:23","modified_gmt":"2026-02-09T14:03:23","slug":"feritizace","status":"publish","type":"page","link":"https:\/\/kittec.eu\/cs\/servis\/aplikace\/feritizace\/","title":{"rendered":"Feritizace"},"content":{"rendered":"\n<p>Feritizace se pou\u017e\u00edv\u00e1 hlavn\u011b u litinov\u00fdch obrobk\u016f k dosa\u017een\u00ed m\u011bkk\u00e9 feritick\u00e9 struktury, kter\u00e1 m\u016f\u017ee b\u00fdt \u017e\u00e1douc\u00ed nap\u0159. p\u0159i dal\u0161\u00edm obr\u00e1b\u011bn\u00ed.<\/p>\n\n\n\n<div style=\"height:50px\" aria-hidden=\"true\" class=\"wp-block-spacer\"><\/div>\n\n\n\n<div class=\"wp-block-columns is-layout-flex wp-container-core-columns-is-layout-9d6595d7 wp-block-columns-is-layout-flex\">\n<div class=\"wp-block-column is-layout-flow wp-block-column-is-layout-flow\" style=\"flex-basis:66.66%\">\n<p>Rychl\u00e9 ochlazen\u00ed odlitk\u016f m\u016f\u017ee v\u00e9st k tvorb\u011b perlitu, tj. sm\u011bsi feritu a cementitu. Obrobek se \u017e\u00edh\u00e1 dostate\u010dn\u011b dlouhou dobu p\u0159i vhodn\u00e9 teplot\u011b, aby se cementit v perlitu p\u0159em\u011bnil na ferit. Pomal\u00e9 ochlazov\u00e1n\u00ed zabra\u0148uje dal\u0161\u00ed p\u0159em\u011bn\u011b na perlit. <\/p>\n\n\n\n<p>V z\u00e1vislosti na slo\u017een\u00ed v\u00fdchoz\u00edho materi\u00e1lu prob\u00edh\u00e1 \u017e\u00edh\u00e1n\u00ed v r\u016fzn\u00fdch rozsaz\u00edch teplot, nap\u0159. mezi 700\u00b0 a 760\u00b0C, ale n\u011bkdy tak\u00e9 mezi 800 a cca 1000\u00b0C. Zejm\u00e9na v rozsahu od 800 do 680\u00b0C je d\u016fle\u017eit\u00e9, aby ochlazov\u00e1n\u00ed prob\u00edhalo pomalu rychlost\u00ed p\u0159ibli\u017en\u011b 10 a\u017e 20\u00b0C za hodinu, co\u017e vy\u017eaduje vhodn\u011b naprogramovan\u00e9 ovl\u00e1dac\u00ed za\u0159\u00edzen\u00ed teploty v peci. <\/p>\n<\/div>\n\n\n\n<div class=\"wp-block-column is-layout-flow wp-block-column-is-layout-flow\" style=\"flex-basis:33.33%\">\n<figure class=\"wp-block-image size-full\"><img decoding=\"async\" src=\"https:\/\/kittec.eu\/wp-content\/uploads\/2025\/08\/Ferritisieren_shutterstock_692430253-2.png\" alt=\"\" class=\"wp-image-36457\"\/><\/figure>\n<\/div>\n<\/div>\n\n\n\n<div style=\"height:50px\" aria-hidden=\"true\" class=\"wp-block-spacer\"><\/div>\n\n\n\n<p><strong>KITTEC samoz\u0159ejm\u011b nab\u00edz\u00ed tak\u00e9 vhodn\u00e9 pece a ovl\u00e1dac\u00ed za\u0159\u00edzen\u00ed pro feritizaci<\/strong>. V na\u0161em p\u0159ehledu v\u00fdrobk\u016f najdete nap\u0159. \u0159adu \u017e\u00edhac\u00edch a kal\u00edc\u00edch pec\u00ed. V t\u00e9to souvislosti bychom v\u00e1s r\u00e1di upozornili p\u0159edev\u0161\u00edm na na\u0161e modelov\u00e9 \u0159ady <a href=\"https:\/\/kittec.eu\/cs\/produkty\/industrial-line\/zihaci-al-kalici-pece-clm\/\" type=\"page\" id=\"52936\">CLM<\/a>, jako\u017e i na voz\u00edkov\u00e9 pece modelov\u00e9 \u0159ady <a href=\"https:\/\/kittec.eu\/cs\/produkty\/industrial-line\/vozikove-pece-cth\/\" type=\"page\" id=\"52972\">CTH<\/a>. V na\u0161\u00ed nab\u00eddce naleznete tak\u00e9 vhodn\u00e9 p\u0159\u00edslu\u0161enstv\u00ed, jako je regul\u00e1tor teploty <a href=\"https:\/\/kittec.eu\/cs\/pristroje-a-vybaveni\/teplotni-regulator\/\">TC 95 WU nebo TC 707 WU<\/a> nebo kalic\u00ed st\u016fl.<\/p>\n\n\n\n<div style=\"height:50px\" aria-hidden=\"true\" class=\"wp-block-spacer\"><\/div>\n\n\n\n<div class=\"wp-block-columns is-layout-flex wp-container-core-columns-is-layout-9d6595d7 wp-block-columns-is-layout-flex\">\n<div class=\"wp-block-column is-vertically-aligned-center is-layout-flow wp-block-column-is-layout-flow\"><div class=\"wp-block-image\">\n<figure class=\"aligncenter size-full is-resized\"><img loading=\"lazy\" decoding=\"async\" width=\"300\" height=\"300\" src=\"https:\/\/kittec.eu\/wp-content\/uploads\/2025\/08\/CLM50_m_Haertetisch_300px.png\" alt=\"\" class=\"wp-image-37225\" style=\"width:238px\" srcset=\"https:\/\/kittec.eu\/wp-content\/uploads\/2025\/08\/CLM50_m_Haertetisch_300px.png 300w, https:\/\/kittec.eu\/wp-content\/uploads\/2025\/08\/CLM50_m_Haertetisch_300px-150x150.png 150w\" sizes=\"auto, (max-width: 300px) 100vw, 300px\" \/><\/figure>\n<\/div><\/div>\n\n\n\n<div class=\"wp-block-column is-vertically-aligned-center is-layout-flow wp-block-column-is-layout-flow\"><div class=\"wp-block-image\">\n<figure class=\"aligncenter size-full is-resized\"><img loading=\"lazy\" decoding=\"async\" width=\"300\" height=\"300\" src=\"https:\/\/kittec.eu\/wp-content\/uploads\/2025\/08\/CTH_300p.jpg\" alt=\"\" class=\"wp-image-37231\" style=\"width:238px\" srcset=\"https:\/\/kittec.eu\/wp-content\/uploads\/2025\/08\/CTH_300p.jpg 300w, https:\/\/kittec.eu\/wp-content\/uploads\/2025\/08\/CTH_300p-150x150.jpg 150w\" sizes=\"auto, (max-width: 300px) 100vw, 300px\" \/><\/figure>\n<\/div><\/div>\n\n\n\n<div class=\"wp-block-column is-vertically-aligned-center is-layout-flow wp-block-column-is-layout-flow\"><div class=\"wp-block-image\">\n<figure class=\"aligncenter size-full is-resized\"><img loading=\"lazy\" decoding=\"async\" width=\"300\" height=\"188\" src=\"https:\/\/kittec.eu\/wp-content\/uploads\/2025\/08\/Haertetisch_300p.jpg\" alt=\"\" class=\"wp-image-37234\" style=\"width:238px\"\/><\/figure>\n<\/div><\/div>\n\n\n\n<div class=\"wp-block-column is-layout-flow wp-block-column-is-layout-flow\"><\/div>\n<\/div>\n\n\n\n<div style=\"height:50px\" aria-hidden=\"true\" class=\"wp-block-spacer\"><\/div>\n\n\n\n<p>V z\u00e1vislosti na pou\u017eit\u00ed m\u016f\u017eeme pro v\u00e1s vyvinout ve spolupr\u00e1ci s na\u0161\u00edm odd\u011blen\u00edm speci\u00e1ln\u00edch konstrukc\u00ed i zcela individu\u00e1ln\u00ed \u0159e\u0161en\u00ed. Na\u0161i odborn\u00edci <a href=\"https:\/\/kittec.eu\/cs\/servis\/\" target=\"_blank\" rel=\"noreferrer noopener\">v\u00e1m r\u00e1di individu\u00e1ln\u011b porad\u00ed<\/a> a pomohou naj\u00edt vhodn\u00e9 \u0159e\u0161en\u00ed v na\u0161\u00ed \u0161irok\u00e9 nab\u00eddce v\u00fdrobk\u016f. <\/p>\n\n\n\n<p><strong>Ji\u017e v\u00edce ne\u017e 40 let se specializujeme na v\u00fdrobu pec\u00ed pro nejr\u016fzn\u011bj\u0161\u00ed oblasti vyu\u017eit\u00ed \u2013 od soukrom\u00e9 sf\u00e9ry a\u017e po pr\u016fmyslovou v\u00fdrobu.<\/strong> <a href=\"https:\/\/kittec.eu\/cs\/servis\/\" target=\"_blank\" rel=\"noreferrer noopener\">R\u00e1di v\u00e1m osobn\u011b porad\u00edme, <\/a>kter\u00e1 z na\u0161ich pec\u00ed je pro va\u0161e pot\u0159eby nejvhodn\u011bj\u0161\u00ed. Pece v na\u0161\u00ed nab\u00eddce se li\u0161\u00ed konstrukc\u00ed, velikost\u00ed a po\u017eadovan\u00fdm rozsahem teplot. N\u00e1\u0161 v\u00fdb\u011br pec\u00ed se li\u0161\u00ed designem, velikost\u00ed a po\u017eadovan\u00fdm teplotn\u00edm rozsahem.<\/p>\n\n\n\n<div style=\"height:30px\" aria-hidden=\"true\" class=\"wp-block-spacer\"><\/div>\n\n\n\n<div class=\"wp-block-buttons is-layout-flex wp-block-buttons-is-layout-flex\">\n<div class=\"wp-block-button\"><a class=\"wp-block-button__link wp-element-button\" href=\"https:\/\/kittec.eu\/cs\/kontakt\/\">kontaktujte n\u00e1s<\/a><\/div>\n<\/div>\n\n\n\n<div style=\"height:150px\" aria-hidden=\"true\" class=\"wp-block-spacer\"><\/div>\n","protected":false},"excerpt":{"rendered":"","protected":false},"author":2,"featured_media":37154,"parent":53291,"menu_order":0,"comment_status":"closed","ping_status":"closed","template":"","meta":{"_acf_changed":false,"inline_featured_image":false,"iawp_total_views":8,"footnotes":""},"folder":[91],"class_list":["post-53586","page","type-page","status-publish","has-post-thumbnail","hentry"],"acf":[],"yoast_head":"<!-- This site is optimized with the Yoast SEO plugin v27.2 - https:\/\/yoast.com\/product\/yoast-seo-wordpress\/ -->\n<title>Feritizace litiny \u2013 nastaven\u00ed feritick\u00e9 struktury<\/title>\n<meta name=\"description\" content=\"Feritizace \u2714 se pou\u017e\u00edv\u00e1 hlavn\u011b u litinov\u00fdch d\u00edl\u016f k nastaven\u00ed m\u011bkk\u00e9 feritick\u00e9 struktury.\" \/>\n<meta name=\"robots\" content=\"index, follow, max-snippet:-1, max-image-preview:large, max-video-preview:-1\" \/>\n<link rel=\"canonical\" href=\"https:\/\/kittec.eu\/cs\/servis\/aplikace\/feritizace\/\" \/>\n<meta property=\"og:locale\" content=\"cs_CZ\" \/>\n<meta property=\"og:type\" content=\"article\" \/>\n<meta property=\"og:title\" content=\"Feritizace litiny \u2013 nastaven\u00ed feritick\u00e9 struktury\" \/>\n<meta property=\"og:description\" content=\"Feritizace \u2714 se pou\u017e\u00edv\u00e1 hlavn\u011b u litinov\u00fdch d\u00edl\u016f k nastaven\u00ed m\u011bkk\u00e9 feritick\u00e9 struktury.\" \/>\n<meta property=\"og:url\" content=\"https:\/\/kittec.eu\/cs\/servis\/aplikace\/feritizace\/\" \/>\n<meta property=\"og:site_name\" content=\"Kittec Brenn\u00f6fen bis 1800\u00b0C - Brennofen f\u00fcr Industrie und Handwerk\" \/>\n<meta property=\"article:modified_time\" content=\"2026-02-09T14:03:23+00:00\" \/>\n<meta property=\"og:image\" content=\"https:\/\/kittec.eu\/wp-content\/uploads\/2025\/08\/Ferritisieren_640px.jpg\" \/>\n\t<meta property=\"og:image:width\" content=\"640\" \/>\n\t<meta property=\"og:image:height\" content=\"640\" \/>\n\t<meta property=\"og:image:type\" content=\"image\/jpeg\" \/>\n<meta name=\"twitter:card\" content=\"summary_large_image\" \/>\n<meta name=\"twitter:label1\" content=\"Odhadovan\u00e1 doba \u010dten\u00ed\" \/>\n\t<meta name=\"twitter:data1\" content=\"3 minuty\" \/>\n<script type=\"application\/ld+json\" class=\"yoast-schema-graph\">{\"@context\":\"https:\/\/schema.org\",\"@graph\":[{\"@type\":\"WebPage\",\"@id\":\"https:\/\/kittec.eu\/cs\/servis\/aplikace\/feritizace\/\",\"url\":\"https:\/\/kittec.eu\/cs\/servis\/aplikace\/feritizace\/\",\"name\":\"Feritizace litiny \u2013 nastaven\u00ed feritick\u00e9 struktury\",\"isPartOf\":{\"@id\":\"https:\/\/kittec.eu\/cs\/#website\"},\"primaryImageOfPage\":{\"@id\":\"https:\/\/kittec.eu\/cs\/servis\/aplikace\/feritizace\/#primaryimage\"},\"image\":{\"@id\":\"https:\/\/kittec.eu\/cs\/servis\/aplikace\/feritizace\/#primaryimage\"},\"thumbnailUrl\":\"https:\/\/kittec.eu\/wp-content\/uploads\/2025\/08\/Ferritisieren_640px.jpg\",\"datePublished\":\"2025-08-13T09:40:46+00:00\",\"dateModified\":\"2026-02-09T14:03:23+00:00\",\"description\":\"Feritizace \u2714 se pou\u017e\u00edv\u00e1 hlavn\u011b u litinov\u00fdch d\u00edl\u016f k nastaven\u00ed m\u011bkk\u00e9 feritick\u00e9 struktury.\",\"breadcrumb\":{\"@id\":\"https:\/\/kittec.eu\/cs\/servis\/aplikace\/feritizace\/#breadcrumb\"},\"inLanguage\":\"cs\",\"potentialAction\":[{\"@type\":\"ReadAction\",\"target\":[\"https:\/\/kittec.eu\/cs\/servis\/aplikace\/feritizace\/\"]}]},{\"@type\":\"ImageObject\",\"inLanguage\":\"cs\",\"@id\":\"https:\/\/kittec.eu\/cs\/servis\/aplikace\/feritizace\/#primaryimage\",\"url\":\"https:\/\/kittec.eu\/wp-content\/uploads\/2025\/08\/Ferritisieren_640px.jpg\",\"contentUrl\":\"https:\/\/kittec.eu\/wp-content\/uploads\/2025\/08\/Ferritisieren_640px.jpg\",\"width\":640,\"height\":640},{\"@type\":\"BreadcrumbList\",\"@id\":\"https:\/\/kittec.eu\/cs\/servis\/aplikace\/feritizace\/#breadcrumb\",\"itemListElement\":[{\"@type\":\"ListItem\",\"position\":1,\"name\":\"Home\",\"item\":\"https:\/\/kittec.eu\/cs\/\"},{\"@type\":\"ListItem\",\"position\":2,\"name\":\"SERVIS\",\"item\":\"https:\/\/kittec.eu\/cs\/servis\/\"},{\"@type\":\"ListItem\",\"position\":3,\"name\":\"APLIKACE\",\"item\":\"https:\/\/kittec.eu\/cs\/servis\/aplikace\/\"},{\"@type\":\"ListItem\",\"position\":4,\"name\":\"Feritizace\"}]},{\"@type\":\"WebSite\",\"@id\":\"https:\/\/kittec.eu\/cs\/#website\",\"url\":\"https:\/\/kittec.eu\/cs\/\",\"name\":\"Kittec Brenn\u00f6fen bis 1800\u00b0C - Brennofen f\u00fcr Industrie und Handwerk\",\"description\":\"F\u00fcr jede Anwendung der passende Brennofen\",\"publisher\":{\"@id\":\"https:\/\/kittec.eu\/cs\/#organization\"},\"potentialAction\":[{\"@type\":\"SearchAction\",\"target\":{\"@type\":\"EntryPoint\",\"urlTemplate\":\"https:\/\/kittec.eu\/cs\/?s={search_term_string}\"},\"query-input\":{\"@type\":\"PropertyValueSpecification\",\"valueRequired\":true,\"valueName\":\"search_term_string\"}}],\"inLanguage\":\"cs\"},{\"@type\":\"Organization\",\"@id\":\"https:\/\/kittec.eu\/cs\/#organization\",\"name\":\"Kittec Brenn\u00f6fen bis 1800\u00b0C - Brennofen f\u00fcr Industrie und Handwerk\",\"url\":\"https:\/\/kittec.eu\/cs\/\",\"logo\":{\"@type\":\"ImageObject\",\"inLanguage\":\"cs\",\"@id\":\"https:\/\/kittec.eu\/cs\/#\/schema\/logo\/image\/\",\"url\":\"https:\/\/kittec.eu\/wp-content\/uploads\/2025\/07\/logo.png\",\"contentUrl\":\"https:\/\/kittec.eu\/wp-content\/uploads\/2025\/07\/logo.png\",\"width\":150,\"height\":53,\"caption\":\"Kittec Brenn\u00f6fen bis 1800\u00b0C - Brennofen f\u00fcr Industrie und Handwerk\"},\"image\":{\"@id\":\"https:\/\/kittec.eu\/cs\/#\/schema\/logo\/image\/\"}}]}<\/script>\n<!-- \/ Yoast SEO plugin. -->","yoast_head_json":{"title":"Feritizace litiny \u2013 nastaven\u00ed feritick\u00e9 struktury","description":"Feritizace \u2714 se pou\u017e\u00edv\u00e1 hlavn\u011b u litinov\u00fdch d\u00edl\u016f k nastaven\u00ed m\u011bkk\u00e9 feritick\u00e9 struktury.","robots":{"index":"index","follow":"follow","max-snippet":"max-snippet:-1","max-image-preview":"max-image-preview:large","max-video-preview":"max-video-preview:-1"},"canonical":"https:\/\/kittec.eu\/cs\/servis\/aplikace\/feritizace\/","og_locale":"cs_CZ","og_type":"article","og_title":"Feritizace litiny \u2013 nastaven\u00ed feritick\u00e9 struktury","og_description":"Feritizace \u2714 se pou\u017e\u00edv\u00e1 hlavn\u011b u litinov\u00fdch d\u00edl\u016f k nastaven\u00ed m\u011bkk\u00e9 feritick\u00e9 struktury.","og_url":"https:\/\/kittec.eu\/cs\/servis\/aplikace\/feritizace\/","og_site_name":"Kittec Brenn\u00f6fen bis 1800\u00b0C - Brennofen f\u00fcr Industrie und Handwerk","article_modified_time":"2026-02-09T14:03:23+00:00","og_image":[{"width":640,"height":640,"url":"https:\/\/kittec.eu\/wp-content\/uploads\/2025\/08\/Ferritisieren_640px.jpg","type":"image\/jpeg"}],"twitter_card":"summary_large_image","twitter_misc":{"Odhadovan\u00e1 doba \u010dten\u00ed":"3 minuty"},"schema":{"@context":"https:\/\/schema.org","@graph":[{"@type":"WebPage","@id":"https:\/\/kittec.eu\/cs\/servis\/aplikace\/feritizace\/","url":"https:\/\/kittec.eu\/cs\/servis\/aplikace\/feritizace\/","name":"Feritizace litiny \u2013 nastaven\u00ed feritick\u00e9 struktury","isPartOf":{"@id":"https:\/\/kittec.eu\/cs\/#website"},"primaryImageOfPage":{"@id":"https:\/\/kittec.eu\/cs\/servis\/aplikace\/feritizace\/#primaryimage"},"image":{"@id":"https:\/\/kittec.eu\/cs\/servis\/aplikace\/feritizace\/#primaryimage"},"thumbnailUrl":"https:\/\/kittec.eu\/wp-content\/uploads\/2025\/08\/Ferritisieren_640px.jpg","datePublished":"2025-08-13T09:40:46+00:00","dateModified":"2026-02-09T14:03:23+00:00","description":"Feritizace \u2714 se pou\u017e\u00edv\u00e1 hlavn\u011b u litinov\u00fdch d\u00edl\u016f k nastaven\u00ed m\u011bkk\u00e9 feritick\u00e9 struktury.","breadcrumb":{"@id":"https:\/\/kittec.eu\/cs\/servis\/aplikace\/feritizace\/#breadcrumb"},"inLanguage":"cs","potentialAction":[{"@type":"ReadAction","target":["https:\/\/kittec.eu\/cs\/servis\/aplikace\/feritizace\/"]}]},{"@type":"ImageObject","inLanguage":"cs","@id":"https:\/\/kittec.eu\/cs\/servis\/aplikace\/feritizace\/#primaryimage","url":"https:\/\/kittec.eu\/wp-content\/uploads\/2025\/08\/Ferritisieren_640px.jpg","contentUrl":"https:\/\/kittec.eu\/wp-content\/uploads\/2025\/08\/Ferritisieren_640px.jpg","width":640,"height":640},{"@type":"BreadcrumbList","@id":"https:\/\/kittec.eu\/cs\/servis\/aplikace\/feritizace\/#breadcrumb","itemListElement":[{"@type":"ListItem","position":1,"name":"Home","item":"https:\/\/kittec.eu\/cs\/"},{"@type":"ListItem","position":2,"name":"SERVIS","item":"https:\/\/kittec.eu\/cs\/servis\/"},{"@type":"ListItem","position":3,"name":"APLIKACE","item":"https:\/\/kittec.eu\/cs\/servis\/aplikace\/"},{"@type":"ListItem","position":4,"name":"Feritizace"}]},{"@type":"WebSite","@id":"https:\/\/kittec.eu\/cs\/#website","url":"https:\/\/kittec.eu\/cs\/","name":"Kittec Brenn\u00f6fen bis 1800\u00b0C - Brennofen f\u00fcr Industrie und Handwerk","description":"F\u00fcr jede Anwendung der passende Brennofen","publisher":{"@id":"https:\/\/kittec.eu\/cs\/#organization"},"potentialAction":[{"@type":"SearchAction","target":{"@type":"EntryPoint","urlTemplate":"https:\/\/kittec.eu\/cs\/?s={search_term_string}"},"query-input":{"@type":"PropertyValueSpecification","valueRequired":true,"valueName":"search_term_string"}}],"inLanguage":"cs"},{"@type":"Organization","@id":"https:\/\/kittec.eu\/cs\/#organization","name":"Kittec Brenn\u00f6fen bis 1800\u00b0C - Brennofen f\u00fcr Industrie und Handwerk","url":"https:\/\/kittec.eu\/cs\/","logo":{"@type":"ImageObject","inLanguage":"cs","@id":"https:\/\/kittec.eu\/cs\/#\/schema\/logo\/image\/","url":"https:\/\/kittec.eu\/wp-content\/uploads\/2025\/07\/logo.png","contentUrl":"https:\/\/kittec.eu\/wp-content\/uploads\/2025\/07\/logo.png","width":150,"height":53,"caption":"Kittec Brenn\u00f6fen bis 1800\u00b0C - Brennofen f\u00fcr Industrie und Handwerk"},"image":{"@id":"https:\/\/kittec.eu\/cs\/#\/schema\/logo\/image\/"}}]}},"_links":{"self":[{"href":"https:\/\/kittec.eu\/cs\/wp-json\/wp\/v2\/pages\/53586","targetHints":{"allow":["GET"]}}],"collection":[{"href":"https:\/\/kittec.eu\/cs\/wp-json\/wp\/v2\/pages"}],"about":[{"href":"https:\/\/kittec.eu\/cs\/wp-json\/wp\/v2\/types\/page"}],"author":[{"embeddable":true,"href":"https:\/\/kittec.eu\/cs\/wp-json\/wp\/v2\/users\/2"}],"replies":[{"embeddable":true,"href":"https:\/\/kittec.eu\/cs\/wp-json\/wp\/v2\/comments?post=53586"}],"version-history":[{"count":3,"href":"https:\/\/kittec.eu\/cs\/wp-json\/wp\/v2\/pages\/53586\/revisions"}],"predecessor-version":[{"id":59203,"href":"https:\/\/kittec.eu\/cs\/wp-json\/wp\/v2\/pages\/53586\/revisions\/59203"}],"up":[{"embeddable":true,"href":"https:\/\/kittec.eu\/cs\/wp-json\/wp\/v2\/pages\/53291"}],"wp:featuredmedia":[{"embeddable":true,"href":"https:\/\/kittec.eu\/cs\/wp-json\/wp\/v2\/media\/37154"}],"wp:attachment":[{"href":"https:\/\/kittec.eu\/cs\/wp-json\/wp\/v2\/media?parent=53586"}],"wp:term":[{"taxonomy":"folder","embeddable":true,"href":"https:\/\/kittec.eu\/cs\/wp-json\/wp\/v2\/folder?post=53586"}],"curies":[{"name":"wp","href":"https:\/\/api.w.org\/{rel}","templated":true}]}}