{"id":53714,"date":"2025-09-15T12:00:26","date_gmt":"2025-09-15T10:00:26","guid":{"rendered":"https:\/\/kittec.eu\/volna-mista\/"},"modified":"2026-01-21T10:05:03","modified_gmt":"2026-01-21T09:05:03","slug":"volna-mista","status":"publish","type":"page","link":"https:\/\/kittec.eu\/cs\/o-nas\/volna-mista\/","title":{"rendered":"Voln\u00e1 m\u00edsta"},"content":{"rendered":"\n<div class=\"wp-block-columns is-layout-flex wp-container-core-columns-is-layout-9d6595d7 wp-block-columns-is-layout-flex\">\n<div class=\"wp-block-column is-vertically-aligned-center is-layout-flow wp-block-column-is-layout-flow\" style=\"flex-basis:66.66%\">\n<p style=\"font-size:15px\">Ji\u017e v\u00edce ne\u017e 40 let stav\u00ed spole\u010dnost KITTEC pece pro r\u016fzn\u00e9 oblasti pr\u00e1ce a pou\u017eit\u00ed a c\u00edlov\u00e1 odv\u011btv\u00ed, jako nap\u0159\u00edklad keramika, laboratorn\u00ed pr\u00e1ce a technologie a tak\u00e9 pr\u016fmyslov\u00e9 pou\u017eit\u00ed. Sou\u010d\u00e1st\u00ed na\u0161\u00ed tradice je jedna z prvn\u00edch poklopov\u00fdch pec\u00ed v Evrop\u011b. Krom\u011b na\u0161eho standardn\u00edho sortimentu vyr\u00e1b\u00edme tak\u00e9 speci\u00e1ln\u00ed pece pro specifick\u00e9 po\u017eadavky a pracovn\u00ed prost\u0159ed\u00ed. V\u0161e se vyr\u00e1b\u00ed v na\u0161\u00ed v\u00fdrobn\u00ed hale v Kel\u010dic\u00edch v okrese Prost\u011bjov. S\u00eddl\u00edme zde na kraji vesnice p\u0159\u00edmo dostupn\u00e9 z d\u00e1lnice D46 mezi Prost\u011bjovem a Vy\u0161kovem.  <\/p>\n\n\n\n<p style=\"font-size:15px\">N\u00e1\u0161 trh dynamicky roste a my neust\u00e1le hled\u00e1me nov\u00e9 zam\u011bstnance.<\/p>\n\n\n\n<p style=\"font-size:15px\">Z toho d\u016fvodu roz\u0161i\u0159ujeme nab\u00eddku pr\u00e1ce v okol\u00ed Prost\u011bjova o tyhle pracovn\u00ed m\u00edsta:<br><br><strong><a href=\"https:\/\/kittec.eu\/cs\/o-nas\/volna-mista\/zamecnik-zamecnice\/\">Z\u00e1me\u010dn\u00edk \/ Z\u00e1me\u010dnice<\/a><br><a href=\"https:\/\/kittec.eu\/cs\/o-nas\/volna-mista\/elektrotechnicka\/\">Elektrotechnik \/ Elektrotechni\u010dka<\/a><\/strong><\/p>\n\n\n\n<p style=\"font-size:15px\">Cht\u011bli byste p\u0159isp\u011bt sv\u00fdmi znalostmi a dovednostmi k rostouc\u00ed st\u0159edn\u00ed pr\u016fmyslov\u00e9 spole\u010dnosti?<\/p>\n\n\n\n<p style=\"font-size:15px\">Pak nev\u00e1hejte a kontaktujte n\u00e1s! Vzbu\u010fte na\u0161i zv\u011bdavost a za\u0161lete n\u00e1m sv\u00e9 dokumenty na adresu <a href=\"mailto:jobs@kittec.de\">jobs@kittec.de<\/a>! <\/p>\n\n\n\n<div style=\"height:30px\" aria-hidden=\"true\" class=\"wp-block-spacer\"><\/div>\n\n\n\n<div class=\"wp-block-buttons is-layout-flex wp-block-buttons-is-layout-flex\">\n<div class=\"wp-block-button\"><a class=\"wp-block-button__link wp-element-button\" href=\"mailto: jobs@kittec.de\">p\u0159ihl\u00e1sit se<\/a><\/div>\n<\/div>\n<\/div>\n\n\n\n<div class=\"wp-block-column is-layout-flow wp-block-column-is-layout-flow\" style=\"flex-basis:33.33%\">\n<figure class=\"wp-block-image size-large\"><img loading=\"lazy\" decoding=\"async\" width=\"771\" height=\"1024\" src=\"https:\/\/kittec.eu\/wp-content\/uploads\/2025\/10\/Handwerker-Ralph_rote-Hose_schatten-771x1024.webp\" alt=\"\" class=\"wp-image-55230\" style=\"aspect-ratio:2\/3;object-fit:cover\" srcset=\"https:\/\/kittec.eu\/wp-content\/uploads\/2025\/10\/Handwerker-Ralph_rote-Hose_schatten-771x1024.webp 771w, https:\/\/kittec.eu\/wp-content\/uploads\/2025\/10\/Handwerker-Ralph_rote-Hose_schatten-226x300.webp 226w, https:\/\/kittec.eu\/wp-content\/uploads\/2025\/10\/Handwerker-Ralph_rote-Hose_schatten-768x1020.webp 768w, https:\/\/kittec.eu\/wp-content\/uploads\/2025\/10\/Handwerker-Ralph_rote-Hose_schatten-1157x1536.webp 1157w, https:\/\/kittec.eu\/wp-content\/uploads\/2025\/10\/Handwerker-Ralph_rote-Hose_schatten-1543x2048.webp 1543w, https:\/\/kittec.eu\/wp-content\/uploads\/2025\/10\/Handwerker-Ralph_rote-Hose_schatten.webp 1856w\" sizes=\"auto, (max-width: 771px) 100vw, 771px\" \/><\/figure>\n<\/div>\n<\/div>\n\n\n\n<div style=\"height:100px\" aria-hidden=\"true\" class=\"wp-block-spacer\"><\/div>\n","protected":false},"excerpt":{"rendered":"","protected":false},"author":2,"featured_media":38042,"parent":55311,"menu_order":0,"comment_status":"closed","ping_status":"closed","template":"","meta":{"_acf_changed":false,"inline_featured_image":false,"iawp_total_views":150,"footnotes":""},"folder":[97],"class_list":["post-53714","page","type-page","status-publish","has-post-thumbnail","hentry"],"acf":[],"yoast_head":"<!-- This site is optimized with the Yoast SEO plugin v27.2 - https:\/\/yoast.com\/product\/yoast-seo-wordpress\/ -->\n<title>Nab\u00eddky voln\u00fdch pracovn\u00edch m\u00edst \u2013 spole\u010dnost KITTEC se t\u011b\u0161\u00ed na Va\u0161i \u017e\u00e1dost o zam\u011bstn\u00e1n\u00ed<\/title>\n<meta name=\"description\" content=\"Chcete sv\u00e9 znalosti a dovednosti uplatnit ve spole\u010dnosti KITTEC? T\u011b\u0161\u00edme se na va\u0161i p\u0159ihl\u00e1\u0161ku. \u27a1\ufe0f PO\u0160LETE N\u00c1M SV\u00c9 DOKUMENTY JE\u0160T\u011a DNES!\" \/>\n<meta name=\"robots\" content=\"index, follow, max-snippet:-1, max-image-preview:large, max-video-preview:-1\" \/>\n<link rel=\"canonical\" href=\"https:\/\/kittec.eu\/cs\/o-nas\/volna-mista\/\" \/>\n<meta property=\"og:locale\" content=\"cs_CZ\" \/>\n<meta property=\"og:type\" content=\"article\" \/>\n<meta property=\"og:title\" content=\"Nab\u00eddky voln\u00fdch pracovn\u00edch m\u00edst \u2013 spole\u010dnost KITTEC se t\u011b\u0161\u00ed na Va\u0161i \u017e\u00e1dost o zam\u011bstn\u00e1n\u00ed\" \/>\n<meta property=\"og:description\" content=\"Chcete sv\u00e9 znalosti a dovednosti uplatnit ve spole\u010dnosti KITTEC? T\u011b\u0161\u00edme se na va\u0161i p\u0159ihl\u00e1\u0161ku. \u27a1\ufe0f PO\u0160LETE N\u00c1M SV\u00c9 DOKUMENTY JE\u0160T\u011a DNES!\" \/>\n<meta property=\"og:url\" content=\"https:\/\/kittec.eu\/cs\/o-nas\/volna-mista\/\" \/>\n<meta property=\"og:site_name\" content=\"Kittec Brenn\u00f6fen bis 1800\u00b0C - Brennofen f\u00fcr Industrie und Handwerk\" \/>\n<meta property=\"article:modified_time\" content=\"2026-01-21T09:05:03+00:00\" \/>\n<meta property=\"og:image\" content=\"https:\/\/kittec.eu\/wp-content\/uploads\/2025\/08\/KITTEC-Quality-Signet_2023_RGB_640px_gerade.png\" \/>\n\t<meta property=\"og:image:width\" content=\"640\" \/>\n\t<meta property=\"og:image:height\" content=\"640\" \/>\n\t<meta property=\"og:image:type\" content=\"image\/png\" \/>\n<meta name=\"twitter:card\" content=\"summary_large_image\" \/>\n<meta name=\"twitter:label1\" content=\"Odhadovan\u00e1 doba \u010dten\u00ed\" \/>\n\t<meta name=\"twitter:data1\" content=\"2 minuty\" \/>\n<script type=\"application\/ld+json\" class=\"yoast-schema-graph\">{\"@context\":\"https:\/\/schema.org\",\"@graph\":[{\"@type\":\"WebPage\",\"@id\":\"https:\/\/kittec.eu\/cs\/o-nas\/volna-mista\/\",\"url\":\"https:\/\/kittec.eu\/cs\/o-nas\/volna-mista\/\",\"name\":\"Nab\u00eddky voln\u00fdch pracovn\u00edch m\u00edst \u2013 spole\u010dnost KITTEC se t\u011b\u0161\u00ed na Va\u0161i \u017e\u00e1dost o zam\u011bstn\u00e1n\u00ed\",\"isPartOf\":{\"@id\":\"https:\/\/kittec.eu\/cs\/#website\"},\"primaryImageOfPage\":{\"@id\":\"https:\/\/kittec.eu\/cs\/o-nas\/volna-mista\/#primaryimage\"},\"image\":{\"@id\":\"https:\/\/kittec.eu\/cs\/o-nas\/volna-mista\/#primaryimage\"},\"thumbnailUrl\":\"https:\/\/kittec.eu\/wp-content\/uploads\/2025\/08\/KITTEC-Quality-Signet_2023_RGB_640px_gerade.png\",\"datePublished\":\"2025-09-15T10:00:26+00:00\",\"dateModified\":\"2026-01-21T09:05:03+00:00\",\"description\":\"Chcete sv\u00e9 znalosti a dovednosti uplatnit ve spole\u010dnosti KITTEC? T\u011b\u0161\u00edme se na va\u0161i p\u0159ihl\u00e1\u0161ku. \u27a1\ufe0f PO\u0160LETE N\u00c1M SV\u00c9 DOKUMENTY JE\u0160T\u011a DNES!\",\"breadcrumb\":{\"@id\":\"https:\/\/kittec.eu\/cs\/o-nas\/volna-mista\/#breadcrumb\"},\"inLanguage\":\"cs\",\"potentialAction\":[{\"@type\":\"ReadAction\",\"target\":[\"https:\/\/kittec.eu\/cs\/o-nas\/volna-mista\/\"]}]},{\"@type\":\"ImageObject\",\"inLanguage\":\"cs\",\"@id\":\"https:\/\/kittec.eu\/cs\/o-nas\/volna-mista\/#primaryimage\",\"url\":\"https:\/\/kittec.eu\/wp-content\/uploads\/2025\/08\/KITTEC-Quality-Signet_2023_RGB_640px_gerade.png\",\"contentUrl\":\"https:\/\/kittec.eu\/wp-content\/uploads\/2025\/08\/KITTEC-Quality-Signet_2023_RGB_640px_gerade.png\",\"width\":640,\"height\":640},{\"@type\":\"BreadcrumbList\",\"@id\":\"https:\/\/kittec.eu\/cs\/o-nas\/volna-mista\/#breadcrumb\",\"itemListElement\":[{\"@type\":\"ListItem\",\"position\":1,\"name\":\"Home\",\"item\":\"https:\/\/kittec.eu\/cs\/\"},{\"@type\":\"ListItem\",\"position\":2,\"name\":\"O N\u00c1S\",\"item\":\"https:\/\/kittec.eu\/cs\/o-nas\/\"},{\"@type\":\"ListItem\",\"position\":3,\"name\":\"Voln\u00e1 m\u00edsta\"}]},{\"@type\":\"WebSite\",\"@id\":\"https:\/\/kittec.eu\/cs\/#website\",\"url\":\"https:\/\/kittec.eu\/cs\/\",\"name\":\"Kittec Brenn\u00f6fen bis 1800\u00b0C - Brennofen f\u00fcr Industrie und Handwerk\",\"description\":\"F\u00fcr jede Anwendung der passende Brennofen\",\"publisher\":{\"@id\":\"https:\/\/kittec.eu\/cs\/#organization\"},\"potentialAction\":[{\"@type\":\"SearchAction\",\"target\":{\"@type\":\"EntryPoint\",\"urlTemplate\":\"https:\/\/kittec.eu\/cs\/?s={search_term_string}\"},\"query-input\":{\"@type\":\"PropertyValueSpecification\",\"valueRequired\":true,\"valueName\":\"search_term_string\"}}],\"inLanguage\":\"cs\"},{\"@type\":\"Organization\",\"@id\":\"https:\/\/kittec.eu\/cs\/#organization\",\"name\":\"Kittec Brenn\u00f6fen bis 1800\u00b0C - Brennofen f\u00fcr Industrie und Handwerk\",\"url\":\"https:\/\/kittec.eu\/cs\/\",\"logo\":{\"@type\":\"ImageObject\",\"inLanguage\":\"cs\",\"@id\":\"https:\/\/kittec.eu\/cs\/#\/schema\/logo\/image\/\",\"url\":\"https:\/\/kittec.eu\/wp-content\/uploads\/2025\/07\/logo.png\",\"contentUrl\":\"https:\/\/kittec.eu\/wp-content\/uploads\/2025\/07\/logo.png\",\"width\":150,\"height\":53,\"caption\":\"Kittec Brenn\u00f6fen bis 1800\u00b0C - Brennofen f\u00fcr Industrie und Handwerk\"},\"image\":{\"@id\":\"https:\/\/kittec.eu\/cs\/#\/schema\/logo\/image\/\"}}]}<\/script>\n<!-- \/ Yoast SEO plugin. -->","yoast_head_json":{"title":"Nab\u00eddky voln\u00fdch pracovn\u00edch m\u00edst \u2013 spole\u010dnost KITTEC se t\u011b\u0161\u00ed na Va\u0161i \u017e\u00e1dost o zam\u011bstn\u00e1n\u00ed","description":"Chcete sv\u00e9 znalosti a dovednosti uplatnit ve spole\u010dnosti KITTEC? T\u011b\u0161\u00edme se na va\u0161i p\u0159ihl\u00e1\u0161ku. \u27a1\ufe0f PO\u0160LETE N\u00c1M SV\u00c9 DOKUMENTY JE\u0160T\u011a DNES!","robots":{"index":"index","follow":"follow","max-snippet":"max-snippet:-1","max-image-preview":"max-image-preview:large","max-video-preview":"max-video-preview:-1"},"canonical":"https:\/\/kittec.eu\/cs\/o-nas\/volna-mista\/","og_locale":"cs_CZ","og_type":"article","og_title":"Nab\u00eddky voln\u00fdch pracovn\u00edch m\u00edst \u2013 spole\u010dnost KITTEC se t\u011b\u0161\u00ed na Va\u0161i \u017e\u00e1dost o zam\u011bstn\u00e1n\u00ed","og_description":"Chcete sv\u00e9 znalosti a dovednosti uplatnit ve spole\u010dnosti KITTEC? T\u011b\u0161\u00edme se na va\u0161i p\u0159ihl\u00e1\u0161ku. \u27a1\ufe0f PO\u0160LETE N\u00c1M SV\u00c9 DOKUMENTY JE\u0160T\u011a DNES!","og_url":"https:\/\/kittec.eu\/cs\/o-nas\/volna-mista\/","og_site_name":"Kittec Brenn\u00f6fen bis 1800\u00b0C - Brennofen f\u00fcr Industrie und Handwerk","article_modified_time":"2026-01-21T09:05:03+00:00","og_image":[{"width":640,"height":640,"url":"https:\/\/kittec.eu\/wp-content\/uploads\/2025\/08\/KITTEC-Quality-Signet_2023_RGB_640px_gerade.png","type":"image\/png"}],"twitter_card":"summary_large_image","twitter_misc":{"Odhadovan\u00e1 doba \u010dten\u00ed":"2 minuty"},"schema":{"@context":"https:\/\/schema.org","@graph":[{"@type":"WebPage","@id":"https:\/\/kittec.eu\/cs\/o-nas\/volna-mista\/","url":"https:\/\/kittec.eu\/cs\/o-nas\/volna-mista\/","name":"Nab\u00eddky voln\u00fdch pracovn\u00edch m\u00edst \u2013 spole\u010dnost KITTEC se t\u011b\u0161\u00ed na Va\u0161i \u017e\u00e1dost o zam\u011bstn\u00e1n\u00ed","isPartOf":{"@id":"https:\/\/kittec.eu\/cs\/#website"},"primaryImageOfPage":{"@id":"https:\/\/kittec.eu\/cs\/o-nas\/volna-mista\/#primaryimage"},"image":{"@id":"https:\/\/kittec.eu\/cs\/o-nas\/volna-mista\/#primaryimage"},"thumbnailUrl":"https:\/\/kittec.eu\/wp-content\/uploads\/2025\/08\/KITTEC-Quality-Signet_2023_RGB_640px_gerade.png","datePublished":"2025-09-15T10:00:26+00:00","dateModified":"2026-01-21T09:05:03+00:00","description":"Chcete sv\u00e9 znalosti a dovednosti uplatnit ve spole\u010dnosti KITTEC? T\u011b\u0161\u00edme se na va\u0161i p\u0159ihl\u00e1\u0161ku. \u27a1\ufe0f PO\u0160LETE N\u00c1M SV\u00c9 DOKUMENTY JE\u0160T\u011a DNES!","breadcrumb":{"@id":"https:\/\/kittec.eu\/cs\/o-nas\/volna-mista\/#breadcrumb"},"inLanguage":"cs","potentialAction":[{"@type":"ReadAction","target":["https:\/\/kittec.eu\/cs\/o-nas\/volna-mista\/"]}]},{"@type":"ImageObject","inLanguage":"cs","@id":"https:\/\/kittec.eu\/cs\/o-nas\/volna-mista\/#primaryimage","url":"https:\/\/kittec.eu\/wp-content\/uploads\/2025\/08\/KITTEC-Quality-Signet_2023_RGB_640px_gerade.png","contentUrl":"https:\/\/kittec.eu\/wp-content\/uploads\/2025\/08\/KITTEC-Quality-Signet_2023_RGB_640px_gerade.png","width":640,"height":640},{"@type":"BreadcrumbList","@id":"https:\/\/kittec.eu\/cs\/o-nas\/volna-mista\/#breadcrumb","itemListElement":[{"@type":"ListItem","position":1,"name":"Home","item":"https:\/\/kittec.eu\/cs\/"},{"@type":"ListItem","position":2,"name":"O N\u00c1S","item":"https:\/\/kittec.eu\/cs\/o-nas\/"},{"@type":"ListItem","position":3,"name":"Voln\u00e1 m\u00edsta"}]},{"@type":"WebSite","@id":"https:\/\/kittec.eu\/cs\/#website","url":"https:\/\/kittec.eu\/cs\/","name":"Kittec Brenn\u00f6fen bis 1800\u00b0C - Brennofen f\u00fcr Industrie und Handwerk","description":"F\u00fcr jede Anwendung der passende Brennofen","publisher":{"@id":"https:\/\/kittec.eu\/cs\/#organization"},"potentialAction":[{"@type":"SearchAction","target":{"@type":"EntryPoint","urlTemplate":"https:\/\/kittec.eu\/cs\/?s={search_term_string}"},"query-input":{"@type":"PropertyValueSpecification","valueRequired":true,"valueName":"search_term_string"}}],"inLanguage":"cs"},{"@type":"Organization","@id":"https:\/\/kittec.eu\/cs\/#organization","name":"Kittec Brenn\u00f6fen bis 1800\u00b0C - Brennofen f\u00fcr Industrie und Handwerk","url":"https:\/\/kittec.eu\/cs\/","logo":{"@type":"ImageObject","inLanguage":"cs","@id":"https:\/\/kittec.eu\/cs\/#\/schema\/logo\/image\/","url":"https:\/\/kittec.eu\/wp-content\/uploads\/2025\/07\/logo.png","contentUrl":"https:\/\/kittec.eu\/wp-content\/uploads\/2025\/07\/logo.png","width":150,"height":53,"caption":"Kittec Brenn\u00f6fen bis 1800\u00b0C - Brennofen f\u00fcr Industrie und Handwerk"},"image":{"@id":"https:\/\/kittec.eu\/cs\/#\/schema\/logo\/image\/"}}]}},"_links":{"self":[{"href":"https:\/\/kittec.eu\/cs\/wp-json\/wp\/v2\/pages\/53714","targetHints":{"allow":["GET"]}}],"collection":[{"href":"https:\/\/kittec.eu\/cs\/wp-json\/wp\/v2\/pages"}],"about":[{"href":"https:\/\/kittec.eu\/cs\/wp-json\/wp\/v2\/types\/page"}],"author":[{"embeddable":true,"href":"https:\/\/kittec.eu\/cs\/wp-json\/wp\/v2\/users\/2"}],"replies":[{"embeddable":true,"href":"https:\/\/kittec.eu\/cs\/wp-json\/wp\/v2\/comments?post=53714"}],"version-history":[{"count":7,"href":"https:\/\/kittec.eu\/cs\/wp-json\/wp\/v2\/pages\/53714\/revisions"}],"predecessor-version":[{"id":58167,"href":"https:\/\/kittec.eu\/cs\/wp-json\/wp\/v2\/pages\/53714\/revisions\/58167"}],"up":[{"embeddable":true,"href":"https:\/\/kittec.eu\/cs\/wp-json\/wp\/v2\/pages\/55311"}],"wp:featuredmedia":[{"embeddable":true,"href":"https:\/\/kittec.eu\/cs\/wp-json\/wp\/v2\/media\/38042"}],"wp:attachment":[{"href":"https:\/\/kittec.eu\/cs\/wp-json\/wp\/v2\/media?parent=53714"}],"wp:term":[{"taxonomy":"folder","embeddable":true,"href":"https:\/\/kittec.eu\/cs\/wp-json\/wp\/v2\/folder?post=53714"}],"curies":[{"name":"wp","href":"https:\/\/api.w.org\/{rel}","templated":true}]}}