{"id":53722,"date":"2025-10-24T10:43:03","date_gmt":"2025-10-24T08:43:03","guid":{"rendered":"https:\/\/kittec.eu\/?page_id=53722"},"modified":"2025-10-24T10:30:26","modified_gmt":"2025-10-24T08:30:26","slug":"montazni-delnik","status":"publish","type":"page","link":"https:\/\/kittec.eu\/cs\/o-nas\/volna-mista\/montazni-delnik\/","title":{"rendered":"Mont\u00e1\u017en\u00ed d\u011bln\u00edk \/ Mont\u00e1\u017en\u00ed d\u011blnice"},"content":{"rendered":"\n<div class=\"wp-block-group is-vertical is-nowrap is-layout-flex wp-container-core-group-is-layout-fc43baa9 wp-block-group-is-layout-flex\">\n<p class=\"wp-container-content-cf2db169\" style=\"font-size:15px\">Ji\u017e v\u00edce ne\u017e 40 let stav\u00ed spole\u010dnost KITTEC pece pro r\u016fzn\u00e9 oblasti pou\u017eit\u00ed a c\u00edlov\u00e1 odv\u011btv\u00ed, jako nap\u0159\u00edklad keramika, laboratorn\u00ed technologie a tak\u00e9 pr\u016fmyslov\u00e9 pou\u017eit\u00ed. Sou\u010d\u00e1st\u00ed na\u0161\u00ed tradice je jedna z prvn\u00edch poklopov\u00fdch pec\u00ed v Evrop\u011b. Krom\u011b na\u0161eho standardn\u00edho sortimentu vyr\u00e1b\u00edme tak\u00e9 speci\u00e1ln\u00ed pece pro specifick\u00e9 po\u017eadavky a prost\u0159ed\u00ed.<\/p>\n\n\n\n<p class=\"wp-container-content-cf2db169\" style=\"font-size:15px\">Abychom mohli i nad\u00e1le profesion\u00e1ln\u011b slou\u017eit rostouc\u00ed popt\u00e1vce po na\u0161ich pec\u00edch, hled\u00e1me pro n\u00e1\u0161 v\u00fdrobn\u00ed z\u00e1vod v \u010cesk\u00e9 republice zam\u011bstnance na pozici<\/p>\n\n\n\n<div style=\"height:50px;width:0px\" aria-hidden=\"true\" class=\"wp-block-spacer wp-container-content-b30579f5\"><\/div>\n\n\n\n<h2 class=\"wp-block-heading\"><strong>Mont\u00e1\u017en\u00ed d\u011bln\u00edk \/ Mont\u00e1\u017en\u00ed d\u011blnice<\/strong><\/h2>\n\n\n\n<div style=\"height:69px;width:0px\" aria-hidden=\"true\" class=\"wp-block-spacer wp-container-content-b10dd31d\"><\/div>\n\n\n\n<p class=\"wp-container-content-cf2db169\" style=\"font-size:15px\"><strong>N\u00e1pl\u0148 pr\u00e1ce<\/strong><\/p>\n\n\n\n<ul style=\"font-size:15px\" class=\"wp-block-list wp-container-content-cf2db169\">\n<li style=\"font-size:15px\">Vyzd\u00edv\u00e1n\u00ed poklopov\u00fdch a komorov\u00fdch pec\u00ed<\/li>\n\n\n\n<li style=\"font-size:15px\">Kone\u010dn\u00e1 mont\u00e1\u017e pec\u00ed<\/li>\n\n\n\n<li style=\"font-size:15px\">Mo\u017enost technick\u00e9 podpory a uveden\u00ed pece do provozu pro koncov\u00e9 z\u00e1kazn\u00edky a\/nebo prodejce<\/li>\n<\/ul>\n\n\n\n<p class=\"wp-container-content-cf2db169\" style=\"font-size:15px\"><strong>Technick\u00e9 po\u017eadavky<\/strong><\/p>\n\n\n\n<ul class=\"wp-block-list wp-container-content-cf2db169\">\n<li style=\"font-size:15px\">Manu\u00e1ln\u00ed zru\u010dnost<\/li>\n\n\n\n<li style=\"font-size:15px\">Jazykov\u00e9 znalosti:\n<ul class=\"wp-block-list\">\n<li>\u010de\u0161tina<\/li>\n\n\n\n<li>angli\u010dtina v\u00fdhodou<\/li>\n\n\n\n<li>n\u011bm\u010dina v\u00fdhodou<\/li>\n<\/ul>\n<\/li>\n<\/ul>\n\n\n\n<p class=\"wp-container-content-cf2db169\" style=\"font-size:15px\"><strong>Osobn\u00ed po\u017eadavky<\/strong><\/p>\n\n\n\n<ul class=\"wp-block-list wp-container-content-cf2db169\">\n<li style=\"font-size:15px\">Efektivn\u00ed zp\u016fsob pr\u00e1ce<\/li>\n\n\n\n<li style=\"font-size:15px\">\u010cist\u00e1 a zodpov\u011bdn\u00e1 pr\u00e1ce<\/li>\n<\/ul>\n\n\n\n<p class=\"wp-container-content-cf2db169\" style=\"font-size:15px\"><strong>Co nab\u00edz\u00edme<\/strong><\/p>\n\n\n\n<ul class=\"wp-block-list wp-container-content-cf2db169\">\n<li style=\"font-size:15px\">Rozs\u00e1hl\u00e9 za\u0161kolen\u00ed<\/li>\n\n\n\n<li style=\"font-size:15px\">P\u0159\u00edjemn\u00e1 pracovn\u00ed atmosf\u00e9ra<\/li>\n\n\n\n<li style=\"font-size:15px\">Mezin\u00e1rodn\u00ed spole\u010dnost v zaj\u00edmav\u00e9m oboru<\/li>\n\n\n\n<li style=\"font-size:15px\">Bonusov\u00fd syst\u00e9m hodnocen\u00ed- spravedliv\u00e9 odm\u011b\u0148ov\u00e1n\u00ed<\/li>\n<\/ul>\n\n\n\n<div style=\"height:30px;width:0px\" aria-hidden=\"true\" class=\"wp-block-spacer wp-container-content-cf2db169\"><\/div>\n\n\n\n<p class=\"wp-container-content-cf2db169\" style=\"font-size:15px\">Pokud V\u00e1s na\u0161e pozice zaujala, pros\u00edme o zasl\u00e1n\u00ed \u017eivotopis\u016f na e-mail:<br><a href=\"mailto:info@kittec.cz\" target=\"_blank\" rel=\"noreferrer noopener\">info@kittec.cz<\/a><br>V p\u0159\u00edpad\u011b pot\u0159eby V\u00e1m podrobn\u011bj\u0161\u00ed informace r\u00e1di poskytneme<br>na telefonn\u00edm \u010d\u00edsle +420 582 361 341.<\/p>\n\n\n\n<div style=\"height:30px;width:0px\" aria-hidden=\"true\" class=\"wp-block-spacer wp-container-content-cf2db169\"><\/div>\n\n\n\n<div class=\"wp-block-buttons wp-container-content-cf2db169 is-layout-flex wp-block-buttons-is-layout-flex\">\n<div class=\"wp-block-button\"><a class=\"wp-block-button__link wp-element-button\">P\u0159ihl\u00e1sit se na tuto pozici nyn\u00ed<\/a><\/div>\n<\/div>\n\n\n\n<div style=\"height:30px;width:0px\" aria-hidden=\"true\" class=\"wp-block-spacer wp-container-content-1387b69e\"><\/div>\n<\/div>\n","protected":false},"excerpt":{"rendered":"","protected":false},"author":2,"featured_media":0,"parent":53714,"menu_order":0,"comment_status":"closed","ping_status":"closed","template":"","meta":{"_acf_changed":false,"inline_featured_image":false,"iawp_total_views":2,"footnotes":""},"folder":[90],"class_list":["post-53722","page","type-page","status-publish","hentry"],"acf":[],"yoast_head":"<!-- This site is optimized with the Yoast SEO plugin v27.2 - https:\/\/yoast.com\/product\/yoast-seo-wordpress\/ -->\n<title>Mont\u00e1\u017en\u00ed d\u011bln\u00edk \/ Mont\u00e1\u017en\u00ed d\u011blnice - Kittec Brenn\u00f6fen bis 1800\u00b0C - Brennofen f\u00fcr Industrie und Handwerk<\/title>\n<meta name=\"robots\" content=\"index, follow, max-snippet:-1, max-image-preview:large, max-video-preview:-1\" \/>\n<link rel=\"canonical\" href=\"https:\/\/kittec.eu\/cs\/o-nas\/volna-mista\/montazni-delnik\/\" \/>\n<meta property=\"og:locale\" content=\"cs_CZ\" \/>\n<meta property=\"og:type\" content=\"article\" \/>\n<meta property=\"og:title\" content=\"Mont\u00e1\u017en\u00ed d\u011bln\u00edk \/ Mont\u00e1\u017en\u00ed d\u011blnice - Kittec Brenn\u00f6fen bis 1800\u00b0C - Brennofen f\u00fcr Industrie und Handwerk\" \/>\n<meta property=\"og:url\" content=\"https:\/\/kittec.eu\/cs\/o-nas\/volna-mista\/montazni-delnik\/\" \/>\n<meta property=\"og:site_name\" content=\"Kittec Brenn\u00f6fen bis 1800\u00b0C - Brennofen f\u00fcr Industrie und Handwerk\" \/>\n<meta name=\"twitter:card\" content=\"summary_large_image\" \/>\n<meta name=\"twitter:label1\" content=\"Odhadovan\u00e1 doba \u010dten\u00ed\" \/>\n\t<meta name=\"twitter:data1\" content=\"1 minuta\" \/>\n<script type=\"application\/ld+json\" class=\"yoast-schema-graph\">{\"@context\":\"https:\/\/schema.org\",\"@graph\":[{\"@type\":\"WebPage\",\"@id\":\"https:\/\/kittec.eu\/cs\/o-nas\/volna-mista\/montazni-delnik\/\",\"url\":\"https:\/\/kittec.eu\/cs\/o-nas\/volna-mista\/montazni-delnik\/\",\"name\":\"Mont\u00e1\u017en\u00ed d\u011bln\u00edk \/ Mont\u00e1\u017en\u00ed d\u011blnice - Kittec Brenn\u00f6fen bis 1800\u00b0C - Brennofen f\u00fcr Industrie und Handwerk\",\"isPartOf\":{\"@id\":\"https:\/\/kittec.eu\/cs\/#website\"},\"datePublished\":\"2025-10-24T08:43:03+00:00\",\"breadcrumb\":{\"@id\":\"https:\/\/kittec.eu\/cs\/o-nas\/volna-mista\/montazni-delnik\/#breadcrumb\"},\"inLanguage\":\"cs\",\"potentialAction\":[{\"@type\":\"ReadAction\",\"target\":[\"https:\/\/kittec.eu\/cs\/o-nas\/volna-mista\/montazni-delnik\/\"]}]},{\"@type\":\"BreadcrumbList\",\"@id\":\"https:\/\/kittec.eu\/cs\/o-nas\/volna-mista\/montazni-delnik\/#breadcrumb\",\"itemListElement\":[{\"@type\":\"ListItem\",\"position\":1,\"name\":\"Home\",\"item\":\"https:\/\/kittec.eu\/cs\/\"},{\"@type\":\"ListItem\",\"position\":2,\"name\":\"O N\u00c1S\",\"item\":\"https:\/\/kittec.eu\/cs\/o-nas\/\"},{\"@type\":\"ListItem\",\"position\":3,\"name\":\"Voln\u00e1 m\u00edsta\",\"item\":\"https:\/\/kittec.eu\/cs\/o-nas\/volna-mista\/\"},{\"@type\":\"ListItem\",\"position\":4,\"name\":\"Mont\u00e1\u017en\u00ed d\u011bln\u00edk \/ Mont\u00e1\u017en\u00ed d\u011blnice\"}]},{\"@type\":\"WebSite\",\"@id\":\"https:\/\/kittec.eu\/cs\/#website\",\"url\":\"https:\/\/kittec.eu\/cs\/\",\"name\":\"Kittec Brenn\u00f6fen bis 1800\u00b0C - Brennofen f\u00fcr Industrie und Handwerk\",\"description\":\"F\u00fcr jede Anwendung der passende Brennofen\",\"publisher\":{\"@id\":\"https:\/\/kittec.eu\/cs\/#organization\"},\"potentialAction\":[{\"@type\":\"SearchAction\",\"target\":{\"@type\":\"EntryPoint\",\"urlTemplate\":\"https:\/\/kittec.eu\/cs\/?s={search_term_string}\"},\"query-input\":{\"@type\":\"PropertyValueSpecification\",\"valueRequired\":true,\"valueName\":\"search_term_string\"}}],\"inLanguage\":\"cs\"},{\"@type\":\"Organization\",\"@id\":\"https:\/\/kittec.eu\/cs\/#organization\",\"name\":\"Kittec Brenn\u00f6fen bis 1800\u00b0C - Brennofen f\u00fcr Industrie und Handwerk\",\"url\":\"https:\/\/kittec.eu\/cs\/\",\"logo\":{\"@type\":\"ImageObject\",\"inLanguage\":\"cs\",\"@id\":\"https:\/\/kittec.eu\/cs\/#\/schema\/logo\/image\/\",\"url\":\"https:\/\/kittec.eu\/wp-content\/uploads\/2025\/07\/logo.png\",\"contentUrl\":\"https:\/\/kittec.eu\/wp-content\/uploads\/2025\/07\/logo.png\",\"width\":150,\"height\":53,\"caption\":\"Kittec Brenn\u00f6fen bis 1800\u00b0C - Brennofen f\u00fcr Industrie und Handwerk\"},\"image\":{\"@id\":\"https:\/\/kittec.eu\/cs\/#\/schema\/logo\/image\/\"}}]}<\/script>\n<!-- \/ Yoast SEO plugin. -->","yoast_head_json":{"title":"Mont\u00e1\u017en\u00ed d\u011bln\u00edk \/ Mont\u00e1\u017en\u00ed d\u011blnice - Kittec Brenn\u00f6fen bis 1800\u00b0C - Brennofen f\u00fcr Industrie und Handwerk","robots":{"index":"index","follow":"follow","max-snippet":"max-snippet:-1","max-image-preview":"max-image-preview:large","max-video-preview":"max-video-preview:-1"},"canonical":"https:\/\/kittec.eu\/cs\/o-nas\/volna-mista\/montazni-delnik\/","og_locale":"cs_CZ","og_type":"article","og_title":"Mont\u00e1\u017en\u00ed d\u011bln\u00edk \/ Mont\u00e1\u017en\u00ed d\u011blnice - Kittec Brenn\u00f6fen bis 1800\u00b0C - Brennofen f\u00fcr Industrie und Handwerk","og_url":"https:\/\/kittec.eu\/cs\/o-nas\/volna-mista\/montazni-delnik\/","og_site_name":"Kittec Brenn\u00f6fen bis 1800\u00b0C - Brennofen f\u00fcr Industrie und Handwerk","twitter_card":"summary_large_image","twitter_misc":{"Odhadovan\u00e1 doba \u010dten\u00ed":"1 minuta"},"schema":{"@context":"https:\/\/schema.org","@graph":[{"@type":"WebPage","@id":"https:\/\/kittec.eu\/cs\/o-nas\/volna-mista\/montazni-delnik\/","url":"https:\/\/kittec.eu\/cs\/o-nas\/volna-mista\/montazni-delnik\/","name":"Mont\u00e1\u017en\u00ed d\u011bln\u00edk \/ Mont\u00e1\u017en\u00ed d\u011blnice - Kittec Brenn\u00f6fen bis 1800\u00b0C - Brennofen f\u00fcr Industrie und Handwerk","isPartOf":{"@id":"https:\/\/kittec.eu\/cs\/#website"},"datePublished":"2025-10-24T08:43:03+00:00","breadcrumb":{"@id":"https:\/\/kittec.eu\/cs\/o-nas\/volna-mista\/montazni-delnik\/#breadcrumb"},"inLanguage":"cs","potentialAction":[{"@type":"ReadAction","target":["https:\/\/kittec.eu\/cs\/o-nas\/volna-mista\/montazni-delnik\/"]}]},{"@type":"BreadcrumbList","@id":"https:\/\/kittec.eu\/cs\/o-nas\/volna-mista\/montazni-delnik\/#breadcrumb","itemListElement":[{"@type":"ListItem","position":1,"name":"Home","item":"https:\/\/kittec.eu\/cs\/"},{"@type":"ListItem","position":2,"name":"O N\u00c1S","item":"https:\/\/kittec.eu\/cs\/o-nas\/"},{"@type":"ListItem","position":3,"name":"Voln\u00e1 m\u00edsta","item":"https:\/\/kittec.eu\/cs\/o-nas\/volna-mista\/"},{"@type":"ListItem","position":4,"name":"Mont\u00e1\u017en\u00ed d\u011bln\u00edk \/ Mont\u00e1\u017en\u00ed d\u011blnice"}]},{"@type":"WebSite","@id":"https:\/\/kittec.eu\/cs\/#website","url":"https:\/\/kittec.eu\/cs\/","name":"Kittec Brenn\u00f6fen bis 1800\u00b0C - Brennofen f\u00fcr Industrie und Handwerk","description":"F\u00fcr jede Anwendung der passende Brennofen","publisher":{"@id":"https:\/\/kittec.eu\/cs\/#organization"},"potentialAction":[{"@type":"SearchAction","target":{"@type":"EntryPoint","urlTemplate":"https:\/\/kittec.eu\/cs\/?s={search_term_string}"},"query-input":{"@type":"PropertyValueSpecification","valueRequired":true,"valueName":"search_term_string"}}],"inLanguage":"cs"},{"@type":"Organization","@id":"https:\/\/kittec.eu\/cs\/#organization","name":"Kittec Brenn\u00f6fen bis 1800\u00b0C - Brennofen f\u00fcr Industrie und Handwerk","url":"https:\/\/kittec.eu\/cs\/","logo":{"@type":"ImageObject","inLanguage":"cs","@id":"https:\/\/kittec.eu\/cs\/#\/schema\/logo\/image\/","url":"https:\/\/kittec.eu\/wp-content\/uploads\/2025\/07\/logo.png","contentUrl":"https:\/\/kittec.eu\/wp-content\/uploads\/2025\/07\/logo.png","width":150,"height":53,"caption":"Kittec Brenn\u00f6fen bis 1800\u00b0C - Brennofen f\u00fcr Industrie und Handwerk"},"image":{"@id":"https:\/\/kittec.eu\/cs\/#\/schema\/logo\/image\/"}}]}},"_links":{"self":[{"href":"https:\/\/kittec.eu\/cs\/wp-json\/wp\/v2\/pages\/53722","targetHints":{"allow":["GET"]}}],"collection":[{"href":"https:\/\/kittec.eu\/cs\/wp-json\/wp\/v2\/pages"}],"about":[{"href":"https:\/\/kittec.eu\/cs\/wp-json\/wp\/v2\/types\/page"}],"author":[{"embeddable":true,"href":"https:\/\/kittec.eu\/cs\/wp-json\/wp\/v2\/users\/2"}],"replies":[{"embeddable":true,"href":"https:\/\/kittec.eu\/cs\/wp-json\/wp\/v2\/comments?post=53722"}],"version-history":[{"count":6,"href":"https:\/\/kittec.eu\/cs\/wp-json\/wp\/v2\/pages\/53722\/revisions"}],"predecessor-version":[{"id":55254,"href":"https:\/\/kittec.eu\/cs\/wp-json\/wp\/v2\/pages\/53722\/revisions\/55254"}],"up":[{"embeddable":true,"href":"https:\/\/kittec.eu\/cs\/wp-json\/wp\/v2\/pages\/53714"}],"wp:attachment":[{"href":"https:\/\/kittec.eu\/cs\/wp-json\/wp\/v2\/media?parent=53722"}],"wp:term":[{"taxonomy":"folder","embeddable":true,"href":"https:\/\/kittec.eu\/cs\/wp-json\/wp\/v2\/folder?post=53722"}],"curies":[{"name":"wp","href":"https:\/\/api.w.org\/{rel}","templated":true}]}}