{"id":54780,"date":"2025-08-28T11:12:44","date_gmt":"2025-08-28T09:12:44","guid":{"rendered":"https:\/\/kittec.eu\/pristroje-vybaveni\/pristroje-kittec-odkalovaci-nadrz-ab\/"},"modified":"2026-03-19T13:54:27","modified_gmt":"2026-03-19T12:54:27","slug":"odkalovaci-nadrz","status":"publish","type":"page","link":"https:\/\/kittec.eu\/cs\/pristroje-a-vybaveni\/odkalovaci-nadrz\/","title":{"rendered":"Odkalovac\u00ed n\u00e1dr\u017e AB"},"content":{"rendered":"\n<p><strong>Odkalovac\u00ed n\u00e1dr\u017e, ozna\u010dovan\u00e1 tak\u00e9 jako separ\u00e1tor, slou\u017e\u00ed k odlou\u010den\u00ed glazur, hl\u00edny a zbytk\u016f engob, aby se nedostaly do odpadu a kanalizace.<\/strong><\/p>\n\n<p>Odkalovac\u00ed n\u00e1dr\u017e se montuje pod d\u0159ez. Odd\u011bliteln\u00e9 materi\u00e1ly v odpadn\u00ed vod\u011b se pomoc\u00ed \u00fa\u010dinn\u00e9ho t\u0159\u00edkomorov\u00e9ho syst\u00e9mu snadno usad\u00ed na dn\u011b n\u00e1dr\u017ee. T\u00edm se zabr\u00e1n\u00ed ucp\u00e1n\u00ed potrub\u00ed a zat\u011b\u017eov\u00e1n\u00ed \u017eivotn\u00edho prost\u0159ed\u00ed, dodr\u017eov\u00e1n\u00ed regulac\u00ed o odpadn\u00ed vod\u011b u\u017e tak nebude \u017e\u00e1dn\u00fd probl\u00e9m.  <\/p>\n\n<div style=\"height:50px\" aria-hidden=\"true\" class=\"wp-block-spacer\"><\/div>\n\n<div class=\"wp-block-columns are-vertically-aligned-center is-layout-flex wp-container-core-columns-is-layout-9d6595d7 wp-block-columns-is-layout-flex\">\n<div class=\"wp-block-column is-vertically-aligned-center is-layout-flow wp-block-column-is-layout-flow\"><div class=\"wp-block-image\">\n<figure class=\"aligncenter size-full is-resized\"><img loading=\"lazy\" decoding=\"async\" width=\"640\" height=\"480\" src=\"https:\/\/kittec.eu\/wp-content\/uploads\/2025\/08\/kittec-absetzbecken.jpg\" alt=\"\" class=\"wp-image-37852\" style=\"width:461px;height:auto\" srcset=\"https:\/\/kittec.eu\/wp-content\/uploads\/2025\/08\/kittec-absetzbecken.jpg 640w, https:\/\/kittec.eu\/wp-content\/uploads\/2025\/08\/kittec-absetzbecken-300x225.jpg 300w\" sizes=\"auto, (max-width: 640px) 100vw, 640px\" \/><\/figure>\n<\/div><\/div>\n\n\n\n<div class=\"wp-block-column is-vertically-aligned-center is-layout-flow wp-block-column-is-layout-flow\">\n<p><img loading=\"lazy\" decoding=\"async\" width=\"25\" height=\"24\" src=\"https:\/\/kittec.eu\/wp-content\/uploads\/2017\/09\/ListIconCheckOrange25x25px.jpg\" alt=\"Icon Check Orange\"\/> Jednoduch\u00e9 p\u0159ipojen\u00ed k umyvadlu<br\/><img loading=\"lazy\" decoding=\"async\" width=\"25\" height=\"24\" src=\"https:\/\/kittec.eu\/wp-content\/uploads\/2017\/09\/ListIconCheckOrange25x25px.jpg\" alt=\"Icon Check Orange\"\/> Sif\u00f3nov\u00e1 sada pro p\u0159\u00edpojku odpadn\u00ed vody <br\/><img loading=\"lazy\" decoding=\"async\" width=\"25\" height=\"24\" src=\"https:\/\/kittec.eu\/wp-content\/uploads\/2017\/09\/ListIconCheckOrange25x25px.jpg\" alt=\"Icon Check Orange\"\/> N\u00e1dr\u017e z n\u00e1razuvzdorn\u00e9ho a recyklovateln\u00e9ho plastu<br\/><img loading=\"lazy\" decoding=\"async\" width=\"25\" height=\"24\" src=\"https:\/\/kittec.eu\/wp-content\/uploads\/2017\/09\/ListIconCheckOrange25x25px.jpg\" alt=\"Icon Check Orange\"\/> \u00da\u010dinn\u00fd t\u0159\u00edkomorov\u00fd syst\u00e9m<br\/><img loading=\"lazy\" decoding=\"async\" width=\"25\" height=\"24\" src=\"https:\/\/kittec.eu\/wp-content\/uploads\/2017\/09\/ListIconCheckOrange25x25px.jpg\" alt=\"Icon Check Orange\"\/> V\u010d. 4 oto\u010dn\u00fdch kole\u010dek s brzdou<br\/><img loading=\"lazy\" decoding=\"async\" width=\"25\" height=\"24\" src=\"https:\/\/kittec.eu\/wp-content\/uploads\/2017\/09\/ListIconCheckOrange25x25px.jpg\" alt=\"Icon Check Orange\"\/> Pr\u00e1\u0161kov\u011b lakovan\u00fd ocelov\u00fd podstavec<\/p>\n\n\n\n<p><strong>Voliteln\u011b k dost\u00e1n\u00ed:<\/strong><\/p>\n\n\n\n<ul class=\"wp-block-list\">\n<li>Kryt pro odkalovac\u00ed n\u00e1dr\u017e<\/li>\n\n\n\n<li>Alternativn\u00ed v\u00fd\u0161ka n\u00e1dr\u017ee: ni\u017e\u0161\u00ed o 10 cm<\/li>\n\n\n\n<li>Speci\u00e1ln\u00ed rozm\u011bry na po\u017e\u00e1d\u00e1n\u00ed<\/li>\n<\/ul>\n<\/div>\n<\/div>\n<div class=\"wp-block-image\">\n<figure class=\"alignleft size-full is-resized\"><img loading=\"lazy\" decoding=\"async\" width=\"710\" height=\"294\" src=\"https:\/\/kittec.eu\/wp-content\/uploads\/2025\/08\/Absetzbecken-DE-20190614.png\" alt=\"\" class=\"wp-image-36186\" style=\"width:770px;height:auto\" srcset=\"https:\/\/kittec.eu\/wp-content\/uploads\/2025\/08\/Absetzbecken-DE-20190614.png 710w, https:\/\/kittec.eu\/wp-content\/uploads\/2025\/08\/Absetzbecken-DE-20190614-300x124.png 300w\" sizes=\"auto, (max-width: 710px) 100vw, 710px\" \/><\/figure>\n<\/div>\n<div style=\"height:101px\" aria-hidden=\"true\" class=\"wp-block-spacer\"><\/div>\n\n<h3 class=\"wp-block-heading\">Odkalovac\u00ed n\u00e1dr\u017e KITTEC AB<\/h3>\n\n<div class=\"tabelle-absetzbecken\" style=\"overflow-x: auto; width: 100%; -webkit-overflow-scrolling: touch;\">\n<table style=\"height: 78px; width: 100%; min-width: 750px; border: 1px; border-collapse: collapse; border-color: #666666; border-style: solid; font-size: 12px; text-align: center; line-height: 35px;\">\n<tbody>\n<tr style=\"background-color: #666666; border-color: #ffffff;\">\n<td style=\"height: 52px; border: 1px solid #ffffff; color: #ffffff; line-height: 1.2;\"><strong>Model<\/strong><\/td>\n<td style=\"height: 52px; border: 1px solid #ffffff; color: #ffffff; line-height: 1.2;\"><strong>D\u00e9lka<br\/>(mm)<\/strong><\/td>\n<td style=\"height: 52px; border: 1px solid #ffffff; color: #ffffff; line-height: 1.2;\"><strong>\u0160\u00ed\u0159ka<br\/>(mm)<\/strong><\/td>\n<td style=\"height: 52px; border: 1px solid #ffffff; color: #ffffff; line-height: 1.2;\"><strong>V\u00fd\u0161ka v\u010d. kole\u010dek<\/strong><br\/><strong>(mm)<\/strong><\/td>\n<td style=\"height: 52px; border: 1px solid #ffffff; color: #ffffff; line-height: 1.2;\"><strong>Objem<\/strong><br\/><strong>(l)<\/strong><\/td>\n<td style=\"height: 52px; border: 1px solid #ffffff; color: #ffffff; line-height: 1.2;\"><strong>Komory<\/strong><\/td>\n<td style=\"height: 52px; border: 1px solid #ffffff; color: #ffffff; line-height: 1.2;\"><strong>P\u0159\u00ed tok a odtok \u00d8<\/strong><br\/><strong>(mm)<\/strong><\/td>\n<td style=\"height: 52px; border: 1px solid #ffffff; color: #ffffff; line-height: 1.2;\"><strong>V\u00fd\u0161ka p\u0159\u00ed toku<\/strong><br\/><strong>(mm)<\/strong><\/td>\n<td style=\"height: 52px; border: 1px solid #ffffff; color: #ffffff; line-height: 1.2;\"><strong>V\u00fd\u0161ka odtoku<\/strong><br\/><strong>(mm)<\/strong><\/td>\n<td style=\"height: 52px; border: 1px solid #ffffff; color: #ffffff; line-height: 1.2;\"><strong>Hmotnost<\/strong><br\/><strong>(kg)<\/strong><\/td>\n<\/tr>\n<tr style=\"border-color: #666666;\">\n<td style=\"height: 26px; border: 1px solid #666666; color: #000000;\">AB<\/td>\n<td style=\"height: 26px; border: 1px solid #666666; color: #000000;\">610<\/td>\n<td style=\"height: 26px; border: 1px solid #666666; color: #000000;\">410<\/td>\n<td style=\"height: 26px; border: 1px solid #666666; color: #000000;\">530<\/td>\n<td style=\"height: 26px; border: 1px solid #666666; color: #000000;\">75<\/td>\n<td style=\"height: 26px; border: 1px solid #666666; color: #000000;\">3<\/td>\n<td style=\"height: 26px; border: 1px solid #666666; color: #000000;\">40<\/td>\n<td style=\"height: 26px; border: 1px solid #666666; color: #000000;\">630<\/td>\n<td style=\"height: 26px; border: 1px solid #666666; color: #000000;\">375 \u00b1 15<\/td>\n<td style=\"height: 26px; border: 1px solid #666666; color: #000000;\">10<\/td>\n<\/tr>\n<\/tbody>\n<\/table>\n<\/div>\n\n<div style=\"height:30px\" aria-hidden=\"true\" class=\"wp-block-spacer\"><\/div>\n\n<p class=\"has-text-align-right\">V\u0161echny \u00fadaje bez z\u00e1ruky. Technick\u00e9 zm\u011bny vyhrazeny. <\/p>\n\n<div style=\"height:50px\" aria-hidden=\"true\" class=\"wp-block-spacer\"><\/div>\n\n<p class=\"has-text-align-left has-black-color has-text-color has-link-color wp-elements-8eb4fe35f01a38c97ee0cda2938e92c9\" style=\"font-size:15px\">Pokud m\u00e1te dotazy nebo si p\u0159ejete z\u00edskat v\u00edce informac\u00ed nebo individu\u00e1ln\u00ed proveden\u00ed, pros\u00edm kontaktujte n\u00e1s. Brzy se v\u00e1m ozveme.<\/p>\n\n<div style=\"height:50px\" aria-hidden=\"true\" class=\"wp-block-spacer\"><\/div>\n\n<div class=\"wp-block-buttons is-layout-flex wp-block-buttons-is-layout-flex\">\n<div class=\"wp-block-button\"><a class=\"wp-block-button__link wp-element-button\" href=\"https:\/\/kittec.eu\/cs\/kontakt\/\">kontaktujte n\u00e1s!<\/a><\/div>\n<\/div>\n\n<div style=\"height:150px\" aria-hidden=\"true\" class=\"wp-block-spacer\"><\/div>\n","protected":false},"excerpt":{"rendered":"","protected":false},"author":2,"featured_media":37853,"parent":54643,"menu_order":0,"comment_status":"closed","ping_status":"closed","template":"","meta":{"_acf_changed":false,"inline_featured_image":false,"iawp_total_views":179,"footnotes":""},"folder":[100],"class_list":["post-54780","page","type-page","status-publish","has-post-thumbnail","hentry"],"acf":[],"yoast_head":"<!-- This site is optimized with the Yoast SEO plugin v27.2 - https:\/\/yoast.com\/product\/yoast-seo-wordpress\/ -->\n<title>Odkalovac\u00ed n\u00e1dr\u017e \u2013 odlu\u010dova\u010d glazury a j\u00edlu<\/title>\n<meta name=\"description\" content=\"Odlu\u010dova\u010d, naz\u00fdvan\u00fd tak\u00e9 odlu\u010dova\u010d glazury a j\u00edlu, zadr\u017euje glazury, j\u00edl a zbytky engoby, aby se nedostaly do kanalizace. \u27a1\ufe0f Informujte se NYN\u00cd!\" \/>\n<meta name=\"robots\" content=\"index, follow, max-snippet:-1, max-image-preview:large, max-video-preview:-1\" \/>\n<link rel=\"canonical\" href=\"https:\/\/kittec.eu\/cs\/pristroje-a-vybaveni\/odkalovaci-nadrz\/\" \/>\n<meta property=\"og:locale\" content=\"cs_CZ\" \/>\n<meta property=\"og:type\" content=\"article\" \/>\n<meta property=\"og:title\" content=\"Odkalovac\u00ed n\u00e1dr\u017e \u2013 odlu\u010dova\u010d glazury a j\u00edlu\" \/>\n<meta property=\"og:description\" content=\"Odlu\u010dova\u010d, naz\u00fdvan\u00fd tak\u00e9 odlu\u010dova\u010d glazury a j\u00edlu, zadr\u017euje glazury, j\u00edl a zbytky engoby, aby se nedostaly do kanalizace. \u27a1\ufe0f Informujte se NYN\u00cd!\" \/>\n<meta property=\"og:url\" content=\"https:\/\/kittec.eu\/cs\/pristroje-a-vybaveni\/odkalovaci-nadrz\/\" \/>\n<meta property=\"og:site_name\" content=\"Kittec Brenn\u00f6fen bis 1800\u00b0C - Brennofen f\u00fcr Industrie und Handwerk\" \/>\n<meta property=\"article:modified_time\" content=\"2026-03-19T12:54:27+00:00\" \/>\n<meta property=\"og:image\" content=\"https:\/\/kittec.eu\/wp-content\/uploads\/2025\/08\/kittec-absetzbecken.jpg\" \/>\n\t<meta property=\"og:image:width\" content=\"640\" \/>\n\t<meta property=\"og:image:height\" content=\"480\" \/>\n\t<meta property=\"og:image:type\" content=\"image\/jpeg\" \/>\n<meta name=\"twitter:card\" content=\"summary_large_image\" \/>\n<meta name=\"twitter:label1\" content=\"Odhadovan\u00e1 doba \u010dten\u00ed\" \/>\n\t<meta name=\"twitter:data1\" content=\"3 minuty\" \/>\n<script type=\"application\/ld+json\" class=\"yoast-schema-graph\">{\"@context\":\"https:\/\/schema.org\",\"@graph\":[{\"@type\":\"WebPage\",\"@id\":\"https:\/\/kittec.eu\/cs\/pristroje-a-vybaveni\/odkalovaci-nadrz\/\",\"url\":\"https:\/\/kittec.eu\/cs\/pristroje-a-vybaveni\/odkalovaci-nadrz\/\",\"name\":\"Odkalovac\u00ed n\u00e1dr\u017e \u2013 odlu\u010dova\u010d glazury a j\u00edlu\",\"isPartOf\":{\"@id\":\"https:\/\/kittec.eu\/cs\/#website\"},\"primaryImageOfPage\":{\"@id\":\"https:\/\/kittec.eu\/cs\/pristroje-a-vybaveni\/odkalovaci-nadrz\/#primaryimage\"},\"image\":{\"@id\":\"https:\/\/kittec.eu\/cs\/pristroje-a-vybaveni\/odkalovaci-nadrz\/#primaryimage\"},\"thumbnailUrl\":\"https:\/\/kittec.eu\/wp-content\/uploads\/2025\/08\/kittec-absetzbecken.jpg\",\"datePublished\":\"2025-08-28T09:12:44+00:00\",\"dateModified\":\"2026-03-19T12:54:27+00:00\",\"description\":\"Odlu\u010dova\u010d, naz\u00fdvan\u00fd tak\u00e9 odlu\u010dova\u010d glazury a j\u00edlu, zadr\u017euje glazury, j\u00edl a zbytky engoby, aby se nedostaly do kanalizace. \u27a1\ufe0f Informujte se NYN\u00cd!\",\"breadcrumb\":{\"@id\":\"https:\/\/kittec.eu\/cs\/pristroje-a-vybaveni\/odkalovaci-nadrz\/#breadcrumb\"},\"inLanguage\":\"cs\",\"potentialAction\":[{\"@type\":\"ReadAction\",\"target\":[\"https:\/\/kittec.eu\/cs\/pristroje-a-vybaveni\/odkalovaci-nadrz\/\"]}]},{\"@type\":\"ImageObject\",\"inLanguage\":\"cs\",\"@id\":\"https:\/\/kittec.eu\/cs\/pristroje-a-vybaveni\/odkalovaci-nadrz\/#primaryimage\",\"url\":\"https:\/\/kittec.eu\/wp-content\/uploads\/2025\/08\/kittec-absetzbecken.jpg\",\"contentUrl\":\"https:\/\/kittec.eu\/wp-content\/uploads\/2025\/08\/kittec-absetzbecken.jpg\",\"width\":640,\"height\":480},{\"@type\":\"BreadcrumbList\",\"@id\":\"https:\/\/kittec.eu\/cs\/pristroje-a-vybaveni\/odkalovaci-nadrz\/#breadcrumb\",\"itemListElement\":[{\"@type\":\"ListItem\",\"position\":1,\"name\":\"Home\",\"item\":\"https:\/\/kittec.eu\/cs\/\"},{\"@type\":\"ListItem\",\"position\":2,\"name\":\"P\u0158\u00cdSTROJE &amp; VYBAVEN\u00cd\",\"item\":\"https:\/\/kittec.eu\/cs\/pristroje-a-vybaveni\/\"},{\"@type\":\"ListItem\",\"position\":3,\"name\":\"Odkalovac\u00ed n\u00e1dr\u017e AB\"}]},{\"@type\":\"WebSite\",\"@id\":\"https:\/\/kittec.eu\/cs\/#website\",\"url\":\"https:\/\/kittec.eu\/cs\/\",\"name\":\"Kittec Brenn\u00f6fen bis 1800\u00b0C - Brennofen f\u00fcr Industrie und Handwerk\",\"description\":\"F\u00fcr jede Anwendung der passende Brennofen\",\"publisher\":{\"@id\":\"https:\/\/kittec.eu\/cs\/#organization\"},\"potentialAction\":[{\"@type\":\"SearchAction\",\"target\":{\"@type\":\"EntryPoint\",\"urlTemplate\":\"https:\/\/kittec.eu\/cs\/?s={search_term_string}\"},\"query-input\":{\"@type\":\"PropertyValueSpecification\",\"valueRequired\":true,\"valueName\":\"search_term_string\"}}],\"inLanguage\":\"cs\"},{\"@type\":\"Organization\",\"@id\":\"https:\/\/kittec.eu\/cs\/#organization\",\"name\":\"Kittec Brenn\u00f6fen bis 1800\u00b0C - Brennofen f\u00fcr Industrie und Handwerk\",\"url\":\"https:\/\/kittec.eu\/cs\/\",\"logo\":{\"@type\":\"ImageObject\",\"inLanguage\":\"cs\",\"@id\":\"https:\/\/kittec.eu\/cs\/#\/schema\/logo\/image\/\",\"url\":\"https:\/\/kittec.eu\/wp-content\/uploads\/2025\/07\/logo.png\",\"contentUrl\":\"https:\/\/kittec.eu\/wp-content\/uploads\/2025\/07\/logo.png\",\"width\":150,\"height\":53,\"caption\":\"Kittec Brenn\u00f6fen bis 1800\u00b0C - Brennofen f\u00fcr Industrie und Handwerk\"},\"image\":{\"@id\":\"https:\/\/kittec.eu\/cs\/#\/schema\/logo\/image\/\"}}]}<\/script>\n<!-- \/ Yoast SEO plugin. -->","yoast_head_json":{"title":"Odkalovac\u00ed n\u00e1dr\u017e \u2013 odlu\u010dova\u010d glazury a j\u00edlu","description":"Odlu\u010dova\u010d, naz\u00fdvan\u00fd tak\u00e9 odlu\u010dova\u010d glazury a j\u00edlu, zadr\u017euje glazury, j\u00edl a zbytky engoby, aby se nedostaly do kanalizace. \u27a1\ufe0f Informujte se NYN\u00cd!","robots":{"index":"index","follow":"follow","max-snippet":"max-snippet:-1","max-image-preview":"max-image-preview:large","max-video-preview":"max-video-preview:-1"},"canonical":"https:\/\/kittec.eu\/cs\/pristroje-a-vybaveni\/odkalovaci-nadrz\/","og_locale":"cs_CZ","og_type":"article","og_title":"Odkalovac\u00ed n\u00e1dr\u017e \u2013 odlu\u010dova\u010d glazury a j\u00edlu","og_description":"Odlu\u010dova\u010d, naz\u00fdvan\u00fd tak\u00e9 odlu\u010dova\u010d glazury a j\u00edlu, zadr\u017euje glazury, j\u00edl a zbytky engoby, aby se nedostaly do kanalizace. \u27a1\ufe0f Informujte se NYN\u00cd!","og_url":"https:\/\/kittec.eu\/cs\/pristroje-a-vybaveni\/odkalovaci-nadrz\/","og_site_name":"Kittec Brenn\u00f6fen bis 1800\u00b0C - Brennofen f\u00fcr Industrie und Handwerk","article_modified_time":"2026-03-19T12:54:27+00:00","og_image":[{"width":640,"height":480,"url":"https:\/\/kittec.eu\/wp-content\/uploads\/2025\/08\/kittec-absetzbecken.jpg","type":"image\/jpeg"}],"twitter_card":"summary_large_image","twitter_misc":{"Odhadovan\u00e1 doba \u010dten\u00ed":"3 minuty"},"schema":{"@context":"https:\/\/schema.org","@graph":[{"@type":"WebPage","@id":"https:\/\/kittec.eu\/cs\/pristroje-a-vybaveni\/odkalovaci-nadrz\/","url":"https:\/\/kittec.eu\/cs\/pristroje-a-vybaveni\/odkalovaci-nadrz\/","name":"Odkalovac\u00ed n\u00e1dr\u017e \u2013 odlu\u010dova\u010d glazury a j\u00edlu","isPartOf":{"@id":"https:\/\/kittec.eu\/cs\/#website"},"primaryImageOfPage":{"@id":"https:\/\/kittec.eu\/cs\/pristroje-a-vybaveni\/odkalovaci-nadrz\/#primaryimage"},"image":{"@id":"https:\/\/kittec.eu\/cs\/pristroje-a-vybaveni\/odkalovaci-nadrz\/#primaryimage"},"thumbnailUrl":"https:\/\/kittec.eu\/wp-content\/uploads\/2025\/08\/kittec-absetzbecken.jpg","datePublished":"2025-08-28T09:12:44+00:00","dateModified":"2026-03-19T12:54:27+00:00","description":"Odlu\u010dova\u010d, naz\u00fdvan\u00fd tak\u00e9 odlu\u010dova\u010d glazury a j\u00edlu, zadr\u017euje glazury, j\u00edl a zbytky engoby, aby se nedostaly do kanalizace. \u27a1\ufe0f Informujte se NYN\u00cd!","breadcrumb":{"@id":"https:\/\/kittec.eu\/cs\/pristroje-a-vybaveni\/odkalovaci-nadrz\/#breadcrumb"},"inLanguage":"cs","potentialAction":[{"@type":"ReadAction","target":["https:\/\/kittec.eu\/cs\/pristroje-a-vybaveni\/odkalovaci-nadrz\/"]}]},{"@type":"ImageObject","inLanguage":"cs","@id":"https:\/\/kittec.eu\/cs\/pristroje-a-vybaveni\/odkalovaci-nadrz\/#primaryimage","url":"https:\/\/kittec.eu\/wp-content\/uploads\/2025\/08\/kittec-absetzbecken.jpg","contentUrl":"https:\/\/kittec.eu\/wp-content\/uploads\/2025\/08\/kittec-absetzbecken.jpg","width":640,"height":480},{"@type":"BreadcrumbList","@id":"https:\/\/kittec.eu\/cs\/pristroje-a-vybaveni\/odkalovaci-nadrz\/#breadcrumb","itemListElement":[{"@type":"ListItem","position":1,"name":"Home","item":"https:\/\/kittec.eu\/cs\/"},{"@type":"ListItem","position":2,"name":"P\u0158\u00cdSTROJE &amp; VYBAVEN\u00cd","item":"https:\/\/kittec.eu\/cs\/pristroje-a-vybaveni\/"},{"@type":"ListItem","position":3,"name":"Odkalovac\u00ed n\u00e1dr\u017e AB"}]},{"@type":"WebSite","@id":"https:\/\/kittec.eu\/cs\/#website","url":"https:\/\/kittec.eu\/cs\/","name":"Kittec Brenn\u00f6fen bis 1800\u00b0C - Brennofen f\u00fcr Industrie und Handwerk","description":"F\u00fcr jede Anwendung der passende Brennofen","publisher":{"@id":"https:\/\/kittec.eu\/cs\/#organization"},"potentialAction":[{"@type":"SearchAction","target":{"@type":"EntryPoint","urlTemplate":"https:\/\/kittec.eu\/cs\/?s={search_term_string}"},"query-input":{"@type":"PropertyValueSpecification","valueRequired":true,"valueName":"search_term_string"}}],"inLanguage":"cs"},{"@type":"Organization","@id":"https:\/\/kittec.eu\/cs\/#organization","name":"Kittec Brenn\u00f6fen bis 1800\u00b0C - Brennofen f\u00fcr Industrie und Handwerk","url":"https:\/\/kittec.eu\/cs\/","logo":{"@type":"ImageObject","inLanguage":"cs","@id":"https:\/\/kittec.eu\/cs\/#\/schema\/logo\/image\/","url":"https:\/\/kittec.eu\/wp-content\/uploads\/2025\/07\/logo.png","contentUrl":"https:\/\/kittec.eu\/wp-content\/uploads\/2025\/07\/logo.png","width":150,"height":53,"caption":"Kittec Brenn\u00f6fen bis 1800\u00b0C - Brennofen f\u00fcr Industrie und Handwerk"},"image":{"@id":"https:\/\/kittec.eu\/cs\/#\/schema\/logo\/image\/"}}]}},"_links":{"self":[{"href":"https:\/\/kittec.eu\/cs\/wp-json\/wp\/v2\/pages\/54780","targetHints":{"allow":["GET"]}}],"collection":[{"href":"https:\/\/kittec.eu\/cs\/wp-json\/wp\/v2\/pages"}],"about":[{"href":"https:\/\/kittec.eu\/cs\/wp-json\/wp\/v2\/types\/page"}],"author":[{"embeddable":true,"href":"https:\/\/kittec.eu\/cs\/wp-json\/wp\/v2\/users\/2"}],"replies":[{"embeddable":true,"href":"https:\/\/kittec.eu\/cs\/wp-json\/wp\/v2\/comments?post=54780"}],"version-history":[{"count":15,"href":"https:\/\/kittec.eu\/cs\/wp-json\/wp\/v2\/pages\/54780\/revisions"}],"predecessor-version":[{"id":60444,"href":"https:\/\/kittec.eu\/cs\/wp-json\/wp\/v2\/pages\/54780\/revisions\/60444"}],"up":[{"embeddable":true,"href":"https:\/\/kittec.eu\/cs\/wp-json\/wp\/v2\/pages\/54643"}],"wp:featuredmedia":[{"embeddable":true,"href":"https:\/\/kittec.eu\/cs\/wp-json\/wp\/v2\/media\/37853"}],"wp:attachment":[{"href":"https:\/\/kittec.eu\/cs\/wp-json\/wp\/v2\/media?parent=54780"}],"wp:term":[{"taxonomy":"folder","embeddable":true,"href":"https:\/\/kittec.eu\/cs\/wp-json\/wp\/v2\/folder?post=54780"}],"curies":[{"name":"wp","href":"https:\/\/api.w.org\/{rel}","templated":true}]}}