{"id":54792,"date":"2025-08-28T11:30:44","date_gmt":"2025-08-28T09:30:44","guid":{"rendered":"https:\/\/kittec.eu\/pristroje-vybaveni\/vybaveni-kittec-kontejner-na-hlinu-tb\/"},"modified":"2026-03-19T11:46:56","modified_gmt":"2026-03-19T10:46:56","slug":"kontejner-na-hlinu","status":"publish","type":"page","link":"https:\/\/kittec.eu\/cs\/pristroje-a-vybaveni\/kontejner-na-hlinu\/","title":{"rendered":"Kontejner na hl\u00ednu"},"content":{"rendered":"\n<p style=\"font-size:15px\"><strong>Spr\u00e1vn\u011b ulo\u017een\u00e1 hl\u00edna z\u016fst\u00e1v\u00e1 d\u00e9le plastick\u00e1.<\/strong><\/p>\n\n\n\n<p style=\"font-size:15px\">Kontejner na hl\u00ednu je vyroben z plastu odoln\u00e9 ho proti n\u00e1razu s hladk\u00fdmi vnit\u0159n\u00edmi st\u011bnami a miskovit\u00fdmi \u00fachyty. Vhodn\u00fd podstavec na kole\u010dk\u00e1ch je voliteln\u011b k dispozici pro ka\u017edou variantu kontejneru na hl\u00ednu. T\u00e9m\u011b\u0159 neprody\u0161n\u00e9 v\u00edko umo\u017e\u0148uje spr\u00e1vn\u00e9 skladov\u00e1n\u00ed hl\u00edny.  <\/p>\n\n\n\n<div class=\"wp-block-columns is-layout-flex wp-container-core-columns-is-layout-9d6595d7 wp-block-columns-is-layout-flex\">\n<div class=\"wp-block-column is-layout-flow wp-block-column-is-layout-flow\">\n<figure class=\"wp-block-image size-full\"><img loading=\"lazy\" decoding=\"async\" width=\"300\" height=\"250\" src=\"https:\/\/kittec.eu\/wp-content\/uploads\/2025\/08\/kittec-tonbehaelter-tb-100-200.jpg\" alt=\"\" class=\"wp-image-37747\"\/><\/figure>\n<\/div>\n\n\n\n<div class=\"wp-block-column is-layout-flow wp-block-column-is-layout-flow\">\n<figure class=\"wp-block-image size-full\"><img loading=\"lazy\" decoding=\"async\" width=\"300\" height=\"250\" src=\"https:\/\/kittec.eu\/wp-content\/uploads\/2025\/08\/kittec-tonbehaelter-tb-760.jpg\" alt=\"\" class=\"wp-image-37750\"\/><\/figure>\n<\/div>\n\n\n\n<div class=\"wp-block-column is-layout-flow wp-block-column-is-layout-flow\">\n<p style=\"font-size:15px\"><img loading=\"lazy\" decoding=\"async\" width=\"25\" height=\"24\" src=\"https:\/\/kittec.eu\/wp-content\/uploads\/2017\/09\/ListIconCheckOrange25x25px.jpg\" alt=\"Icon Check Orange\"> Odoln\u00fd proti chladu a horku<\/p>\n\n\n\n<p style=\"font-size:15px\"><img loading=\"lazy\" decoding=\"async\" width=\"25\" height=\"24\" src=\"https:\/\/kittec.eu\/wp-content\/uploads\/2017\/09\/ListIconCheckOrange25x25px.jpg\" alt=\"Icon Check Orange\"> Lehk\u00fd, p\u0159esto vysoce stabiln\u00ed<\/p>\n\n\n\n<p style=\"font-size:15px\"><img loading=\"lazy\" decoding=\"async\" width=\"25\" height=\"24\" src=\"https:\/\/kittec.eu\/wp-content\/uploads\/2017\/09\/ListIconCheckOrange25x25px.jpg\" alt=\"Icon Check Orange\"> Robustn\u00ed, maxim\u00e1ln\u011b trvanliv\u00fd<\/p>\n\n\n\n<p style=\"font-size:15px\"><img loading=\"lazy\" decoding=\"async\" width=\"25\" height=\"24\" src=\"https:\/\/kittec.eu\/wp-content\/uploads\/2017\/09\/ListIconCheckOrange25x25px.jpg\" alt=\"Icon Check Orange\"> Snadno se \u010dist\u00ed<\/p>\n<\/div>\n<\/div>\n\n\n\n<p style=\"font-size:15px\"><strong>Voliteln\u011b k dost\u00e1n\u00ed:<\/strong><\/p>\n\n\n\n<div class=\"wp-block-columns is-layout-flex wp-container-core-columns-is-layout-9d6595d7 wp-block-columns-is-layout-flex\">\n<div class=\"wp-block-column is-layout-flow wp-block-column-is-layout-flow\">\n<hr class=\"wp-block-separator has-text-color has-alpha-channel-opacity has-background\" style=\"background-color:#f8a533;color:#f8a533\"\/>\n<\/div>\n\n\n\n<div class=\"wp-block-column is-layout-flow wp-block-column-is-layout-flow\">\n<hr class=\"wp-block-separator has-text-color has-alpha-channel-opacity has-background\" style=\"background-color:#f8a533;color:#f8a533\"\/>\n<\/div>\n<\/div>\n\n\n\n<div class=\"wp-block-columns is-layout-flex wp-container-core-columns-is-layout-9d6595d7 wp-block-columns-is-layout-flex\">\n<div class=\"wp-block-column is-layout-flow wp-block-column-is-layout-flow\">\n<div class=\"wp-block-columns is-layout-flex wp-container-core-columns-is-layout-9d6595d7 wp-block-columns-is-layout-flex\">\n<div class=\"wp-block-column is-layout-flow wp-block-column-is-layout-flow\">\n<figure class=\"wp-block-image size-full\"><img loading=\"lazy\" decoding=\"async\" width=\"300\" height=\"126\" src=\"https:\/\/kittec.eu\/wp-content\/uploads\/2025\/08\/deckel-kittec-tonbehaelter.jpg\" alt=\"\" class=\"wp-image-37783\"\/><\/figure>\n<\/div>\n\n\n\n<div class=\"wp-block-column is-layout-flow wp-block-column-is-layout-flow\">\n<p style=\"font-size:15px\"><strong>V\u00edko pro kontejner na hl\u00ednu<\/strong><\/p>\n\n\n\n<p style=\"font-size:15px\"><img loading=\"lazy\" decoding=\"async\" width=\"25\" height=\"24\" src=\"https:\/\/kittec.eu\/wp-content\/uploads\/2017\/09\/ListIconCheckOrange25x25px.jpg\" alt=\"Icon Check Orange\"> li\u0161\u00ed se podle typu<\/p>\n<\/div>\n<\/div>\n<\/div>\n\n\n\n<div class=\"wp-block-column is-layout-flow wp-block-column-is-layout-flow\">\n<div class=\"wp-block-columns is-layout-flex wp-container-core-columns-is-layout-9d6595d7 wp-block-columns-is-layout-flex\">\n<div class=\"wp-block-column is-layout-flow wp-block-column-is-layout-flow\">\n<figure class=\"wp-block-image size-full\"><img loading=\"lazy\" decoding=\"async\" width=\"300\" height=\"160\" src=\"https:\/\/kittec.eu\/wp-content\/uploads\/2025\/08\/tonbehaelter-rollengestell.jpg\" alt=\"\" class=\"wp-image-37780\"\/><\/figure>\n<\/div>\n\n\n\n<div class=\"wp-block-column is-layout-flow wp-block-column-is-layout-flow\">\n<p style=\"font-size:15px\"><strong>Podstavec s kole\u010dky pro kontejner na hl\u00ednu<\/strong><\/p>\n\n\n\n<p style=\"font-size:15px\"><img loading=\"lazy\" decoding=\"async\" width=\"25\" height=\"24\" src=\"https:\/\/kittec.eu\/wp-content\/uploads\/2017\/09\/ListIconCheckOrange25x25px.jpg\" alt=\"Icon Check Orange\"> li\u0161\u00ed se podle typu<\/p>\n<\/div>\n<\/div>\n<\/div>\n<\/div>\n\n\n\n<h3 class=\"wp-block-heading\">Kontejner na hl\u00ednu KITTEC TB<\/h3>\n\n\n\n<div style=\"height:54px\" aria-hidden=\"true\" class=\"wp-block-spacer\"><\/div>\n\n\n\n<div class=\"tabelle-absetzbecken\" style=\"overflow-x: auto; width: 100%; -webkit-overflow-scrolling: touch;\">\n<table style=\"width: 100%; min-width: 1000px; border: 1px; border-collapse: collapse; border-color: #666666; border-style: solid; font-size: 12px; text-align: center; line-height: 35px;\">\n<tbody>\n<tr style=\"background-color: #666666; border-color: #ffffff;\">\n<td style=\"width: 7.69231%; height: 72px; border: 1px solid #ffffff; color: #ffffff; line-height: 1.2; text-align: center;\"><strong>TYP TB<\/strong><\/td>\n<td style=\"width: 7.69231%; height: 52px; border: 1px solid #ffffff; color: #ffffff; line-height: 1.2; text-align: center;\"><strong>Vnit\u0159n\u00ed \u0161\u00ed <br\/>\u0159ka<\/strong><br\/><strong>(mm)<\/strong><\/td>\n<td style=\"width: 7.69231%; height: 52px; border: 1px solid #ffffff; color: #ffffff; line-height: 1.2; text-align: center;\"><strong>Vnit\u0159n\u00ed hloubka<\/strong><br\/><strong>(mm)<\/strong><\/td>\n<td style=\"width: 7.69231%; height: 52px; border: 1px solid #ffffff; color: #ffffff; line-height: 1.2; text-align: center;\"><strong>Vnit\u0159n\u00ed <br\/>v\u00fd\u0161ka<\/strong><br\/><strong>(mm)<\/strong><\/td>\n<td style=\"width: 7.69231%; height: 52px; border: 1px solid #ffffff; color: #ffffff; line-height: 1.2; text-align: center;\"><strong>Objem<\/strong><br\/><strong>(l)<\/strong><\/td>\n<td style=\"width: 7.69231%; height: 52px; border: 1px solid #ffffff; color: #ffffff; line-height: 1.2; text-align: center;\"><strong>Elkov\u00e1 <br\/>\u0161\u00ed\u0159ka<\/strong><br\/><strong>(mm)<\/strong><\/td>\n<td style=\"width: 7.69231%; height: 52px; border: 1px solid #ffffff; color: #ffffff; line-height: 1.2; text-align: center;\"><strong>Celkov\u00e1 hloubka<\/strong><br\/><strong>(mm)<\/strong><\/td>\n<td style=\"width: 7.69231%; height: 52px; border: 1px solid #ffffff; color: #ffffff; line-height: 1.2; text-align: center;\"><strong>Celkov\u00e1 v\u00fd\u0161ka<\/strong><br\/><strong>(mm)<\/strong><\/td>\n<td style=\"width: 7.69231%; height: 52px; border: 1px solid #ffffff; color: #ffffff; line-height: 1.2; text-align: center;\"><strong>Celkov\u00e1 v\u00fd\u0161ka v\u010d. v\u00edka <\/strong><br\/><strong>(mm)<\/strong><\/td>\n<td style=\"width: 7.69231%; height: 85px; border: 1px solid #ffffff; color: #ffffff; line-height: 1.2; text-align: center;\"><strong>Celkov\u00e1 v\u00fd\u0161ka v\u010d. v\u00edka a kole\u010dek<\/strong><br\/><strong>(mm)<\/strong><\/td>\n<td style=\"width: 7.69231%; height: 52px; border: 1px solid #ffffff; color: #ffffff; line-height: 1.2; text-align: center;\"><strong>Materi\u00e1l<\/strong><\/td>\n<td style=\"width: 7.69231%; height: 52px; border: 1px solid #ffffff; color: #ffffff; line-height: 1.2; text-align: center;\"><strong>Barva<\/strong><\/td>\n<td style=\"width: 7.69231%; height: 52px; border: 1px solid #ffffff; color: #ffffff; line-height: 1.2; text-align: center;\"><strong>Hmotnost<\/strong><br\/><strong>(kg)<\/strong><\/td>\n<\/tr>\n<tr>\n<td style=\"width: 7.69231%; height: 26px; border: 1px solid #666666; color: #000000; text-align: center;\">TB 100<\/td>\n<td style=\"width: 7.69231%; height: 26px; border: 1px solid #666666; color: #000000; text-align: center;\">570<\/td>\n<td style=\"width: 7.69231%; height: 26px; border: 1px solid #666666; color: #000000; text-align: center;\">370<\/td>\n<td style=\"width: 7.69231%; height: 26px; border: 1px solid #666666; color: #000000; text-align: center;\">415<\/td>\n<td style=\"width: 7.69231%; height: 26px; border: 1px solid #666666; color: #000000; text-align: center;\">88<\/td>\n<td style=\"width: 7.69231%; height: 26px; border: 1px solid #666666; color: #000000; text-align: center;\">600<\/td>\n<td style=\"width: 7.69231%; height: 26px; border: 1px solid #666666; color: #000000; text-align: center;\">400<\/td>\n<td style=\"width: 7.69231%; height: 26px; border: 1px solid #666666; color: #000000; text-align: center;\">420<\/td>\n<td style=\"width: 7.69231%; height: 26px; border: 1px solid #666666; color: #000000; text-align: center;\">440<\/td>\n<td style=\"width: 7.69231%; height: 26px; border: 1px solid #666666; color: #000000; text-align: center;\">520<\/td>\n<td style=\"width: 7.69231%; height: 26px; border: 1px solid #666666; color: #000000; text-align: center;\">PP<\/td>\n<td style=\"width: 7.69231%; height: 26px; border: 1px solid #666666; color: #000000; text-align: center;\">\u0161ed\u00fd<\/td>\n<td style=\"width: 7.69231%; height: 26px; border: 1px solid #666666; color: #000000; text-align: center;\">5<\/td>\n<\/tr>\n<tr>\n<td style=\"width: 7.69231%; height: 26px; border: 1px solid #666666; color: #000000; text-align: center; background-color: #eeeeee;\">TB 200<\/td>\n<td style=\"width: 7.69231%; height: 26px; border: 1px solid #666666; color: #000000; text-align: center; background-color: #eeeeee;\">770<\/td>\n<td style=\"width: 7.69231%; height: 26px; border: 1px solid #666666; color: #000000; text-align: center; background-color: #eeeeee;\">570<\/td>\n<td style=\"width: 7.69231%; height: 26px; border: 1px solid #666666; color: #000000; text-align: center; background-color: #eeeeee;\">405<\/td>\n<td style=\"width: 7.69231%; height: 26px; border: 1px solid #666666; color: #000000; text-align: center; background-color: #eeeeee;\">178<\/td>\n<td style=\"width: 7.69231%; height: 26px; border: 1px solid #666666; color: #000000; text-align: center; background-color: #eeeeee;\">800<\/td>\n<td style=\"width: 7.69231%; height: 26px; border: 1px solid #666666; color: #000000; text-align: center; background-color: #eeeeee;\">600<\/td>\n<td style=\"width: 7.69231%; height: 26px; border: 1px solid #666666; color: #000000; text-align: center; background-color: #eeeeee;\">420<\/td>\n<td style=\"width: 7.69231%; height: 26px; border: 1px solid #666666; color: #000000; text-align: center; background-color: #eeeeee;\">440<\/td>\n<td style=\"width: 7.69231%; height: 26px; border: 1px solid #666666; color: #000000; text-align: center; background-color: #eeeeee;\">520<\/td>\n<td style=\"width: 7.69231%; height: 26px; border: 1px solid #666666; color: #000000; text-align: center; background-color: #eeeeee;\">PP<\/td>\n<td style=\"width: 7.69231%; height: 26px; border: 1px solid #666666; color: #000000; text-align: center; background-color: #eeeeee;\">\u0161ed\u00fd<\/td>\n<td style=\"width: 7.69231%; height: 26px; border: 1px solid #666666; color: #000000; text-align: center; background-color: #eeeeee;\">8<\/td>\n<\/tr>\n<tr>\n<td style=\"width: 7.69231%; height: 26px; border: 1px solid #666666; color: #000000; text-align: center;\">TB 760<\/td>\n<td style=\"width: 7.69231%; height: 26px; border: 1px solid #666666; color: #000000; text-align: center;\">1110<\/td>\n<td style=\"width: 7.69231%; height: 26px; border: 1px solid #666666; color: #000000; text-align: center;\">710<\/td>\n<td style=\"width: 7.69231%; height: 26px; border: 1px solid #666666; color: #000000; text-align: center;\">610<\/td>\n<td style=\"width: 7.69231%; height: 26px; border: 1px solid #666666; color: #000000; text-align: center;\">535<\/td>\n<td style=\"width: 7.69231%; height: 26px; border: 1px solid #666666; color: #000000; text-align: center;\">1200<\/td>\n<td style=\"width: 7.69231%; height: 26px; border: 1px solid #666666; color: #000000; text-align: center;\">800<\/td>\n<td style=\"width: 7.69231%; height: 26px; border: 1px solid #666666; color: #000000; text-align: center;\">790<\/td>\n<td style=\"width: 7.69231%; height: 26px; border: 1px solid #666666; color: #000000; text-align: center;\">830<\/td>\n<td style=\"width: 7.69231%; height: 26px; border: 1px solid #666666; color: #000000; text-align: center;\">940<\/td>\n<td style=\"width: 7.69231%; height: 26px; border: 1px solid #666666; color: #000000; text-align: center;\">PP<\/td>\n<td style=\"width: 7.69231%; height: 26px; border: 1px solid #666666; color: #000000; text-align: center;\">\u0161ed\u00fd<\/td>\n<td style=\"width: 7.69231%; height: 26px; border: 1px solid #666666; color: #000000; text-align: center;\">37<\/td>\n<\/tr>\n<\/tbody>\n<\/table>\n<\/div>\n\n\n\n<div style=\"height:30px\" aria-hidden=\"true\" class=\"wp-block-spacer\"><\/div>\n\n\n\n<p class=\"has-text-align-right\">V\u0161echny \u00fadaje bez z\u00e1ruky. Technick\u00e9 zm\u011bny vyhrazeny. <\/p>\n\n\n\n<div style=\"height:50px\" aria-hidden=\"true\" class=\"wp-block-spacer\"><\/div>\n\n\n\n<p class=\"has-text-align-left\">Pokud m\u00e1te dotazy nebo si p\u0159ejete z\u00edskat v\u00edce informac\u00ed nebo individu\u00e1ln\u00ed proveden\u00ed, pros\u00edm kontaktujte n\u00e1s. Brzy se v\u00e1m ozveme.<\/p>\n\n\n\n<div style=\"height:54px\" aria-hidden=\"true\" class=\"wp-block-spacer\"><\/div>\n\n\n\n<div class=\"wp-block-buttons is-layout-flex wp-block-buttons-is-layout-flex\">\n<div class=\"wp-block-button\"><a class=\"wp-block-button__link wp-element-button\" href=\"https:\/\/kittec.eu\/cs\/kontakt\/\">kontaktujte n\u00e1s!<\/a><\/div>\n<\/div>\n\n\n\n<div style=\"height:150px\" aria-hidden=\"true\" class=\"wp-block-spacer\"><\/div>\n","protected":false},"excerpt":{"rendered":"","protected":false},"author":2,"featured_media":37751,"parent":54643,"menu_order":0,"comment_status":"closed","ping_status":"closed","template":"","meta":{"_acf_changed":false,"inline_featured_image":false,"iawp_total_views":4,"footnotes":""},"folder":[100],"class_list":["post-54792","page","type-page","status-publish","has-post-thumbnail","hentry"],"acf":[],"yoast_head":"<!-- This site is optimized with the Yoast SEO plugin v27.2 - https:\/\/yoast.com\/product\/yoast-seo-wordpress\/ -->\n<title>Tonbeh\u00e4lter aus schlagfestem Kunststoff<\/title>\n<meta name=\"description\" content=\"Der Tonbeh\u00e4lter, f\u00fcr die Lagerung von Tonmasse, besteht aus schlagfestem Kunststoff \u2705 mit einer glatten Innenwand &amp; Muschelgriffen. \u25ba JETZT ansehen!\" \/>\n<meta name=\"robots\" content=\"index, follow, max-snippet:-1, max-image-preview:large, max-video-preview:-1\" \/>\n<link rel=\"canonical\" href=\"https:\/\/kittec.eu\/cs\/pristroje-a-vybaveni\/kontejner-na-hlinu\/\" \/>\n<meta property=\"og:locale\" content=\"cs_CZ\" \/>\n<meta property=\"og:type\" content=\"article\" \/>\n<meta property=\"og:title\" content=\"Tonbeh\u00e4lter aus schlagfestem Kunststoff\" \/>\n<meta property=\"og:description\" content=\"Der Tonbeh\u00e4lter, f\u00fcr die Lagerung von Tonmasse, besteht aus schlagfestem Kunststoff \u2705 mit einer glatten Innenwand &amp; Muschelgriffen. \u25ba JETZT ansehen!\" \/>\n<meta property=\"og:url\" content=\"https:\/\/kittec.eu\/cs\/pristroje-a-vybaveni\/kontejner-na-hlinu\/\" \/>\n<meta property=\"og:site_name\" content=\"Kittec Brenn\u00f6fen bis 1800\u00b0C - Brennofen f\u00fcr Industrie und Handwerk\" \/>\n<meta property=\"article:modified_time\" content=\"2026-03-19T10:46:56+00:00\" \/>\n<meta property=\"og:image\" content=\"https:\/\/kittec.eu\/wp-content\/uploads\/2025\/08\/kittec-tonbehaelter-tb-760.jpg\" \/>\n\t<meta property=\"og:image:width\" content=\"300\" \/>\n\t<meta property=\"og:image:height\" content=\"250\" \/>\n\t<meta property=\"og:image:type\" content=\"image\/jpeg\" \/>\n<meta name=\"twitter:card\" content=\"summary_large_image\" \/>\n<meta name=\"twitter:label1\" content=\"Odhadovan\u00e1 doba \u010dten\u00ed\" \/>\n\t<meta name=\"twitter:data1\" content=\"4 minuty\" \/>\n<script type=\"application\/ld+json\" class=\"yoast-schema-graph\">{\"@context\":\"https:\/\/schema.org\",\"@graph\":[{\"@type\":\"WebPage\",\"@id\":\"https:\/\/kittec.eu\/cs\/pristroje-a-vybaveni\/kontejner-na-hlinu\/\",\"url\":\"https:\/\/kittec.eu\/cs\/pristroje-a-vybaveni\/kontejner-na-hlinu\/\",\"name\":\"Tonbeh\u00e4lter aus schlagfestem Kunststoff\",\"isPartOf\":{\"@id\":\"https:\/\/kittec.eu\/cs\/#website\"},\"primaryImageOfPage\":{\"@id\":\"https:\/\/kittec.eu\/cs\/pristroje-a-vybaveni\/kontejner-na-hlinu\/#primaryimage\"},\"image\":{\"@id\":\"https:\/\/kittec.eu\/cs\/pristroje-a-vybaveni\/kontejner-na-hlinu\/#primaryimage\"},\"thumbnailUrl\":\"https:\/\/kittec.eu\/wp-content\/uploads\/2025\/08\/kittec-tonbehaelter-tb-760.jpg\",\"datePublished\":\"2025-08-28T09:30:44+00:00\",\"dateModified\":\"2026-03-19T10:46:56+00:00\",\"description\":\"Der Tonbeh\u00e4lter, f\u00fcr die Lagerung von Tonmasse, besteht aus schlagfestem Kunststoff \u2705 mit einer glatten Innenwand & Muschelgriffen. \u25ba JETZT ansehen!\",\"breadcrumb\":{\"@id\":\"https:\/\/kittec.eu\/cs\/pristroje-a-vybaveni\/kontejner-na-hlinu\/#breadcrumb\"},\"inLanguage\":\"cs\",\"potentialAction\":[{\"@type\":\"ReadAction\",\"target\":[\"https:\/\/kittec.eu\/cs\/pristroje-a-vybaveni\/kontejner-na-hlinu\/\"]}]},{\"@type\":\"ImageObject\",\"inLanguage\":\"cs\",\"@id\":\"https:\/\/kittec.eu\/cs\/pristroje-a-vybaveni\/kontejner-na-hlinu\/#primaryimage\",\"url\":\"https:\/\/kittec.eu\/wp-content\/uploads\/2025\/08\/kittec-tonbehaelter-tb-760.jpg\",\"contentUrl\":\"https:\/\/kittec.eu\/wp-content\/uploads\/2025\/08\/kittec-tonbehaelter-tb-760.jpg\",\"width\":300,\"height\":250},{\"@type\":\"BreadcrumbList\",\"@id\":\"https:\/\/kittec.eu\/cs\/pristroje-a-vybaveni\/kontejner-na-hlinu\/#breadcrumb\",\"itemListElement\":[{\"@type\":\"ListItem\",\"position\":1,\"name\":\"Home\",\"item\":\"https:\/\/kittec.eu\/cs\/\"},{\"@type\":\"ListItem\",\"position\":2,\"name\":\"P\u0158\u00cdSTROJE &amp; VYBAVEN\u00cd\",\"item\":\"https:\/\/kittec.eu\/cs\/pristroje-a-vybaveni\/\"},{\"@type\":\"ListItem\",\"position\":3,\"name\":\"Kontejner na hl\u00ednu\"}]},{\"@type\":\"WebSite\",\"@id\":\"https:\/\/kittec.eu\/cs\/#website\",\"url\":\"https:\/\/kittec.eu\/cs\/\",\"name\":\"Kittec Brenn\u00f6fen bis 1800\u00b0C - Brennofen f\u00fcr Industrie und Handwerk\",\"description\":\"F\u00fcr jede Anwendung der passende Brennofen\",\"publisher\":{\"@id\":\"https:\/\/kittec.eu\/cs\/#organization\"},\"potentialAction\":[{\"@type\":\"SearchAction\",\"target\":{\"@type\":\"EntryPoint\",\"urlTemplate\":\"https:\/\/kittec.eu\/cs\/?s={search_term_string}\"},\"query-input\":{\"@type\":\"PropertyValueSpecification\",\"valueRequired\":true,\"valueName\":\"search_term_string\"}}],\"inLanguage\":\"cs\"},{\"@type\":\"Organization\",\"@id\":\"https:\/\/kittec.eu\/cs\/#organization\",\"name\":\"Kittec Brenn\u00f6fen bis 1800\u00b0C - Brennofen f\u00fcr Industrie und Handwerk\",\"url\":\"https:\/\/kittec.eu\/cs\/\",\"logo\":{\"@type\":\"ImageObject\",\"inLanguage\":\"cs\",\"@id\":\"https:\/\/kittec.eu\/cs\/#\/schema\/logo\/image\/\",\"url\":\"https:\/\/kittec.eu\/wp-content\/uploads\/2025\/07\/logo.png\",\"contentUrl\":\"https:\/\/kittec.eu\/wp-content\/uploads\/2025\/07\/logo.png\",\"width\":150,\"height\":53,\"caption\":\"Kittec Brenn\u00f6fen bis 1800\u00b0C - Brennofen f\u00fcr Industrie und Handwerk\"},\"image\":{\"@id\":\"https:\/\/kittec.eu\/cs\/#\/schema\/logo\/image\/\"}}]}<\/script>\n<!-- \/ Yoast SEO plugin. -->","yoast_head_json":{"title":"Tonbeh\u00e4lter aus schlagfestem Kunststoff","description":"Der Tonbeh\u00e4lter, f\u00fcr die Lagerung von Tonmasse, besteht aus schlagfestem Kunststoff \u2705 mit einer glatten Innenwand & Muschelgriffen. \u25ba JETZT ansehen!","robots":{"index":"index","follow":"follow","max-snippet":"max-snippet:-1","max-image-preview":"max-image-preview:large","max-video-preview":"max-video-preview:-1"},"canonical":"https:\/\/kittec.eu\/cs\/pristroje-a-vybaveni\/kontejner-na-hlinu\/","og_locale":"cs_CZ","og_type":"article","og_title":"Tonbeh\u00e4lter aus schlagfestem Kunststoff","og_description":"Der Tonbeh\u00e4lter, f\u00fcr die Lagerung von Tonmasse, besteht aus schlagfestem Kunststoff \u2705 mit einer glatten Innenwand & Muschelgriffen. \u25ba JETZT ansehen!","og_url":"https:\/\/kittec.eu\/cs\/pristroje-a-vybaveni\/kontejner-na-hlinu\/","og_site_name":"Kittec Brenn\u00f6fen bis 1800\u00b0C - Brennofen f\u00fcr Industrie und Handwerk","article_modified_time":"2026-03-19T10:46:56+00:00","og_image":[{"width":300,"height":250,"url":"https:\/\/kittec.eu\/wp-content\/uploads\/2025\/08\/kittec-tonbehaelter-tb-760.jpg","type":"image\/jpeg"}],"twitter_card":"summary_large_image","twitter_misc":{"Odhadovan\u00e1 doba \u010dten\u00ed":"4 minuty"},"schema":{"@context":"https:\/\/schema.org","@graph":[{"@type":"WebPage","@id":"https:\/\/kittec.eu\/cs\/pristroje-a-vybaveni\/kontejner-na-hlinu\/","url":"https:\/\/kittec.eu\/cs\/pristroje-a-vybaveni\/kontejner-na-hlinu\/","name":"Tonbeh\u00e4lter aus schlagfestem Kunststoff","isPartOf":{"@id":"https:\/\/kittec.eu\/cs\/#website"},"primaryImageOfPage":{"@id":"https:\/\/kittec.eu\/cs\/pristroje-a-vybaveni\/kontejner-na-hlinu\/#primaryimage"},"image":{"@id":"https:\/\/kittec.eu\/cs\/pristroje-a-vybaveni\/kontejner-na-hlinu\/#primaryimage"},"thumbnailUrl":"https:\/\/kittec.eu\/wp-content\/uploads\/2025\/08\/kittec-tonbehaelter-tb-760.jpg","datePublished":"2025-08-28T09:30:44+00:00","dateModified":"2026-03-19T10:46:56+00:00","description":"Der Tonbeh\u00e4lter, f\u00fcr die Lagerung von Tonmasse, besteht aus schlagfestem Kunststoff \u2705 mit einer glatten Innenwand & Muschelgriffen. \u25ba JETZT ansehen!","breadcrumb":{"@id":"https:\/\/kittec.eu\/cs\/pristroje-a-vybaveni\/kontejner-na-hlinu\/#breadcrumb"},"inLanguage":"cs","potentialAction":[{"@type":"ReadAction","target":["https:\/\/kittec.eu\/cs\/pristroje-a-vybaveni\/kontejner-na-hlinu\/"]}]},{"@type":"ImageObject","inLanguage":"cs","@id":"https:\/\/kittec.eu\/cs\/pristroje-a-vybaveni\/kontejner-na-hlinu\/#primaryimage","url":"https:\/\/kittec.eu\/wp-content\/uploads\/2025\/08\/kittec-tonbehaelter-tb-760.jpg","contentUrl":"https:\/\/kittec.eu\/wp-content\/uploads\/2025\/08\/kittec-tonbehaelter-tb-760.jpg","width":300,"height":250},{"@type":"BreadcrumbList","@id":"https:\/\/kittec.eu\/cs\/pristroje-a-vybaveni\/kontejner-na-hlinu\/#breadcrumb","itemListElement":[{"@type":"ListItem","position":1,"name":"Home","item":"https:\/\/kittec.eu\/cs\/"},{"@type":"ListItem","position":2,"name":"P\u0158\u00cdSTROJE &amp; VYBAVEN\u00cd","item":"https:\/\/kittec.eu\/cs\/pristroje-a-vybaveni\/"},{"@type":"ListItem","position":3,"name":"Kontejner na hl\u00ednu"}]},{"@type":"WebSite","@id":"https:\/\/kittec.eu\/cs\/#website","url":"https:\/\/kittec.eu\/cs\/","name":"Kittec Brenn\u00f6fen bis 1800\u00b0C - Brennofen f\u00fcr Industrie und Handwerk","description":"F\u00fcr jede Anwendung der passende Brennofen","publisher":{"@id":"https:\/\/kittec.eu\/cs\/#organization"},"potentialAction":[{"@type":"SearchAction","target":{"@type":"EntryPoint","urlTemplate":"https:\/\/kittec.eu\/cs\/?s={search_term_string}"},"query-input":{"@type":"PropertyValueSpecification","valueRequired":true,"valueName":"search_term_string"}}],"inLanguage":"cs"},{"@type":"Organization","@id":"https:\/\/kittec.eu\/cs\/#organization","name":"Kittec Brenn\u00f6fen bis 1800\u00b0C - Brennofen f\u00fcr Industrie und Handwerk","url":"https:\/\/kittec.eu\/cs\/","logo":{"@type":"ImageObject","inLanguage":"cs","@id":"https:\/\/kittec.eu\/cs\/#\/schema\/logo\/image\/","url":"https:\/\/kittec.eu\/wp-content\/uploads\/2025\/07\/logo.png","contentUrl":"https:\/\/kittec.eu\/wp-content\/uploads\/2025\/07\/logo.png","width":150,"height":53,"caption":"Kittec Brenn\u00f6fen bis 1800\u00b0C - Brennofen f\u00fcr Industrie und Handwerk"},"image":{"@id":"https:\/\/kittec.eu\/cs\/#\/schema\/logo\/image\/"}}]}},"_links":{"self":[{"href":"https:\/\/kittec.eu\/cs\/wp-json\/wp\/v2\/pages\/54792","targetHints":{"allow":["GET"]}}],"collection":[{"href":"https:\/\/kittec.eu\/cs\/wp-json\/wp\/v2\/pages"}],"about":[{"href":"https:\/\/kittec.eu\/cs\/wp-json\/wp\/v2\/types\/page"}],"author":[{"embeddable":true,"href":"https:\/\/kittec.eu\/cs\/wp-json\/wp\/v2\/users\/2"}],"replies":[{"embeddable":true,"href":"https:\/\/kittec.eu\/cs\/wp-json\/wp\/v2\/comments?post=54792"}],"version-history":[{"count":11,"href":"https:\/\/kittec.eu\/cs\/wp-json\/wp\/v2\/pages\/54792\/revisions"}],"predecessor-version":[{"id":60415,"href":"https:\/\/kittec.eu\/cs\/wp-json\/wp\/v2\/pages\/54792\/revisions\/60415"}],"up":[{"embeddable":true,"href":"https:\/\/kittec.eu\/cs\/wp-json\/wp\/v2\/pages\/54643"}],"wp:featuredmedia":[{"embeddable":true,"href":"https:\/\/kittec.eu\/cs\/wp-json\/wp\/v2\/media\/37751"}],"wp:attachment":[{"href":"https:\/\/kittec.eu\/cs\/wp-json\/wp\/v2\/media?parent=54792"}],"wp:term":[{"taxonomy":"folder","embeddable":true,"href":"https:\/\/kittec.eu\/cs\/wp-json\/wp\/v2\/folder?post=54792"}],"curies":[{"name":"wp","href":"https:\/\/api.w.org\/{rel}","templated":true}]}}