{"id":54920,"date":"2025-09-10T08:48:34","date_gmt":"2025-09-10T06:48:34","guid":{"rendered":"https:\/\/kittec.eu\/servis\/aplikace\/vypalovani-glazury\/"},"modified":"2026-02-01T20:12:19","modified_gmt":"2026-02-01T19:12:19","slug":"vypalovani-glazury","status":"publish","type":"page","link":"https:\/\/kittec.eu\/cs\/servis\/aplikace\/vypalovani-glazury\/","title":{"rendered":"Vypalov\u00e1n\u00ed glazury"},"content":{"rendered":"\n<div class=\"wp-block-group\"><div class=\"wp-block-group__inner-container is-layout-constrained wp-block-group-is-layout-constrained\">\n<div style=\"height:50px\" aria-hidden=\"true\" class=\"wp-block-spacer\"><\/div>\n\n\n\n<div class=\"wp-block-columns is-layout-flex wp-container-core-columns-is-layout-9d6595d7 wp-block-columns-is-layout-flex\">\n<div class=\"wp-block-column is-layout-flow wp-block-column-is-layout-flow\" style=\"flex-basis:66.66%\">\n<p style=\"font-size:15px\">Proto\u017ee glazury reaguj\u00ed velmi citliv\u011b na rozd\u00edly v teplot\u011b, m\u00e1 pro pozd\u011bj\u0161\u00ed vzhled v\u00fdrobk\u016f velk\u00fd v\u00fdznam stejnom\u011brn\u00e1 distribuce tepla v peci.<\/p>\n\n\n\n<p style=\"font-size:15px\">K tomu se kousky v peci rozlo\u017e\u00ed co nejrovnom\u011brn\u011bji, kousky zhruba stejn\u00e9 v\u00fd\u0161ky se seskup\u00ed v jednom pat\u0159e.<\/p>\n\n\n\n<p style=\"font-size:15px\">Spodn\u00ed plochy v\u00fdrobk\u016f nesm\u00ed b\u00fdt glazurov\u00e1ny, pokud ano, pak mus\u00ed st\u00e1t na keramick\u00fdch trojno\u017ek\u00e1ch kv\u016fli odd\u011blen\u00ed od dosedac\u00ed plochy.<\/p>\n\n\n\n<p style=\"font-size:15px\">KITTEC samoz\u0159ejm\u011b nab\u00edz\u00ed tak\u00e9 pece vhodn\u00e9 pro vypalov\u00e1n\u00ed glazury. V na\u0161em p\u0159ehledu v\u00fdrobk\u016f najdete nap\u0159. poklopov\u00e9 a komorov\u00e9 pece. V t\u00e9to souvislosti bychom v\u00e1s r\u00e1di upozornili p\u0159edev\u0161\u00edm na na\u0161e modelov\u00e9 \u0159ady CB, SQ, CBN a CBG.  <\/p>\n<\/div>\n\n\n\n<div class=\"wp-block-column is-layout-flow wp-block-column-is-layout-flow\" style=\"flex-basis:33.33%\">\n<figure class=\"wp-block-image size-full\"><img loading=\"lazy\" decoding=\"async\" width=\"900\" height=\"640\" src=\"https:\/\/kittec.eu\/wp-content\/uploads\/2025\/08\/glasurbrand-640x900-2.jpg\" alt=\"\" class=\"wp-image-37648\" srcset=\"https:\/\/kittec.eu\/wp-content\/uploads\/2025\/08\/glasurbrand-640x900-2.jpg 900w, https:\/\/kittec.eu\/wp-content\/uploads\/2025\/08\/glasurbrand-640x900-2-300x213.jpg 300w, https:\/\/kittec.eu\/wp-content\/uploads\/2025\/08\/glasurbrand-640x900-2-768x546.jpg 768w\" sizes=\"auto, (max-width: 900px) 100vw, 900px\" \/><\/figure>\n<\/div>\n<\/div>\n\n\n\n<div style=\"height:50px\" aria-hidden=\"true\" class=\"wp-block-spacer\"><\/div>\n\n\n\n<div style=\"height:50px\" aria-hidden=\"true\" class=\"wp-block-spacer\"><\/div>\n\n\n\n<div class=\"wp-block-columns is-layout-flex wp-container-core-columns-is-layout-9d6595d7 wp-block-columns-is-layout-flex\">\n<div class=\"wp-block-column is-vertically-aligned-center is-layout-flow wp-block-column-is-layout-flow\"><div class=\"wp-block-image\">\n<figure class=\"aligncenter size-full is-resized\"><img loading=\"lazy\" decoding=\"async\" width=\"640\" height=\"640\" src=\"https:\/\/kittec.eu\/wp-content\/uploads\/2025\/08\/CB_95_Plus_13762_640x640px.jpg\" alt=\"\" class=\"wp-image-37297\" style=\"width:238px\" srcset=\"https:\/\/kittec.eu\/wp-content\/uploads\/2025\/08\/CB_95_Plus_13762_640x640px.jpg 640w, https:\/\/kittec.eu\/wp-content\/uploads\/2025\/08\/CB_95_Plus_13762_640x640px-300x300.jpg 300w, https:\/\/kittec.eu\/wp-content\/uploads\/2025\/08\/CB_95_Plus_13762_640x640px-150x150.jpg 150w\" sizes=\"auto, (max-width: 640px) 100vw, 640px\" \/><\/figure>\n<\/div><\/div>\n\n\n\n<div class=\"wp-block-column is-vertically-aligned-center is-layout-flow wp-block-column-is-layout-flow\"><div class=\"wp-block-image\">\n<figure class=\"aligncenter size-full is-resized\"><img loading=\"lazy\" decoding=\"async\" width=\"640\" height=\"640\" src=\"https:\/\/kittec.eu\/wp-content\/uploads\/2025\/08\/SQ_70PLUS_10675_2021_RGB_640x640.jpg\" alt=\"\" class=\"wp-image-36928\" style=\"width:238px\" srcset=\"https:\/\/kittec.eu\/wp-content\/uploads\/2025\/08\/SQ_70PLUS_10675_2021_RGB_640x640.jpg 640w, https:\/\/kittec.eu\/wp-content\/uploads\/2025\/08\/SQ_70PLUS_10675_2021_RGB_640x640-300x300.jpg 300w, https:\/\/kittec.eu\/wp-content\/uploads\/2025\/08\/SQ_70PLUS_10675_2021_RGB_640x640-150x150.jpg 150w\" sizes=\"auto, (max-width: 640px) 100vw, 640px\" \/><\/figure>\n<\/div><\/div>\n\n\n\n<div class=\"wp-block-column is-vertically-aligned-center is-layout-flow wp-block-column-is-layout-flow\"><div class=\"wp-block-image\">\n<figure class=\"aligncenter size-full is-resized\"><img loading=\"lazy\" decoding=\"async\" width=\"640\" height=\"640\" src=\"https:\/\/kittec.eu\/wp-content\/uploads\/2025\/08\/CBN70_2021_RGB_640px_interpoliert.png\" alt=\"\" class=\"wp-image-52186\" style=\"width:238px\" srcset=\"https:\/\/kittec.eu\/wp-content\/uploads\/2025\/08\/CBN70_2021_RGB_640px_interpoliert.png 640w, https:\/\/kittec.eu\/wp-content\/uploads\/2025\/08\/CBN70_2021_RGB_640px_interpoliert-300x300.png 300w, https:\/\/kittec.eu\/wp-content\/uploads\/2025\/08\/CBN70_2021_RGB_640px_interpoliert-150x150.png 150w\" sizes=\"auto, (max-width: 640px) 100vw, 640px\" \/><\/figure>\n<\/div><\/div>\n\n\n\n<div class=\"wp-block-column is-layout-flow wp-block-column-is-layout-flow\"><div class=\"wp-block-image\">\n<figure class=\"aligncenter size-full is-resized\"><img loading=\"lazy\" decoding=\"async\" width=\"640\" height=\"640\" src=\"https:\/\/kittec.eu\/wp-content\/uploads\/2025\/08\/CBG_160_640p.jpg\" alt=\"\" class=\"wp-image-37213\" style=\"width:238px\" srcset=\"https:\/\/kittec.eu\/wp-content\/uploads\/2025\/08\/CBG_160_640p.jpg 640w, https:\/\/kittec.eu\/wp-content\/uploads\/2025\/08\/CBG_160_640p-300x300.jpg 300w, https:\/\/kittec.eu\/wp-content\/uploads\/2025\/08\/CBG_160_640p-150x150.jpg 150w\" sizes=\"auto, (max-width: 640px) 100vw, 640px\" \/><\/figure>\n<\/div><\/div>\n<\/div>\n\n\n\n<div style=\"height:50px\" aria-hidden=\"true\" class=\"wp-block-spacer\"><\/div>\n\n\n\n<p style=\"font-size:15px\">V z\u00e1vislosti na pou\u017eit\u00ed m\u016f\u017eeme pro v\u00e1s vyvinout ve spolupr\u00e1ci s na\u0161\u00edm odd\u011blen\u00edm speci\u00e1ln\u00edch konstrukc\u00ed i zcela individu\u00e1ln\u00ed \u0159e\u0161en\u00ed. Na\u0161i odborn\u00edci <a href=\"https:\/\/kittec.eu\/cs\/servis\/\">v\u00e1m r\u00e1di individu\u00e1ln\u011b porad\u00ed<\/a> a pomohou naj\u00edt vhodn\u00e9 \u0159e\u0161en\u00ed v na\u0161\u00ed \u0161irok\u00e9 nab\u00eddce v\u00fdrobk\u016f. <\/p>\n\n\n\n<p style=\"font-size:15px\"><strong>Ji\u017e v\u00edce ne\u017e 40 let se specializujeme na v\u00fdrobu pec\u00ed pro nejr\u016fzn\u011bj\u0161\u00ed oblasti vyu\u017eit\u00ed \u2013 od soukrom\u00e9 sf\u00e9ry a\u017e po pr\u016fmyslovou v\u00fdrobu.<\/strong> <a href=\"https:\/\/kittec.eu\/cs\/servis\/\">R\u00e1di v\u00e1m osobn\u011b porad\u00edme, <\/a>kter\u00e1 z na\u0161ich pec\u00ed je pro va\u0161e pot\u0159eby nejvhodn\u011bj\u0161\u00ed. Pece v na\u0161\u00ed nab\u00eddce se li\u0161\u00ed konstrukc\u00ed, velikost\u00ed a po\u017eadovan\u00fdm rozsahem teplot. N\u00e1\u0161 v\u00fdb\u011br pec\u00ed se li\u0161\u00ed designem, velikost\u00ed a po\u017eadovan\u00fdm teplotn\u00edm rozsahem.<\/p>\n\n\n\n<div style=\"height:30px\" aria-hidden=\"true\" class=\"wp-block-spacer\"><\/div>\n\n\n\n<div class=\"wp-block-buttons is-layout-flex wp-block-buttons-is-layout-flex\">\n<div class=\"wp-block-button\"><a class=\"wp-block-button__link wp-element-button\" href=\"https:\/\/kittec.eu\/cs\/kontakt\/\">kontaktujte n\u00e1s<\/a><\/div>\n<\/div>\n\n\n\n<div style=\"height:150px\" aria-hidden=\"true\" class=\"wp-block-spacer\"><\/div>\n<\/div><\/div>\n","protected":false},"excerpt":{"rendered":"","protected":false},"author":2,"featured_media":37631,"parent":53291,"menu_order":0,"comment_status":"closed","ping_status":"closed","template":"","meta":{"_acf_changed":false,"inline_featured_image":false,"iawp_total_views":10,"footnotes":""},"folder":[91],"class_list":["post-54920","page","type-page","status-publish","has-post-thumbnail","hentry"],"acf":[],"yoast_head":"<!-- This site is optimized with the Yoast SEO plugin v27.2 - https:\/\/yoast.com\/product\/yoast-seo-wordpress\/ -->\n<title>Glaze firing - The firing of glazed pottery products<\/title>\n<meta name=\"description\" content=\"When firing glazes, even temperature distribution in the kiln is crucial for the final appearance of the pieces. \u25b6\ufe0f Learn more!\" \/>\n<meta name=\"robots\" content=\"index, follow, max-snippet:-1, max-image-preview:large, max-video-preview:-1\" \/>\n<link rel=\"canonical\" href=\"https:\/\/kittec.eu\/cs\/servis\/aplikace\/vypalovani-glazury\/\" \/>\n<meta property=\"og:locale\" content=\"cs_CZ\" \/>\n<meta property=\"og:type\" content=\"article\" \/>\n<meta property=\"og:title\" content=\"Glaze firing - The firing of glazed pottery products\" \/>\n<meta property=\"og:description\" content=\"When firing glazes, even temperature distribution in the kiln is crucial for the final appearance of the pieces. \u25b6\ufe0f Learn more!\" \/>\n<meta property=\"og:url\" content=\"https:\/\/kittec.eu\/cs\/servis\/aplikace\/vypalovani-glazury\/\" \/>\n<meta property=\"og:site_name\" content=\"Kittec Brenn\u00f6fen bis 1800\u00b0C - Brennofen f\u00fcr Industrie und Handwerk\" \/>\n<meta property=\"article:modified_time\" content=\"2026-02-01T19:12:19+00:00\" \/>\n<meta property=\"og:image\" content=\"https:\/\/kittec.eu\/wp-content\/uploads\/2025\/08\/glasurbrand-8321-640x640-1.jpg\" \/>\n\t<meta property=\"og:image:width\" content=\"640\" \/>\n\t<meta property=\"og:image:height\" content=\"640\" \/>\n\t<meta property=\"og:image:type\" content=\"image\/jpeg\" \/>\n<meta name=\"twitter:card\" content=\"summary_large_image\" \/>\n<meta name=\"twitter:label1\" content=\"Odhadovan\u00e1 doba \u010dten\u00ed\" \/>\n\t<meta name=\"twitter:data1\" content=\"1 minuta\" \/>\n<script type=\"application\/ld+json\" class=\"yoast-schema-graph\">{\"@context\":\"https:\/\/schema.org\",\"@graph\":[{\"@type\":\"WebPage\",\"@id\":\"https:\/\/kittec.eu\/cs\/servis\/aplikace\/vypalovani-glazury\/\",\"url\":\"https:\/\/kittec.eu\/cs\/servis\/aplikace\/vypalovani-glazury\/\",\"name\":\"Glaze firing - The firing of glazed pottery products\",\"isPartOf\":{\"@id\":\"https:\/\/kittec.eu\/cs\/#website\"},\"primaryImageOfPage\":{\"@id\":\"https:\/\/kittec.eu\/cs\/servis\/aplikace\/vypalovani-glazury\/#primaryimage\"},\"image\":{\"@id\":\"https:\/\/kittec.eu\/cs\/servis\/aplikace\/vypalovani-glazury\/#primaryimage\"},\"thumbnailUrl\":\"https:\/\/kittec.eu\/wp-content\/uploads\/2025\/08\/glasurbrand-8321-640x640-1.jpg\",\"datePublished\":\"2025-09-10T06:48:34+00:00\",\"dateModified\":\"2026-02-01T19:12:19+00:00\",\"description\":\"When firing glazes, even temperature distribution in the kiln is crucial for the final appearance of the pieces. \u25b6\ufe0f Learn more!\",\"breadcrumb\":{\"@id\":\"https:\/\/kittec.eu\/cs\/servis\/aplikace\/vypalovani-glazury\/#breadcrumb\"},\"inLanguage\":\"cs\",\"potentialAction\":[{\"@type\":\"ReadAction\",\"target\":[\"https:\/\/kittec.eu\/cs\/servis\/aplikace\/vypalovani-glazury\/\"]}]},{\"@type\":\"ImageObject\",\"inLanguage\":\"cs\",\"@id\":\"https:\/\/kittec.eu\/cs\/servis\/aplikace\/vypalovani-glazury\/#primaryimage\",\"url\":\"https:\/\/kittec.eu\/wp-content\/uploads\/2025\/08\/glasurbrand-8321-640x640-1.jpg\",\"contentUrl\":\"https:\/\/kittec.eu\/wp-content\/uploads\/2025\/08\/glasurbrand-8321-640x640-1.jpg\",\"width\":640,\"height\":640},{\"@type\":\"BreadcrumbList\",\"@id\":\"https:\/\/kittec.eu\/cs\/servis\/aplikace\/vypalovani-glazury\/#breadcrumb\",\"itemListElement\":[{\"@type\":\"ListItem\",\"position\":1,\"name\":\"Home\",\"item\":\"https:\/\/kittec.eu\/cs\/\"},{\"@type\":\"ListItem\",\"position\":2,\"name\":\"SERVIS\",\"item\":\"https:\/\/kittec.eu\/cs\/servis\/\"},{\"@type\":\"ListItem\",\"position\":3,\"name\":\"APLIKACE\",\"item\":\"https:\/\/kittec.eu\/cs\/servis\/aplikace\/\"},{\"@type\":\"ListItem\",\"position\":4,\"name\":\"Vypalov\u00e1n\u00ed glazury\"}]},{\"@type\":\"WebSite\",\"@id\":\"https:\/\/kittec.eu\/cs\/#website\",\"url\":\"https:\/\/kittec.eu\/cs\/\",\"name\":\"Kittec Brenn\u00f6fen bis 1800\u00b0C - Brennofen f\u00fcr Industrie und Handwerk\",\"description\":\"F\u00fcr jede Anwendung der passende Brennofen\",\"publisher\":{\"@id\":\"https:\/\/kittec.eu\/cs\/#organization\"},\"potentialAction\":[{\"@type\":\"SearchAction\",\"target\":{\"@type\":\"EntryPoint\",\"urlTemplate\":\"https:\/\/kittec.eu\/cs\/?s={search_term_string}\"},\"query-input\":{\"@type\":\"PropertyValueSpecification\",\"valueRequired\":true,\"valueName\":\"search_term_string\"}}],\"inLanguage\":\"cs\"},{\"@type\":\"Organization\",\"@id\":\"https:\/\/kittec.eu\/cs\/#organization\",\"name\":\"Kittec Brenn\u00f6fen bis 1800\u00b0C - Brennofen f\u00fcr Industrie und Handwerk\",\"url\":\"https:\/\/kittec.eu\/cs\/\",\"logo\":{\"@type\":\"ImageObject\",\"inLanguage\":\"cs\",\"@id\":\"https:\/\/kittec.eu\/cs\/#\/schema\/logo\/image\/\",\"url\":\"https:\/\/kittec.eu\/wp-content\/uploads\/2025\/07\/logo.png\",\"contentUrl\":\"https:\/\/kittec.eu\/wp-content\/uploads\/2025\/07\/logo.png\",\"width\":150,\"height\":53,\"caption\":\"Kittec Brenn\u00f6fen bis 1800\u00b0C - Brennofen f\u00fcr Industrie und Handwerk\"},\"image\":{\"@id\":\"https:\/\/kittec.eu\/cs\/#\/schema\/logo\/image\/\"}}]}<\/script>\n<!-- \/ Yoast SEO plugin. -->","yoast_head_json":{"title":"Glaze firing - The firing of glazed pottery products","description":"When firing glazes, even temperature distribution in the kiln is crucial for the final appearance of the pieces. \u25b6\ufe0f Learn more!","robots":{"index":"index","follow":"follow","max-snippet":"max-snippet:-1","max-image-preview":"max-image-preview:large","max-video-preview":"max-video-preview:-1"},"canonical":"https:\/\/kittec.eu\/cs\/servis\/aplikace\/vypalovani-glazury\/","og_locale":"cs_CZ","og_type":"article","og_title":"Glaze firing - The firing of glazed pottery products","og_description":"When firing glazes, even temperature distribution in the kiln is crucial for the final appearance of the pieces. \u25b6\ufe0f Learn more!","og_url":"https:\/\/kittec.eu\/cs\/servis\/aplikace\/vypalovani-glazury\/","og_site_name":"Kittec Brenn\u00f6fen bis 1800\u00b0C - Brennofen f\u00fcr Industrie und Handwerk","article_modified_time":"2026-02-01T19:12:19+00:00","og_image":[{"width":640,"height":640,"url":"https:\/\/kittec.eu\/wp-content\/uploads\/2025\/08\/glasurbrand-8321-640x640-1.jpg","type":"image\/jpeg"}],"twitter_card":"summary_large_image","twitter_misc":{"Odhadovan\u00e1 doba \u010dten\u00ed":"1 minuta"},"schema":{"@context":"https:\/\/schema.org","@graph":[{"@type":"WebPage","@id":"https:\/\/kittec.eu\/cs\/servis\/aplikace\/vypalovani-glazury\/","url":"https:\/\/kittec.eu\/cs\/servis\/aplikace\/vypalovani-glazury\/","name":"Glaze firing - The firing of glazed pottery products","isPartOf":{"@id":"https:\/\/kittec.eu\/cs\/#website"},"primaryImageOfPage":{"@id":"https:\/\/kittec.eu\/cs\/servis\/aplikace\/vypalovani-glazury\/#primaryimage"},"image":{"@id":"https:\/\/kittec.eu\/cs\/servis\/aplikace\/vypalovani-glazury\/#primaryimage"},"thumbnailUrl":"https:\/\/kittec.eu\/wp-content\/uploads\/2025\/08\/glasurbrand-8321-640x640-1.jpg","datePublished":"2025-09-10T06:48:34+00:00","dateModified":"2026-02-01T19:12:19+00:00","description":"When firing glazes, even temperature distribution in the kiln is crucial for the final appearance of the pieces. \u25b6\ufe0f Learn more!","breadcrumb":{"@id":"https:\/\/kittec.eu\/cs\/servis\/aplikace\/vypalovani-glazury\/#breadcrumb"},"inLanguage":"cs","potentialAction":[{"@type":"ReadAction","target":["https:\/\/kittec.eu\/cs\/servis\/aplikace\/vypalovani-glazury\/"]}]},{"@type":"ImageObject","inLanguage":"cs","@id":"https:\/\/kittec.eu\/cs\/servis\/aplikace\/vypalovani-glazury\/#primaryimage","url":"https:\/\/kittec.eu\/wp-content\/uploads\/2025\/08\/glasurbrand-8321-640x640-1.jpg","contentUrl":"https:\/\/kittec.eu\/wp-content\/uploads\/2025\/08\/glasurbrand-8321-640x640-1.jpg","width":640,"height":640},{"@type":"BreadcrumbList","@id":"https:\/\/kittec.eu\/cs\/servis\/aplikace\/vypalovani-glazury\/#breadcrumb","itemListElement":[{"@type":"ListItem","position":1,"name":"Home","item":"https:\/\/kittec.eu\/cs\/"},{"@type":"ListItem","position":2,"name":"SERVIS","item":"https:\/\/kittec.eu\/cs\/servis\/"},{"@type":"ListItem","position":3,"name":"APLIKACE","item":"https:\/\/kittec.eu\/cs\/servis\/aplikace\/"},{"@type":"ListItem","position":4,"name":"Vypalov\u00e1n\u00ed glazury"}]},{"@type":"WebSite","@id":"https:\/\/kittec.eu\/cs\/#website","url":"https:\/\/kittec.eu\/cs\/","name":"Kittec Brenn\u00f6fen bis 1800\u00b0C - Brennofen f\u00fcr Industrie und Handwerk","description":"F\u00fcr jede Anwendung der passende Brennofen","publisher":{"@id":"https:\/\/kittec.eu\/cs\/#organization"},"potentialAction":[{"@type":"SearchAction","target":{"@type":"EntryPoint","urlTemplate":"https:\/\/kittec.eu\/cs\/?s={search_term_string}"},"query-input":{"@type":"PropertyValueSpecification","valueRequired":true,"valueName":"search_term_string"}}],"inLanguage":"cs"},{"@type":"Organization","@id":"https:\/\/kittec.eu\/cs\/#organization","name":"Kittec Brenn\u00f6fen bis 1800\u00b0C - Brennofen f\u00fcr Industrie und Handwerk","url":"https:\/\/kittec.eu\/cs\/","logo":{"@type":"ImageObject","inLanguage":"cs","@id":"https:\/\/kittec.eu\/cs\/#\/schema\/logo\/image\/","url":"https:\/\/kittec.eu\/wp-content\/uploads\/2025\/07\/logo.png","contentUrl":"https:\/\/kittec.eu\/wp-content\/uploads\/2025\/07\/logo.png","width":150,"height":53,"caption":"Kittec Brenn\u00f6fen bis 1800\u00b0C - Brennofen f\u00fcr Industrie und Handwerk"},"image":{"@id":"https:\/\/kittec.eu\/cs\/#\/schema\/logo\/image\/"}}]}},"_links":{"self":[{"href":"https:\/\/kittec.eu\/cs\/wp-json\/wp\/v2\/pages\/54920","targetHints":{"allow":["GET"]}}],"collection":[{"href":"https:\/\/kittec.eu\/cs\/wp-json\/wp\/v2\/pages"}],"about":[{"href":"https:\/\/kittec.eu\/cs\/wp-json\/wp\/v2\/types\/page"}],"author":[{"embeddable":true,"href":"https:\/\/kittec.eu\/cs\/wp-json\/wp\/v2\/users\/2"}],"replies":[{"embeddable":true,"href":"https:\/\/kittec.eu\/cs\/wp-json\/wp\/v2\/comments?post=54920"}],"version-history":[{"count":2,"href":"https:\/\/kittec.eu\/cs\/wp-json\/wp\/v2\/pages\/54920\/revisions"}],"predecessor-version":[{"id":58823,"href":"https:\/\/kittec.eu\/cs\/wp-json\/wp\/v2\/pages\/54920\/revisions\/58823"}],"up":[{"embeddable":true,"href":"https:\/\/kittec.eu\/cs\/wp-json\/wp\/v2\/pages\/53291"}],"wp:featuredmedia":[{"embeddable":true,"href":"https:\/\/kittec.eu\/cs\/wp-json\/wp\/v2\/media\/37631"}],"wp:attachment":[{"href":"https:\/\/kittec.eu\/cs\/wp-json\/wp\/v2\/media?parent=54920"}],"wp:term":[{"taxonomy":"folder","embeddable":true,"href":"https:\/\/kittec.eu\/cs\/wp-json\/wp\/v2\/folder?post=54920"}],"curies":[{"name":"wp","href":"https:\/\/api.w.org\/{rel}","templated":true}]}}