{"id":55311,"date":"2025-08-28T13:01:13","date_gmt":"2025-08-28T11:01:13","guid":{"rendered":"https:\/\/kittec.eu\/o-nas\/"},"modified":"2026-02-09T10:53:15","modified_gmt":"2026-02-09T09:53:15","slug":"o-nas","status":"publish","type":"page","link":"https:\/\/kittec.eu\/cs\/o-nas\/","title":{"rendered":"O N\u00c1S"},"content":{"rendered":"\n<h2 class=\"wp-block-heading\">V\u00cdTEJTE V PR\u00c9MIOV\u00c9 T\u0158\u00cdD\u011a VYBAVEN\u00cd PRO VYPALOV\u00c1N\u00cd!<\/h2>\n\n\n\n<p style=\"font-size:18px\"><strong>S v\u00edce ne\u017e 40letou p\u0159\u00edtomnost\u00ed na trhu je KITTEC jedn\u00edm z nejzku\u0161en\u011bj\u0161\u00edch v\u00fdrobc\u016f pec\u00ed.<\/strong><\/p>\n\n\n\n<p style=\"font-size:15px\">Sou\u010d\u00e1st\u00ed na\u0161\u00ed tradice je jedna z prvn\u00edch poklopov\u00fdch pec\u00ed v Evrop\u011b. <\/p>\n\n\n\n<p style=\"font-size:15px\">Na na\u0161e vypalovac\u00ed pece pou\u017e\u00edv\u00e1me vysoce kvalitn\u00ed komponenty od renomovan\u00fdch v\u00fdrobc\u016f. Mont\u00e1\u017e v na\u0161em modern\u00edm z\u00e1vod\u011b prov\u00e1d\u011bj\u00ed odborn\u00edci s maxim\u00e1ln\u00ed pe\u010dlivost\u00ed. Na\u0161e pece pe\u010dliv\u011b projektujeme, montujeme a n\u00e1sledn\u011b proch\u00e1z\u00ed kontrolou\u2013 co\u017e kontrolor garantuje sv\u00fdm podpisem na pe\u010deti kvality p\u0159i v\u00fdstupn\u00ed kontrole.  <\/p>\n\n\n\n<p style=\"font-size:15px\"><strong>A i po \u010dty\u0159ech desetilet\u00edch n\u00e1s na\u0161e n\u00e1roky na dokonalost motivuj\u00ed k tomu, abychom pokra\u010dovali ve v\u00fdvoji nov\u00fdch v\u00fdrobk\u016f a optimalizovali osv\u011bd\u010den\u00e9 konstrukce.<\/strong><\/p>\n\n\n\n<div class=\"wp-block-media-text is-stacked-on-mobile\" style=\"grid-template-columns:29% auto\"><figure class=\"wp-block-media-text__media\"><img loading=\"lazy\" decoding=\"async\" width=\"500\" height=\"400\" src=\"https:\/\/kittec.eu\/wp-content\/uploads\/2025\/08\/kittec-ueber-uns-erfolgsgeschichte.png\" alt=\"\" class=\"wp-image-38098 size-full\" srcset=\"https:\/\/kittec.eu\/wp-content\/uploads\/2025\/08\/kittec-ueber-uns-erfolgsgeschichte.png 500w, https:\/\/kittec.eu\/wp-content\/uploads\/2025\/08\/kittec-ueber-uns-erfolgsgeschichte-300x240.png 300w\" sizes=\"auto, (max-width: 500px) 100vw, 500px\" \/><\/figure><div class=\"wp-block-media-text__content\">\n<h3 class=\"wp-block-heading has-black-color has-text-color has-link-color wp-elements-e48a94af62e1c42deaf53fb4d594b6f6\"><strong><a href=\"https:\/\/kittec.eu\/cs\/o-nas\/historie\/\" type=\"page\" id=\"51827\">HISTORIE \u00daSP\u011aCHU<\/a><\/strong><\/h3>\n\n\n\n<p style=\"font-size:15px\">Kdy\u017e firma Kittel v roce 1979 p\u0159edstavila keramickou poklopovou pec CB 60, neexistovalo v evropsk\u00e9 v\u00fdrob\u011b pec\u00ed t\u00e9m\u011b\u0159 nic srovnateln\u00e9ho. Inovace a d\u016fsledn\u00fd dal\u0161\u00ed rozvoj jsou pro spole\u010dnost KITTEC charakteristick\u00e9 od sam\u00e9ho za\u010d\u00e1tku. Technologie a vybaven\u00ed na\u0161ich v\u00fdrobk\u016f byly tehdy i dnes koncipov\u00e1ny pro dlouhodob\u00e9 a spolehliv\u00e9 pou\u017e\u00edv\u00e1n\u00ed v d\u00edln\u00e1ch a pr\u016fmyslov\u00fdch provozech.<br><br>  <\/p>\n\n\n\n<p style=\"font-size:15px\">S v\u00edce ne\u017e 40letou p\u0159\u00edtomnost\u00ed na trhu je spole\u010dnost KITTEC jedn\u00edm z nejzku\u0161en\u011bj\u0161\u00edch v\u00fdrobc\u016f pec\u00ed. D\u00edky t\u011bmto dlouholet\u00fdm zku\u0161enostem jsme na\u0161e pece neust\u00e1le inovovali, a tak opakovan\u011b nastavovali m\u011b\u0159\u00edtka ve v\u00fdrob\u011b vypalovac\u00edch pec\u00ed. <strong><a href=\"https:\/\/kittec.eu\/cs\/o-nas\/historie\/\" type=\"page\" id=\"57663\">[v\u00edce informac\u00ed]<\/a><\/strong><\/p>\n<\/div><\/div>\n\n\n\n<div style=\"height:100px\" aria-hidden=\"true\" class=\"wp-block-spacer\"><\/div>\n\n\n\n<div class=\"wp-block-media-text is-stacked-on-mobile\" style=\"grid-template-columns:29% auto\"><figure class=\"wp-block-media-text__media\"><img loading=\"lazy\" decoding=\"async\" width=\"500\" height=\"400\" src=\"https:\/\/kittec.eu\/wp-content\/uploads\/2025\/08\/kittec-ueber-uns-team.png\" alt=\"\" class=\"wp-image-38104 size-full\" srcset=\"https:\/\/kittec.eu\/wp-content\/uploads\/2025\/08\/kittec-ueber-uns-team.png 500w, https:\/\/kittec.eu\/wp-content\/uploads\/2025\/08\/kittec-ueber-uns-team-300x240.png 300w\" sizes=\"auto, (max-width: 500px) 100vw, 500px\" \/><\/figure><div class=\"wp-block-media-text__content\">\n<h3 class=\"wp-block-heading has-black-color has-text-color has-link-color wp-elements-232fb19ac74f7fcb509ba06f66cfbeb3\"><strong><a href=\"https:\/\/kittec.eu\/cs\/o-nas\/tym\/\" type=\"page\" id=\"52669\">N\u00c1\u0160 T\u00ddM<\/a><\/strong><\/h3>\n\n\n\n<p style=\"font-size:15px\">Nab\u00edz\u00edme v\u00e1m \u0161irokou \u0161k\u00e1lu slu\u017eeb a r\u00e1di se o va\u0161e po\u017eadavky postar\u00e1me osobn\u011b!<\/p>\n\n\n\n<p style=\"font-size:15px\">N\u00e1\u0161 kvalifikovan\u00fd t\u00fdm v\u00e1m kdykoliv pom\u016f\u017ee p\u0159i realizaci va\u0161ich po\u017eadavk\u016f a bude v\u00e1s doprov\u00e1zet u\u017e od pl\u00e1novac\u00ed f\u00e1ze va\u0161eho projektu. Nev\u00e1hejte n\u00e1s kontaktovat \u2013 na\u0161i pracovn\u00edci v\u00e1m r\u00e1di pom\u016f\u017eou! <\/p>\n\n\n\n<p style=\"font-size:15px\">Pou\u017eijte n\u00e1\u0161 <a href=\"https:\/\/kittec.eu\/cs\/kontakt\/\" type=\"page\" id=\"52395\">kontaktn\u00ed formul\u00e1\u0159!<\/a> R\u00e1di se o v\u00e1\u0161 po\u017eadavek postar\u00e1me. [v\u00edce informac\u00ed] (Link <a href=\"https:\/\/kittec.eu\/cs\/o-nas\/tym\/\" type=\"page\" id=\"53220\">[v\u00edce informac\u00ed]<\/a><\/p>\n<\/div><\/div>\n\n\n\n<div style=\"height:100px\" aria-hidden=\"true\" class=\"wp-block-spacer\"><\/div>\n\n\n\n<div class=\"wp-block-media-text is-stacked-on-mobile\" style=\"grid-template-columns:29% auto\"><figure class=\"wp-block-media-text__media\"><img loading=\"lazy\" decoding=\"async\" width=\"500\" height=\"400\" src=\"https:\/\/kittec.eu\/wp-content\/uploads\/2025\/08\/kittec-ueber-uns-service.png\" alt=\"\" class=\"wp-image-38101 size-full\" srcset=\"https:\/\/kittec.eu\/wp-content\/uploads\/2025\/08\/kittec-ueber-uns-service.png 500w, https:\/\/kittec.eu\/wp-content\/uploads\/2025\/08\/kittec-ueber-uns-service-300x240.png 300w\" sizes=\"auto, (max-width: 500px) 100vw, 500px\" \/><\/figure><div class=\"wp-block-media-text__content\">\n<h3 class=\"wp-block-heading has-black-color has-text-color has-link-color wp-elements-df64fcf1c34539959542b9e64dbb7422\"><strong><a href=\"https:\/\/kittec.eu\/cs\/servis\/\" type=\"page\" id=\"42\">SERVIS<\/a><\/strong><\/h3>\n\n\n\n<p style=\"font-size:15px\">R\u00e1di bychom v\u00e1m poskytli ty nejlep\u0161\u00ed mo\u017en\u00e9 slu\u017eby. Proto zde tak\u00e9 najdete u\u017eite\u010dn\u00e9 informace o na\u0161ich aplikac\u00edch, odpov\u011bdi na \u010dasto kladen\u00e9 ot\u00e1zky, mo\u017enost sta\u017een\u00ed bro\u017eur a dal\u0161\u00edch u\u017eite\u010dn\u00fdch dokument\u016f. <strong><a href=\"https:\/\/kittec.eu\/cs\/servis\/\" type=\"page\" id=\"52774\">[v\u00edce informac\u00ed]<\/a><\/strong><\/p>\n\n\n\n<p style=\"font-size:15px\">V\u00edtejte v na\u0161\u00ed servisn\u00ed sekci. Pro va\u0161e objedn\u00e1vky a po\u017eadavky jsme v\u00e1m k dispozici telefonicky v pracovn\u00ed dny od 9:00 do 16:30. Pro osobn\u00ed konzultaci v\u00e1s r\u00e1di odk\u00e1\u017eeme na prodejce KITTEC ve va\u0161em okol\u00ed. Pro sv\u016fj dotaz pou\u017eijte n\u00e1\u0161 online <strong><a href=\"https:\/\/kittec.eu\/cs\/kontakt\/\" type=\"page\" id=\"52395\">kontaktn\u00ed formul\u00e1\u0159<\/a><\/strong>.<\/p>\n<\/div><\/div>\n\n\n\n<div style=\"height:150px\" aria-hidden=\"true\" class=\"wp-block-spacer\"><\/div>\n","protected":false},"excerpt":{"rendered":"","protected":false},"author":2,"featured_media":38042,"parent":0,"menu_order":0,"comment_status":"closed","ping_status":"closed","template":"","meta":{"_acf_changed":false,"inline_featured_image":false,"iawp_total_views":132,"footnotes":""},"folder":[97],"class_list":["post-55311","page","type-page","status-publish","has-post-thumbnail","hentry"],"acf":[],"yoast_head":"<!-- This site is optimized with the Yoast SEO plugin v27.2 - https:\/\/yoast.com\/product\/yoast-seo-wordpress\/ -->\n<title>KITTEC \u2013 pece pr\u00e9miov\u00e9 t\u0159\u00eddy od roku 1979<\/title>\n<meta name=\"description\" content=\"Spole\u010dnost KITTEC vyr\u00e1b\u00ed od roku 1979 pece pr\u00e9miov\u00e9 t\u0159\u00eddy a je jednou z nejzku\u0161en\u011bj\u0161\u00edch firem v oboru v\u00fdroby pec\u00ed. \u25b6\ufe0f Nechte si poradit HNED TE\u010e!\" \/>\n<meta name=\"robots\" content=\"index, follow, max-snippet:-1, max-image-preview:large, max-video-preview:-1\" \/>\n<link rel=\"canonical\" href=\"https:\/\/kittec.eu\/cs\/o-nas\/\" \/>\n<meta property=\"og:locale\" content=\"cs_CZ\" \/>\n<meta property=\"og:type\" content=\"article\" \/>\n<meta property=\"og:title\" content=\"KITTEC \u2013 pece pr\u00e9miov\u00e9 t\u0159\u00eddy od roku 1979\" \/>\n<meta property=\"og:description\" content=\"Spole\u010dnost KITTEC vyr\u00e1b\u00ed od roku 1979 pece pr\u00e9miov\u00e9 t\u0159\u00eddy a je jednou z nejzku\u0161en\u011bj\u0161\u00edch firem v oboru v\u00fdroby pec\u00ed. \u25b6\ufe0f Nechte si poradit HNED TE\u010e!\" \/>\n<meta property=\"og:url\" content=\"https:\/\/kittec.eu\/cs\/o-nas\/\" \/>\n<meta property=\"og:site_name\" content=\"Kittec Brenn\u00f6fen bis 1800\u00b0C - Brennofen f\u00fcr Industrie und Handwerk\" \/>\n<meta property=\"article:modified_time\" content=\"2026-02-09T09:53:15+00:00\" \/>\n<meta property=\"og:image\" content=\"https:\/\/kittec.eu\/wp-content\/uploads\/2025\/08\/KITTEC-Quality-Signet_2023_RGB_640px_gerade.png\" \/>\n\t<meta property=\"og:image:width\" content=\"640\" \/>\n\t<meta property=\"og:image:height\" content=\"640\" \/>\n\t<meta property=\"og:image:type\" content=\"image\/png\" \/>\n<meta name=\"twitter:card\" content=\"summary_large_image\" \/>\n<meta name=\"twitter:label1\" content=\"Odhadovan\u00e1 doba \u010dten\u00ed\" \/>\n\t<meta name=\"twitter:data1\" content=\"3 minuty\" \/>\n<script type=\"application\/ld+json\" class=\"yoast-schema-graph\">{\"@context\":\"https:\/\/schema.org\",\"@graph\":[{\"@type\":\"WebPage\",\"@id\":\"https:\/\/kittec.eu\/cs\/o-nas\/\",\"url\":\"https:\/\/kittec.eu\/cs\/o-nas\/\",\"name\":\"KITTEC \u2013 pece pr\u00e9miov\u00e9 t\u0159\u00eddy od roku 1979\",\"isPartOf\":{\"@id\":\"https:\/\/kittec.eu\/cs\/#website\"},\"primaryImageOfPage\":{\"@id\":\"https:\/\/kittec.eu\/cs\/o-nas\/#primaryimage\"},\"image\":{\"@id\":\"https:\/\/kittec.eu\/cs\/o-nas\/#primaryimage\"},\"thumbnailUrl\":\"https:\/\/kittec.eu\/wp-content\/uploads\/2025\/08\/KITTEC-Quality-Signet_2023_RGB_640px_gerade.png\",\"datePublished\":\"2025-08-28T11:01:13+00:00\",\"dateModified\":\"2026-02-09T09:53:15+00:00\",\"description\":\"Spole\u010dnost KITTEC vyr\u00e1b\u00ed od roku 1979 pece pr\u00e9miov\u00e9 t\u0159\u00eddy a je jednou z nejzku\u0161en\u011bj\u0161\u00edch firem v oboru v\u00fdroby pec\u00ed. \u25b6\ufe0f Nechte si poradit HNED TE\u010e!\",\"breadcrumb\":{\"@id\":\"https:\/\/kittec.eu\/cs\/o-nas\/#breadcrumb\"},\"inLanguage\":\"cs\",\"potentialAction\":[{\"@type\":\"ReadAction\",\"target\":[\"https:\/\/kittec.eu\/cs\/o-nas\/\"]}]},{\"@type\":\"ImageObject\",\"inLanguage\":\"cs\",\"@id\":\"https:\/\/kittec.eu\/cs\/o-nas\/#primaryimage\",\"url\":\"https:\/\/kittec.eu\/wp-content\/uploads\/2025\/08\/KITTEC-Quality-Signet_2023_RGB_640px_gerade.png\",\"contentUrl\":\"https:\/\/kittec.eu\/wp-content\/uploads\/2025\/08\/KITTEC-Quality-Signet_2023_RGB_640px_gerade.png\",\"width\":640,\"height\":640},{\"@type\":\"BreadcrumbList\",\"@id\":\"https:\/\/kittec.eu\/cs\/o-nas\/#breadcrumb\",\"itemListElement\":[{\"@type\":\"ListItem\",\"position\":1,\"name\":\"Home\",\"item\":\"https:\/\/kittec.eu\/cs\/\"},{\"@type\":\"ListItem\",\"position\":2,\"name\":\"O N\u00c1S\"}]},{\"@type\":\"WebSite\",\"@id\":\"https:\/\/kittec.eu\/cs\/#website\",\"url\":\"https:\/\/kittec.eu\/cs\/\",\"name\":\"Kittec Brenn\u00f6fen bis 1800\u00b0C - Brennofen f\u00fcr Industrie und Handwerk\",\"description\":\"F\u00fcr jede Anwendung der passende Brennofen\",\"publisher\":{\"@id\":\"https:\/\/kittec.eu\/cs\/#organization\"},\"potentialAction\":[{\"@type\":\"SearchAction\",\"target\":{\"@type\":\"EntryPoint\",\"urlTemplate\":\"https:\/\/kittec.eu\/cs\/?s={search_term_string}\"},\"query-input\":{\"@type\":\"PropertyValueSpecification\",\"valueRequired\":true,\"valueName\":\"search_term_string\"}}],\"inLanguage\":\"cs\"},{\"@type\":\"Organization\",\"@id\":\"https:\/\/kittec.eu\/cs\/#organization\",\"name\":\"Kittec Brenn\u00f6fen bis 1800\u00b0C - Brennofen f\u00fcr Industrie und Handwerk\",\"url\":\"https:\/\/kittec.eu\/cs\/\",\"logo\":{\"@type\":\"ImageObject\",\"inLanguage\":\"cs\",\"@id\":\"https:\/\/kittec.eu\/cs\/#\/schema\/logo\/image\/\",\"url\":\"https:\/\/kittec.eu\/wp-content\/uploads\/2025\/07\/logo.png\",\"contentUrl\":\"https:\/\/kittec.eu\/wp-content\/uploads\/2025\/07\/logo.png\",\"width\":150,\"height\":53,\"caption\":\"Kittec Brenn\u00f6fen bis 1800\u00b0C - Brennofen f\u00fcr Industrie und Handwerk\"},\"image\":{\"@id\":\"https:\/\/kittec.eu\/cs\/#\/schema\/logo\/image\/\"}}]}<\/script>\n<!-- \/ Yoast SEO plugin. -->","yoast_head_json":{"title":"KITTEC \u2013 pece pr\u00e9miov\u00e9 t\u0159\u00eddy od roku 1979","description":"Spole\u010dnost KITTEC vyr\u00e1b\u00ed od roku 1979 pece pr\u00e9miov\u00e9 t\u0159\u00eddy a je jednou z nejzku\u0161en\u011bj\u0161\u00edch firem v oboru v\u00fdroby pec\u00ed. \u25b6\ufe0f Nechte si poradit HNED TE\u010e!","robots":{"index":"index","follow":"follow","max-snippet":"max-snippet:-1","max-image-preview":"max-image-preview:large","max-video-preview":"max-video-preview:-1"},"canonical":"https:\/\/kittec.eu\/cs\/o-nas\/","og_locale":"cs_CZ","og_type":"article","og_title":"KITTEC \u2013 pece pr\u00e9miov\u00e9 t\u0159\u00eddy od roku 1979","og_description":"Spole\u010dnost KITTEC vyr\u00e1b\u00ed od roku 1979 pece pr\u00e9miov\u00e9 t\u0159\u00eddy a je jednou z nejzku\u0161en\u011bj\u0161\u00edch firem v oboru v\u00fdroby pec\u00ed. \u25b6\ufe0f Nechte si poradit HNED TE\u010e!","og_url":"https:\/\/kittec.eu\/cs\/o-nas\/","og_site_name":"Kittec Brenn\u00f6fen bis 1800\u00b0C - Brennofen f\u00fcr Industrie und Handwerk","article_modified_time":"2026-02-09T09:53:15+00:00","og_image":[{"width":640,"height":640,"url":"https:\/\/kittec.eu\/wp-content\/uploads\/2025\/08\/KITTEC-Quality-Signet_2023_RGB_640px_gerade.png","type":"image\/png"}],"twitter_card":"summary_large_image","twitter_misc":{"Odhadovan\u00e1 doba \u010dten\u00ed":"3 minuty"},"schema":{"@context":"https:\/\/schema.org","@graph":[{"@type":"WebPage","@id":"https:\/\/kittec.eu\/cs\/o-nas\/","url":"https:\/\/kittec.eu\/cs\/o-nas\/","name":"KITTEC \u2013 pece pr\u00e9miov\u00e9 t\u0159\u00eddy od roku 1979","isPartOf":{"@id":"https:\/\/kittec.eu\/cs\/#website"},"primaryImageOfPage":{"@id":"https:\/\/kittec.eu\/cs\/o-nas\/#primaryimage"},"image":{"@id":"https:\/\/kittec.eu\/cs\/o-nas\/#primaryimage"},"thumbnailUrl":"https:\/\/kittec.eu\/wp-content\/uploads\/2025\/08\/KITTEC-Quality-Signet_2023_RGB_640px_gerade.png","datePublished":"2025-08-28T11:01:13+00:00","dateModified":"2026-02-09T09:53:15+00:00","description":"Spole\u010dnost KITTEC vyr\u00e1b\u00ed od roku 1979 pece pr\u00e9miov\u00e9 t\u0159\u00eddy a je jednou z nejzku\u0161en\u011bj\u0161\u00edch firem v oboru v\u00fdroby pec\u00ed. \u25b6\ufe0f Nechte si poradit HNED TE\u010e!","breadcrumb":{"@id":"https:\/\/kittec.eu\/cs\/o-nas\/#breadcrumb"},"inLanguage":"cs","potentialAction":[{"@type":"ReadAction","target":["https:\/\/kittec.eu\/cs\/o-nas\/"]}]},{"@type":"ImageObject","inLanguage":"cs","@id":"https:\/\/kittec.eu\/cs\/o-nas\/#primaryimage","url":"https:\/\/kittec.eu\/wp-content\/uploads\/2025\/08\/KITTEC-Quality-Signet_2023_RGB_640px_gerade.png","contentUrl":"https:\/\/kittec.eu\/wp-content\/uploads\/2025\/08\/KITTEC-Quality-Signet_2023_RGB_640px_gerade.png","width":640,"height":640},{"@type":"BreadcrumbList","@id":"https:\/\/kittec.eu\/cs\/o-nas\/#breadcrumb","itemListElement":[{"@type":"ListItem","position":1,"name":"Home","item":"https:\/\/kittec.eu\/cs\/"},{"@type":"ListItem","position":2,"name":"O N\u00c1S"}]},{"@type":"WebSite","@id":"https:\/\/kittec.eu\/cs\/#website","url":"https:\/\/kittec.eu\/cs\/","name":"Kittec Brenn\u00f6fen bis 1800\u00b0C - Brennofen f\u00fcr Industrie und Handwerk","description":"F\u00fcr jede Anwendung der passende Brennofen","publisher":{"@id":"https:\/\/kittec.eu\/cs\/#organization"},"potentialAction":[{"@type":"SearchAction","target":{"@type":"EntryPoint","urlTemplate":"https:\/\/kittec.eu\/cs\/?s={search_term_string}"},"query-input":{"@type":"PropertyValueSpecification","valueRequired":true,"valueName":"search_term_string"}}],"inLanguage":"cs"},{"@type":"Organization","@id":"https:\/\/kittec.eu\/cs\/#organization","name":"Kittec Brenn\u00f6fen bis 1800\u00b0C - Brennofen f\u00fcr Industrie und Handwerk","url":"https:\/\/kittec.eu\/cs\/","logo":{"@type":"ImageObject","inLanguage":"cs","@id":"https:\/\/kittec.eu\/cs\/#\/schema\/logo\/image\/","url":"https:\/\/kittec.eu\/wp-content\/uploads\/2025\/07\/logo.png","contentUrl":"https:\/\/kittec.eu\/wp-content\/uploads\/2025\/07\/logo.png","width":150,"height":53,"caption":"Kittec Brenn\u00f6fen bis 1800\u00b0C - Brennofen f\u00fcr Industrie und Handwerk"},"image":{"@id":"https:\/\/kittec.eu\/cs\/#\/schema\/logo\/image\/"}}]}},"_links":{"self":[{"href":"https:\/\/kittec.eu\/cs\/wp-json\/wp\/v2\/pages\/55311","targetHints":{"allow":["GET"]}}],"collection":[{"href":"https:\/\/kittec.eu\/cs\/wp-json\/wp\/v2\/pages"}],"about":[{"href":"https:\/\/kittec.eu\/cs\/wp-json\/wp\/v2\/types\/page"}],"author":[{"embeddable":true,"href":"https:\/\/kittec.eu\/cs\/wp-json\/wp\/v2\/users\/2"}],"replies":[{"embeddable":true,"href":"https:\/\/kittec.eu\/cs\/wp-json\/wp\/v2\/comments?post=55311"}],"version-history":[{"count":4,"href":"https:\/\/kittec.eu\/cs\/wp-json\/wp\/v2\/pages\/55311\/revisions"}],"predecessor-version":[{"id":59155,"href":"https:\/\/kittec.eu\/cs\/wp-json\/wp\/v2\/pages\/55311\/revisions\/59155"}],"wp:featuredmedia":[{"embeddable":true,"href":"https:\/\/kittec.eu\/cs\/wp-json\/wp\/v2\/media\/38042"}],"wp:attachment":[{"href":"https:\/\/kittec.eu\/cs\/wp-json\/wp\/v2\/media?parent=55311"}],"wp:term":[{"taxonomy":"folder","embeddable":true,"href":"https:\/\/kittec.eu\/cs\/wp-json\/wp\/v2\/folder?post=55311"}],"curies":[{"name":"wp","href":"https:\/\/api.w.org\/{rel}","templated":true}]}}