{"id":56137,"date":"2025-08-28T06:52:03","date_gmt":"2025-08-28T04:52:03","guid":{"rendered":"https:\/\/kittec.eu\/specialni-vyroba\/"},"modified":"2026-01-30T13:24:06","modified_gmt":"2026-01-30T12:24:06","slug":"specialni-vyroba","status":"publish","type":"page","link":"https:\/\/kittec.eu\/cs\/specialni-vyroba\/","title":{"rendered":"Speci\u00e1ln\u00ed V\u00fdroba"},"content":{"rendered":"\n<h2 class=\"wp-block-heading\" style=\"font-size:30px;font-style:normal;font-weight:700\"><strong>Ta spr\u00e1vn\u00e1 pec pro ka\u017ed\u00e9 pou\u017eit\u00ed!<\/strong><\/h2>\n\n<p style=\"font-size:15px\">Speci\u00e1ln\u00ed projekty vy\u017eaduj\u00ed i speci\u00e1ln\u00ed pece \u2013 V p\u0159\u00edpad\u011b pot\u0159eby KITTEC \u0159e\u0161\u00ed tyto \u00fakoly prost\u0159ednictv\u00edm profesion\u00e1ln\u00ed speci\u00e1ln\u00ed v\u00fdroby. Jestli\u017ee n\u00e1\u0161 standardn\u00ed program je\u0161t\u011b neodpov\u00edd\u00e1 va\u0161im po\u017eadavk\u016fm, r\u00e1di pro v\u00e1s vyrob\u00edme vhodnou pec pro odpov\u00eddaj\u00edc\u00ed \u00fa\u010del pou\u017eit\u00ed. <br\/><br\/><\/p>\n\n<div style=\"height:var(--wp--preset--spacing--70)\" aria-hidden=\"true\" class=\"wp-block-spacer\"><\/div>\n\n<div class=\"wp-block-columns is-layout-flex wp-container-core-columns-is-layout-9d6595d7 wp-block-columns-is-layout-flex\">\n<div class=\"wp-block-column is-layout-flow wp-block-column-is-layout-flow\">\n<figure class=\"wp-block-image size-full is-resized\"><img loading=\"lazy\" decoding=\"async\" width=\"960\" height=\"720\" src=\"https:\/\/kittec.eu\/wp-content\/uploads\/2025\/12\/CLM-Sonderanfertigung.webp\" alt=\"\" class=\"wp-image-57355\" style=\"aspect-ratio:4\/3;object-fit:cover;width:770px\" srcset=\"https:\/\/kittec.eu\/wp-content\/uploads\/2025\/12\/CLM-Sonderanfertigung.webp 960w, https:\/\/kittec.eu\/wp-content\/uploads\/2025\/12\/CLM-Sonderanfertigung-300x225.webp 300w, https:\/\/kittec.eu\/wp-content\/uploads\/2025\/12\/CLM-Sonderanfertigung-768x576.webp 768w\" sizes=\"auto, (max-width: 960px) 100vw, 960px\" \/><\/figure>\n\n\n\n<p style=\"font-size:15px;text-transform:uppercase\"><strong>Speci\u00e1ln\u00ed v\u00fdroba pro kovozpracuj\u00edc\u00ed pr\u016fmysl<\/strong><\/p>\n\n\n\n<p style=\"font-size:15px\"><em>Od modelov\u00e9 \u0159ady CLM s d\u00e9lkou 3 m k tepeln\u00e9mu zpracov\u00e1n\u00ed kovov\u00fdch ty\u010d\u00ed a h\u0159\u00eddel\u00ed.<\/em><\/p>\n<\/div>\n\n\n\n<div class=\"wp-block-column is-layout-flow wp-block-column-is-layout-flow\">\n<figure class=\"wp-block-image size-full is-resized\"><img loading=\"lazy\" decoding=\"async\" width=\"960\" height=\"720\" src=\"https:\/\/kittec.eu\/wp-content\/uploads\/2025\/12\/CT-Sonderanfertigungen.webp\" alt=\"\" class=\"wp-image-57377\" style=\"aspect-ratio:4\/3;object-fit:cover;width:770px\" srcset=\"https:\/\/kittec.eu\/wp-content\/uploads\/2025\/12\/CT-Sonderanfertigungen.webp 960w, https:\/\/kittec.eu\/wp-content\/uploads\/2025\/12\/CT-Sonderanfertigungen-300x225.webp 300w, https:\/\/kittec.eu\/wp-content\/uploads\/2025\/12\/CT-Sonderanfertigungen-768x576.webp 768w\" sizes=\"auto, (max-width: 960px) 100vw, 960px\" \/><\/figure>\n\n\n\n<p style=\"font-size:15px;text-transform:uppercase\"><strong>Speci\u00e1ln\u00ed v\u00fdroba pro kovozpracuj\u00edc\u00ed pr\u016fmysl<\/strong><\/p>\n\n\n\n<p style=\"font-size:15px\"><em>Od modelov\u00e9 \u0159ady CLM s d\u00e9lkou 3 m k tepeln\u00e9mu zpracov\u00e1n\u00ed kovov\u00fdch ty\u010d\u00ed a h\u0159\u00eddel\u00ed.<\/em><\/p>\n<\/div>\n\n\n\n<div class=\"wp-block-column is-layout-flow wp-block-column-is-layout-flow\">\n<figure class=\"wp-block-image size-full is-resized\"><img loading=\"lazy\" decoding=\"async\" width=\"960\" height=\"720\" src=\"https:\/\/kittec.eu\/wp-content\/uploads\/2025\/12\/M-Sonderanfertigung.webp\" alt=\"\" class=\"wp-image-57369\" style=\"aspect-ratio:4\/3;object-fit:cover;width:770px\" srcset=\"https:\/\/kittec.eu\/wp-content\/uploads\/2025\/12\/M-Sonderanfertigung.webp 960w, https:\/\/kittec.eu\/wp-content\/uploads\/2025\/12\/M-Sonderanfertigung-300x225.webp 300w, https:\/\/kittec.eu\/wp-content\/uploads\/2025\/12\/M-Sonderanfertigung-768x576.webp 768w\" sizes=\"auto, (max-width: 960px) 100vw, 960px\" \/><\/figure>\n\n\n\n<p style=\"font-size:15px;text-transform:uppercase\"><strong><strong>Speci\u00e1ln\u00ed v\u00fdroba pro kovozpracuj\u00edc\u00ed pr\u016fmysl<\/strong><\/strong><\/p>\n\n\n\n<p style=\"font-size:15px\"><em>Vytavovac\u00ed pec, zvl\u00e1\u0161tn\u00ed rozm\u011bry. Voz\u00edkov\u00e1 pec s automaticky v\u00fdsuvn\u00fdm voz\u00edkem k \u017e\u00edh\u00e1n\u00ed ke sn\u00ed\u017een\u00ed pnut\u00ed ocelov\u00fdch desek.<\/em><\/p>\n<\/div>\n<\/div>\n\n<div style=\"height:100px\" aria-hidden=\"true\" class=\"wp-block-spacer\"><\/div>\n\n<p style=\"font-size:18px\"><strong>Vyslovte sv\u00e9 p\u0159\u00e1n\u00ed!<\/strong><\/p>\n\n<p style=\"font-size:15px\">Nad r\u00e1mec na\u0161eho standardn\u00edho programu pro v\u00e1s r\u00e1di vyrob\u00edme vypalovac\u00ed pece na m\u00edru va\u0161im po\u017eadavk\u016fm. Ji\u017e jsme \u00fasp\u011b\u0161n\u011b realizovali celou \u0159adu speci\u00e1ln\u00edch konstrukc\u00ed pro nejr\u016fzn\u011bj\u0161\u00ed pou\u017eit\u00ed. Speci\u00e1ln\u00ed v\u00fdroba a v\u00fdroba pec\u00ed odpov\u00eddaj\u00edc\u00edch va\u0161im specifikac\u00edm je pro n\u00e1\u0161 technick\u00fd t\u00fdm v\u017edy v\u00edtanou v\u00fdzvou.  <\/p>\n\n<div class=\"wp-block-columns is-layout-flex wp-container-core-columns-is-layout-9d6595d7 wp-block-columns-is-layout-flex\">\n<div class=\"wp-block-column is-layout-flow wp-block-column-is-layout-flow\">\n<figure class=\"wp-block-image size-full\"><img loading=\"lazy\" decoding=\"async\" width=\"530\" height=\"869\" src=\"https:\/\/kittec.eu\/wp-content\/uploads\/2025\/12\/XA-Basis-Sonderanfertigungen.webp\" alt=\"\" class=\"wp-image-57373\" srcset=\"https:\/\/kittec.eu\/wp-content\/uploads\/2025\/12\/XA-Basis-Sonderanfertigungen.webp 530w, https:\/\/kittec.eu\/wp-content\/uploads\/2025\/12\/XA-Basis-Sonderanfertigungen-183x300.webp 183w\" sizes=\"auto, (max-width: 530px) 100vw, 530px\" \/><\/figure>\n\n\n\n<p style=\"font-size:15px;text-transform:uppercase\"><strong>Vytavovac\u00ed pec, zvl\u00e1\u0161tn\u00ed rozm\u011bry<\/strong><\/p>\n\n\n\n<p style=\"font-size:15px\"><br\/><em>Speci\u00e1ln\u00ed v\u00fd\u0161ka k vytaven\u00ed extra vysok\u00fdch odl\u00e9vac\u00edch forem.<\/em><\/p>\n<\/div>\n\n\n\n<div class=\"wp-block-column is-layout-flow wp-block-column-is-layout-flow\">\n<figure class=\"wp-block-image size-full\"><img loading=\"lazy\" decoding=\"async\" width=\"530\" height=\"869\" src=\"https:\/\/kittec.eu\/wp-content\/uploads\/2025\/12\/CTH-Sonderanferigung.png\" alt=\"\" class=\"wp-image-57366\" srcset=\"https:\/\/kittec.eu\/wp-content\/uploads\/2025\/12\/CTH-Sonderanferigung.png 530w, https:\/\/kittec.eu\/wp-content\/uploads\/2025\/12\/CTH-Sonderanferigung-183x300.png 183w\" sizes=\"auto, (max-width: 530px) 100vw, 530px\" \/><\/figure>\n\n\n\n<p style=\"font-size:15px;text-transform:uppercase\"><strong>Peci\u00e1ln\u00ed v\u00fdroba pro skl\u00e1\u0159sk\u00fd pr\u016fmysl<\/strong><\/p>\n\n\n\n<p style=\"font-size:15px\"><em>T\u0159i na sob\u011b um\u00edst\u011bn\u00e9 zvonov\u00e9 pece se samostatn\u00fdm vypalovac\u00edm prostorem umo\u017e\u0148uj\u00ed odli\u0161n\u00e9 doby vypalov\u00e1n\u00ed a ochlazov\u00e1n\u00ed.<\/em><\/p>\n<\/div>\n\n\n\n<div class=\"wp-block-column is-layout-flow wp-block-column-is-layout-flow\">\n<figure class=\"wp-block-image size-full\"><img loading=\"lazy\" decoding=\"async\" width=\"530\" height=\"869\" src=\"https:\/\/kittec.eu\/wp-content\/uploads\/2025\/12\/Sonderanfertigungen-Neubearbeitung.png\" alt=\"\" class=\"wp-image-57363\" srcset=\"https:\/\/kittec.eu\/wp-content\/uploads\/2025\/12\/Sonderanfertigungen-Neubearbeitung.png 530w, https:\/\/kittec.eu\/wp-content\/uploads\/2025\/12\/Sonderanfertigungen-Neubearbeitung-183x300.png 183w\" sizes=\"auto, (max-width: 530px) 100vw, 530px\" \/><\/figure>\n\n\n\n<p style=\"font-size:15px;text-transform:uppercase\"><strong>Speci\u00e1ln\u00ed v\u00fdroba pro v\u00fdrobce speci\u00e1ln\u00edch potrubn\u00edch syst\u00e9m\u016f<\/strong><\/p>\n\n\n\n<p style=\"font-size:15px\"><em>Vnit\u0159n\u00ed v\u00fd\u0161ka 3 m, v\u00fdsuvn\u00e9 dno.<\/em><\/p>\n<\/div>\n<\/div>\n\n<div style=\"height:100px\" aria-hidden=\"true\" class=\"wp-block-spacer\"><\/div>\n\n<div class=\"wp-block-columns is-layout-flex wp-container-core-columns-is-layout-9d6595d7 wp-block-columns-is-layout-flex\">\n<div class=\"wp-block-column is-layout-flow wp-block-column-is-layout-flow\">\n<figure class=\"wp-block-image size-full\"><img loading=\"lazy\" decoding=\"async\" width=\"960\" height=\"720\" src=\"https:\/\/kittec.eu\/wp-content\/uploads\/2025\/12\/CLM-Sonderanfertigungen.webp\" alt=\"\" class=\"wp-image-57380\" style=\"aspect-ratio:4\/3;object-fit:cover\" srcset=\"https:\/\/kittec.eu\/wp-content\/uploads\/2025\/12\/CLM-Sonderanfertigungen.webp 960w, https:\/\/kittec.eu\/wp-content\/uploads\/2025\/12\/CLM-Sonderanfertigungen-300x225.webp 300w, https:\/\/kittec.eu\/wp-content\/uploads\/2025\/12\/CLM-Sonderanfertigungen-768x576.webp 768w\" sizes=\"auto, (max-width: 960px) 100vw, 960px\" \/><\/figure>\n\n\n\n<p style=\"font-size:15px;text-transform:uppercase\"><strong>Speci\u00e1ln\u00ed v\u00fdroba pro kovozpracuj\u00edc\u00ed pr\u016fmysl <\/strong><\/p>\n\n\n\n<p style=\"font-size:15px\"><em>Op\u00edraj\u00edc\u00ed se o modelovou \u0159adu CLM, ze speci\u00e1ln\u00ed nerezov\u00e9 oceli odoln\u00e9 v\u016f\u010di kyselin\u00e1m, s ventil\u00e1torem pro odpadn\u00ed vzduch.<\/em><\/p>\n<\/div>\n\n\n\n<div class=\"wp-block-column is-layout-flow wp-block-column-is-layout-flow\">\n<figure class=\"wp-block-image size-full\"><img loading=\"lazy\" decoding=\"async\" width=\"960\" height=\"720\" src=\"https:\/\/kittec.eu\/wp-content\/uploads\/2025\/12\/CT6-3Spezial_2021.webp\" alt=\"\" class=\"wp-image-57352\" style=\"aspect-ratio:4\/3;object-fit:cover\" srcset=\"https:\/\/kittec.eu\/wp-content\/uploads\/2025\/12\/CT6-3Spezial_2021.webp 960w, https:\/\/kittec.eu\/wp-content\/uploads\/2025\/12\/CT6-3Spezial_2021-300x225.webp 300w, https:\/\/kittec.eu\/wp-content\/uploads\/2025\/12\/CT6-3Spezial_2021-768x576.webp 768w\" sizes=\"auto, (max-width: 960px) 100vw, 960px\" \/><\/figure>\n\n\n\n<p style=\"font-size:15px;text-transform:uppercase\"><strong>Otev\u0159en\u00e1 speci\u00e1ln\u00ed pec High-Speed s odn\u00edmateln\u00fdm stropem<\/strong><\/p>\n\n\n\n<p style=\"font-size:15px\"><em>V\u00fdkonem 12 kW v u\u017eite\u010dn\u00e9m prostoru 6 l lze dos\u00e1hnout b\u011bhem n\u011bkolika minut 1 100 \u00b0C.<\/em><\/p>\n<\/div>\n<\/div>\n\n<div class=\"wp-block-columns is-layout-flex wp-container-core-columns-is-layout-9d6595d7 wp-block-columns-is-layout-flex\"><\/div>\n\n<div style=\"height:65px\" aria-hidden=\"true\" class=\"wp-block-spacer\"><\/div>\n\n<p style=\"font-size:15px\"><strong>Ji\u017e v\u00edce ne\u017e 40 let se specializujeme na v\u00fdrobu pec\u00ed pro nejr\u016fzn\u011bj\u0161\u00ed oblasti vyu\u017eit\u00ed \u2013 od soukrom\u00e9 sf\u00e9ry a\u017e po pr\u016fmyslovou v\u00fdrobu.<\/strong> <a href=\"https:\/\/kittec.eu\/cs\/servis\/\">R\u00e1di v\u00e1m osobn\u011b porad\u00edme, <\/a>kter\u00e1 z na\u0161ich pec\u00ed je pro va\u0161e pot\u0159eby nejvhodn\u011bj\u0161\u00ed. Pece v na\u0161\u00ed nab\u00eddce se li\u0161\u00ed konstrukc\u00ed, velikost\u00ed a po\u017eadovan\u00fdm rozsahem teplot. N\u00e1\u0161 v\u00fdb\u011br pec\u00ed se li\u0161\u00ed designem, velikost\u00ed a po\u017eadovan\u00fdm teplotn\u00edm rozsahem.<\/p>\n\n<div class=\"wp-block-buttons is-layout-flex wp-block-buttons-is-layout-flex\">\n<div class=\"wp-block-button\"><a class=\"wp-block-button__link wp-element-button\" href=\"https:\/\/kittec.eu\/cs\/kontakt\/\">Kontaktujte n\u00e1s!<\/a><\/div>\n<\/div>\n\n<div style=\"height:8rem\" aria-hidden=\"true\" class=\"wp-block-spacer\"><\/div>\n","protected":false},"excerpt":{"rendered":"","protected":false},"author":2,"featured_media":56618,"parent":0,"menu_order":0,"comment_status":"closed","ping_status":"closed","template":"","meta":{"_acf_changed":false,"inline_featured_image":false,"iawp_total_views":47,"footnotes":""},"folder":[96],"class_list":["post-56137","page","type-page","status-publish","has-post-thumbnail","hentry"],"acf":[],"yoast_head":"<!-- This site is optimized with the Yoast SEO plugin v27.2 - https:\/\/yoast.com\/product\/yoast-seo-wordpress\/ -->\n<title>Z\u00e1kazkov\u00e9 v\u00fdrobky \u2013 pece KITTEC na m\u00edru<\/title>\n<meta name=\"description\" content=\"Produkty na m\u00edru \u2013 pece KITTEC \u0161it\u00e9 na m\u00edru\" \/>\n<meta name=\"robots\" content=\"index, follow, max-snippet:-1, max-image-preview:large, max-video-preview:-1\" \/>\n<link rel=\"canonical\" href=\"https:\/\/kittec.eu\/cs\/specialni-vyroba\/\" \/>\n<meta property=\"og:locale\" content=\"cs_CZ\" \/>\n<meta property=\"og:type\" content=\"article\" \/>\n<meta property=\"og:title\" content=\"Z\u00e1kazkov\u00e9 v\u00fdrobky \u2013 pece KITTEC na m\u00edru\" \/>\n<meta property=\"og:description\" content=\"Produkty na m\u00edru \u2013 pece KITTEC \u0161it\u00e9 na m\u00edru\" \/>\n<meta property=\"og:url\" content=\"https:\/\/kittec.eu\/cs\/specialni-vyroba\/\" \/>\n<meta property=\"og:site_name\" content=\"Kittec Brenn\u00f6fen bis 1800\u00b0C - Brennofen f\u00fcr Industrie und Handwerk\" \/>\n<meta property=\"article:modified_time\" content=\"2026-01-30T12:24:06+00:00\" \/>\n<meta property=\"og:image\" content=\"https:\/\/kittec.eu\/wp-content\/uploads\/2025\/12\/MIC_4257_mi_ret-1024x682.webp\" \/>\n\t<meta property=\"og:image:width\" content=\"1024\" \/>\n\t<meta property=\"og:image:height\" content=\"682\" \/>\n\t<meta property=\"og:image:type\" content=\"image\/webp\" \/>\n<meta name=\"twitter:card\" content=\"summary_large_image\" \/>\n<meta name=\"twitter:label1\" content=\"Odhadovan\u00e1 doba \u010dten\u00ed\" \/>\n\t<meta name=\"twitter:data1\" content=\"2 minuty\" \/>\n<script type=\"application\/ld+json\" class=\"yoast-schema-graph\">{\"@context\":\"https:\/\/schema.org\",\"@graph\":[{\"@type\":\"WebPage\",\"@id\":\"https:\/\/kittec.eu\/cs\/specialni-vyroba\/\",\"url\":\"https:\/\/kittec.eu\/cs\/specialni-vyroba\/\",\"name\":\"Z\u00e1kazkov\u00e9 v\u00fdrobky \u2013 pece KITTEC na m\u00edru\",\"isPartOf\":{\"@id\":\"https:\/\/kittec.eu\/cs\/#website\"},\"primaryImageOfPage\":{\"@id\":\"https:\/\/kittec.eu\/cs\/specialni-vyroba\/#primaryimage\"},\"image\":{\"@id\":\"https:\/\/kittec.eu\/cs\/specialni-vyroba\/#primaryimage\"},\"thumbnailUrl\":\"https:\/\/kittec.eu\/wp-content\/uploads\/2025\/12\/MIC_4257_mi_ret.webp\",\"datePublished\":\"2025-08-28T04:52:03+00:00\",\"dateModified\":\"2026-01-30T12:24:06+00:00\",\"description\":\"Produkty na m\u00edru \u2013 pece KITTEC \u0161it\u00e9 na m\u00edru\",\"breadcrumb\":{\"@id\":\"https:\/\/kittec.eu\/cs\/specialni-vyroba\/#breadcrumb\"},\"inLanguage\":\"cs\",\"potentialAction\":[{\"@type\":\"ReadAction\",\"target\":[\"https:\/\/kittec.eu\/cs\/specialni-vyroba\/\"]}]},{\"@type\":\"ImageObject\",\"inLanguage\":\"cs\",\"@id\":\"https:\/\/kittec.eu\/cs\/specialni-vyroba\/#primaryimage\",\"url\":\"https:\/\/kittec.eu\/wp-content\/uploads\/2025\/12\/MIC_4257_mi_ret.webp\",\"contentUrl\":\"https:\/\/kittec.eu\/wp-content\/uploads\/2025\/12\/MIC_4257_mi_ret.webp\",\"width\":2000,\"height\":1333},{\"@type\":\"BreadcrumbList\",\"@id\":\"https:\/\/kittec.eu\/cs\/specialni-vyroba\/#breadcrumb\",\"itemListElement\":[{\"@type\":\"ListItem\",\"position\":1,\"name\":\"Home\",\"item\":\"https:\/\/kittec.eu\/cs\/\"},{\"@type\":\"ListItem\",\"position\":2,\"name\":\"Speci\u00e1ln\u00ed V\u00fdroba\"}]},{\"@type\":\"WebSite\",\"@id\":\"https:\/\/kittec.eu\/cs\/#website\",\"url\":\"https:\/\/kittec.eu\/cs\/\",\"name\":\"Kittec Brenn\u00f6fen bis 1800\u00b0C - Brennofen f\u00fcr Industrie und Handwerk\",\"description\":\"F\u00fcr jede Anwendung der passende Brennofen\",\"publisher\":{\"@id\":\"https:\/\/kittec.eu\/cs\/#organization\"},\"potentialAction\":[{\"@type\":\"SearchAction\",\"target\":{\"@type\":\"EntryPoint\",\"urlTemplate\":\"https:\/\/kittec.eu\/cs\/?s={search_term_string}\"},\"query-input\":{\"@type\":\"PropertyValueSpecification\",\"valueRequired\":true,\"valueName\":\"search_term_string\"}}],\"inLanguage\":\"cs\"},{\"@type\":\"Organization\",\"@id\":\"https:\/\/kittec.eu\/cs\/#organization\",\"name\":\"Kittec Brenn\u00f6fen bis 1800\u00b0C - Brennofen f\u00fcr Industrie und Handwerk\",\"url\":\"https:\/\/kittec.eu\/cs\/\",\"logo\":{\"@type\":\"ImageObject\",\"inLanguage\":\"cs\",\"@id\":\"https:\/\/kittec.eu\/cs\/#\/schema\/logo\/image\/\",\"url\":\"https:\/\/kittec.eu\/wp-content\/uploads\/2025\/07\/logo.png\",\"contentUrl\":\"https:\/\/kittec.eu\/wp-content\/uploads\/2025\/07\/logo.png\",\"width\":150,\"height\":53,\"caption\":\"Kittec Brenn\u00f6fen bis 1800\u00b0C - Brennofen f\u00fcr Industrie und Handwerk\"},\"image\":{\"@id\":\"https:\/\/kittec.eu\/cs\/#\/schema\/logo\/image\/\"}}]}<\/script>\n<!-- \/ Yoast SEO plugin. -->","yoast_head_json":{"title":"Z\u00e1kazkov\u00e9 v\u00fdrobky \u2013 pece KITTEC na m\u00edru","description":"Produkty na m\u00edru \u2013 pece KITTEC \u0161it\u00e9 na m\u00edru","robots":{"index":"index","follow":"follow","max-snippet":"max-snippet:-1","max-image-preview":"max-image-preview:large","max-video-preview":"max-video-preview:-1"},"canonical":"https:\/\/kittec.eu\/cs\/specialni-vyroba\/","og_locale":"cs_CZ","og_type":"article","og_title":"Z\u00e1kazkov\u00e9 v\u00fdrobky \u2013 pece KITTEC na m\u00edru","og_description":"Produkty na m\u00edru \u2013 pece KITTEC \u0161it\u00e9 na m\u00edru","og_url":"https:\/\/kittec.eu\/cs\/specialni-vyroba\/","og_site_name":"Kittec Brenn\u00f6fen bis 1800\u00b0C - Brennofen f\u00fcr Industrie und Handwerk","article_modified_time":"2026-01-30T12:24:06+00:00","og_image":[{"width":1024,"height":682,"url":"https:\/\/kittec.eu\/wp-content\/uploads\/2025\/12\/MIC_4257_mi_ret-1024x682.webp","type":"image\/webp"}],"twitter_card":"summary_large_image","twitter_misc":{"Odhadovan\u00e1 doba \u010dten\u00ed":"2 minuty"},"schema":{"@context":"https:\/\/schema.org","@graph":[{"@type":"WebPage","@id":"https:\/\/kittec.eu\/cs\/specialni-vyroba\/","url":"https:\/\/kittec.eu\/cs\/specialni-vyroba\/","name":"Z\u00e1kazkov\u00e9 v\u00fdrobky \u2013 pece KITTEC na m\u00edru","isPartOf":{"@id":"https:\/\/kittec.eu\/cs\/#website"},"primaryImageOfPage":{"@id":"https:\/\/kittec.eu\/cs\/specialni-vyroba\/#primaryimage"},"image":{"@id":"https:\/\/kittec.eu\/cs\/specialni-vyroba\/#primaryimage"},"thumbnailUrl":"https:\/\/kittec.eu\/wp-content\/uploads\/2025\/12\/MIC_4257_mi_ret.webp","datePublished":"2025-08-28T04:52:03+00:00","dateModified":"2026-01-30T12:24:06+00:00","description":"Produkty na m\u00edru \u2013 pece KITTEC \u0161it\u00e9 na m\u00edru","breadcrumb":{"@id":"https:\/\/kittec.eu\/cs\/specialni-vyroba\/#breadcrumb"},"inLanguage":"cs","potentialAction":[{"@type":"ReadAction","target":["https:\/\/kittec.eu\/cs\/specialni-vyroba\/"]}]},{"@type":"ImageObject","inLanguage":"cs","@id":"https:\/\/kittec.eu\/cs\/specialni-vyroba\/#primaryimage","url":"https:\/\/kittec.eu\/wp-content\/uploads\/2025\/12\/MIC_4257_mi_ret.webp","contentUrl":"https:\/\/kittec.eu\/wp-content\/uploads\/2025\/12\/MIC_4257_mi_ret.webp","width":2000,"height":1333},{"@type":"BreadcrumbList","@id":"https:\/\/kittec.eu\/cs\/specialni-vyroba\/#breadcrumb","itemListElement":[{"@type":"ListItem","position":1,"name":"Home","item":"https:\/\/kittec.eu\/cs\/"},{"@type":"ListItem","position":2,"name":"Speci\u00e1ln\u00ed V\u00fdroba"}]},{"@type":"WebSite","@id":"https:\/\/kittec.eu\/cs\/#website","url":"https:\/\/kittec.eu\/cs\/","name":"Kittec Brenn\u00f6fen bis 1800\u00b0C - Brennofen f\u00fcr Industrie und Handwerk","description":"F\u00fcr jede Anwendung der passende Brennofen","publisher":{"@id":"https:\/\/kittec.eu\/cs\/#organization"},"potentialAction":[{"@type":"SearchAction","target":{"@type":"EntryPoint","urlTemplate":"https:\/\/kittec.eu\/cs\/?s={search_term_string}"},"query-input":{"@type":"PropertyValueSpecification","valueRequired":true,"valueName":"search_term_string"}}],"inLanguage":"cs"},{"@type":"Organization","@id":"https:\/\/kittec.eu\/cs\/#organization","name":"Kittec Brenn\u00f6fen bis 1800\u00b0C - Brennofen f\u00fcr Industrie und Handwerk","url":"https:\/\/kittec.eu\/cs\/","logo":{"@type":"ImageObject","inLanguage":"cs","@id":"https:\/\/kittec.eu\/cs\/#\/schema\/logo\/image\/","url":"https:\/\/kittec.eu\/wp-content\/uploads\/2025\/07\/logo.png","contentUrl":"https:\/\/kittec.eu\/wp-content\/uploads\/2025\/07\/logo.png","width":150,"height":53,"caption":"Kittec Brenn\u00f6fen bis 1800\u00b0C - Brennofen f\u00fcr Industrie und Handwerk"},"image":{"@id":"https:\/\/kittec.eu\/cs\/#\/schema\/logo\/image\/"}}]}},"_links":{"self":[{"href":"https:\/\/kittec.eu\/cs\/wp-json\/wp\/v2\/pages\/56137","targetHints":{"allow":["GET"]}}],"collection":[{"href":"https:\/\/kittec.eu\/cs\/wp-json\/wp\/v2\/pages"}],"about":[{"href":"https:\/\/kittec.eu\/cs\/wp-json\/wp\/v2\/types\/page"}],"author":[{"embeddable":true,"href":"https:\/\/kittec.eu\/cs\/wp-json\/wp\/v2\/users\/2"}],"replies":[{"embeddable":true,"href":"https:\/\/kittec.eu\/cs\/wp-json\/wp\/v2\/comments?post=56137"}],"version-history":[{"count":5,"href":"https:\/\/kittec.eu\/cs\/wp-json\/wp\/v2\/pages\/56137\/revisions"}],"predecessor-version":[{"id":58573,"href":"https:\/\/kittec.eu\/cs\/wp-json\/wp\/v2\/pages\/56137\/revisions\/58573"}],"wp:featuredmedia":[{"embeddable":true,"href":"https:\/\/kittec.eu\/cs\/wp-json\/wp\/v2\/media\/56618"}],"wp:attachment":[{"href":"https:\/\/kittec.eu\/cs\/wp-json\/wp\/v2\/media?parent=56137"}],"wp:term":[{"taxonomy":"folder","embeddable":true,"href":"https:\/\/kittec.eu\/cs\/wp-json\/wp\/v2\/folder?post=56137"}],"curies":[{"name":"wp","href":"https:\/\/api.w.org\/{rel}","templated":true}]}}