{"id":57652,"date":"2025-09-10T11:37:11","date_gmt":"2025-09-10T09:37:11","guid":{"rendered":"https:\/\/kittec.eu\/produkt\/"},"modified":"2025-12-16T11:17:23","modified_gmt":"2025-12-16T10:17:23","slug":"produkt","status":"publish","type":"page","link":"https:\/\/kittec.eu\/cs\/produkt\/","title":{"rendered":"Produkt"},"content":{"rendered":"<p><em>ProduktID fehlt.<\/em><\/p>\n\n<div style=\"height:50px\" aria-hidden=\"true\" class=\"wp-block-spacer\"><\/div>\n\n<p>P\u0159\u00edslu\u0161n\u00fd zakl\u00e1dac\u00ed set, p\u0159\u00edslu\u0161enstv\u00ed a ostatn\u00ed vybaven\u00ed pro KITTEC jsou k dispozici <a href=\"https:\/\/kittec.eu\/cs\/pristroje-a-vybaveni\/\">zde<\/a>.<br\/>M\u00e1te dotazy k tomuto modelu nebo si p\u0159ejete dostat v\u00edce informac\u00ed nebo konzultovat \u00fapravu pece? Pros\u00edm nev\u00e1hejte n\u00e1s kontaktovat. Ozveme se v\u00e1m brzy.<\/p>\n\n<div style=\"height:50px\" aria-hidden=\"true\" class=\"wp-block-spacer\"><\/div>\n\n<div class=\"wp-block-buttons is-layout-flex wp-block-buttons-is-layout-flex\">\n<div class=\"wp-block-button\"><a class=\"wp-block-button__link wp-element-button\" href=\"https:\/\/kittec.eu\/cs\/kontakt-pro-pece\/\">Kontaktujte n\u00e1s!<\/a><\/div>\n<\/div>\n\n<p><\/p>\n\n<div style=\"height:150px\" aria-hidden=\"true\" class=\"wp-block-spacer\"><\/div>\n","protected":false},"excerpt":{"rendered":"","protected":false},"author":2,"featured_media":38042,"parent":0,"menu_order":0,"comment_status":"closed","ping_status":"closed","template":"","meta":{"_acf_changed":false,"inline_featured_image":false,"iawp_total_views":676,"footnotes":""},"folder":[156],"class_list":["post-57652","page","type-page","status-publish","has-post-thumbnail","hentry"],"acf":[],"yoast_head":"<!-- This site is optimized with the Yoast SEO plugin v27.2 - https:\/\/yoast.com\/product\/yoast-seo-wordpress\/ -->\n<title>KITTEC Brenn\u00f6fen, Zwischenringe, Brennsets &amp; Zubeh\u00f6r<\/title>\n<meta name=\"description\" content=\"KITTEC Brenn\u00f6fen f\u00fcr Industrie und Handwerk\" \/>\n<meta name=\"robots\" content=\"index, follow, max-snippet:-1, max-image-preview:large, max-video-preview:-1\" \/>\n<link rel=\"canonical\" href=\"https:\/\/kittec.eu\/cs\/produkt\/\" \/>\n<meta property=\"og:locale\" content=\"cs_CZ\" \/>\n<meta property=\"og:type\" content=\"article\" \/>\n<meta property=\"og:title\" content=\"KITTEC Brenn\u00f6fen, Zwischenringe, Brennsets &amp; Zubeh\u00f6r\" \/>\n<meta property=\"og:description\" content=\"KITTEC Brenn\u00f6fen f\u00fcr Industrie und Handwerk\" \/>\n<meta property=\"og:url\" content=\"https:\/\/kittec.eu\/cs\/produkt\/\" \/>\n<meta property=\"og:site_name\" content=\"Kittec Brenn\u00f6fen bis 1800\u00b0C - Brennofen f\u00fcr Industrie und Handwerk\" \/>\n<meta property=\"article:modified_time\" content=\"2025-12-16T10:17:23+00:00\" \/>\n<meta property=\"og:image\" content=\"https:\/\/kittec.eu\/wp-content\/uploads\/2025\/08\/KITTEC-Quality-Signet_2023_RGB_640px_gerade.png\" \/>\n\t<meta property=\"og:image:width\" content=\"640\" \/>\n\t<meta property=\"og:image:height\" content=\"640\" \/>\n\t<meta property=\"og:image:type\" content=\"image\/png\" \/>\n<meta name=\"twitter:card\" content=\"summary_large_image\" \/>\n<script type=\"application\/ld+json\" class=\"yoast-schema-graph\">{\"@context\":\"https:\/\/schema.org\",\"@graph\":[{\"@type\":\"WebPage\",\"@id\":\"https:\/\/kittec.eu\/cs\/produkt\/\",\"url\":\"https:\/\/kittec.eu\/cs\/produkt\/\",\"name\":\"KITTEC Brenn\u00f6fen, Zwischenringe, Brennsets & Zubeh\u00f6r\",\"isPartOf\":{\"@id\":\"https:\/\/kittec.eu\/cs\/#website\"},\"primaryImageOfPage\":{\"@id\":\"https:\/\/kittec.eu\/cs\/produkt\/#primaryimage\"},\"image\":{\"@id\":\"https:\/\/kittec.eu\/cs\/produkt\/#primaryimage\"},\"thumbnailUrl\":\"https:\/\/kittec.eu\/wp-content\/uploads\/2025\/08\/KITTEC-Quality-Signet_2023_RGB_640px_gerade.png\",\"datePublished\":\"2025-09-10T09:37:11+00:00\",\"dateModified\":\"2025-12-16T10:17:23+00:00\",\"description\":\"KITTEC Brenn\u00f6fen f\u00fcr Industrie und Handwerk\",\"breadcrumb\":{\"@id\":\"https:\/\/kittec.eu\/cs\/produkt\/#breadcrumb\"},\"inLanguage\":\"cs\",\"potentialAction\":[{\"@type\":\"ReadAction\",\"target\":[\"https:\/\/kittec.eu\/cs\/produkt\/\"]}]},{\"@type\":\"ImageObject\",\"inLanguage\":\"cs\",\"@id\":\"https:\/\/kittec.eu\/cs\/produkt\/#primaryimage\",\"url\":\"https:\/\/kittec.eu\/wp-content\/uploads\/2025\/08\/KITTEC-Quality-Signet_2023_RGB_640px_gerade.png\",\"contentUrl\":\"https:\/\/kittec.eu\/wp-content\/uploads\/2025\/08\/KITTEC-Quality-Signet_2023_RGB_640px_gerade.png\",\"width\":640,\"height\":640},{\"@type\":\"BreadcrumbList\",\"@id\":\"https:\/\/kittec.eu\/cs\/produkt\/#breadcrumb\",\"itemListElement\":[{\"@type\":\"ListItem\",\"position\":1,\"name\":\"Home\",\"item\":\"https:\/\/kittec.eu\/cs\/\"},{\"@type\":\"ListItem\",\"position\":2,\"name\":\"Produkt\"}]},{\"@type\":\"WebSite\",\"@id\":\"https:\/\/kittec.eu\/cs\/#website\",\"url\":\"https:\/\/kittec.eu\/cs\/\",\"name\":\"Kittec Brenn\u00f6fen bis 1800\u00b0C - Brennofen f\u00fcr Industrie und Handwerk\",\"description\":\"F\u00fcr jede Anwendung der passende Brennofen\",\"publisher\":{\"@id\":\"https:\/\/kittec.eu\/cs\/#organization\"},\"potentialAction\":[{\"@type\":\"SearchAction\",\"target\":{\"@type\":\"EntryPoint\",\"urlTemplate\":\"https:\/\/kittec.eu\/cs\/?s={search_term_string}\"},\"query-input\":{\"@type\":\"PropertyValueSpecification\",\"valueRequired\":true,\"valueName\":\"search_term_string\"}}],\"inLanguage\":\"cs\"},{\"@type\":\"Organization\",\"@id\":\"https:\/\/kittec.eu\/cs\/#organization\",\"name\":\"Kittec Brenn\u00f6fen bis 1800\u00b0C - Brennofen f\u00fcr Industrie und Handwerk\",\"url\":\"https:\/\/kittec.eu\/cs\/\",\"logo\":{\"@type\":\"ImageObject\",\"inLanguage\":\"cs\",\"@id\":\"https:\/\/kittec.eu\/cs\/#\/schema\/logo\/image\/\",\"url\":\"https:\/\/kittec.eu\/wp-content\/uploads\/2025\/07\/logo.png\",\"contentUrl\":\"https:\/\/kittec.eu\/wp-content\/uploads\/2025\/07\/logo.png\",\"width\":150,\"height\":53,\"caption\":\"Kittec Brenn\u00f6fen bis 1800\u00b0C - Brennofen f\u00fcr Industrie und Handwerk\"},\"image\":{\"@id\":\"https:\/\/kittec.eu\/cs\/#\/schema\/logo\/image\/\"}}]}<\/script>\n<!-- \/ Yoast SEO plugin. -->","yoast_head_json":{"title":"KITTEC Brenn\u00f6fen, Zwischenringe, Brennsets & Zubeh\u00f6r","description":"KITTEC Brenn\u00f6fen f\u00fcr Industrie und Handwerk","robots":{"index":"index","follow":"follow","max-snippet":"max-snippet:-1","max-image-preview":"max-image-preview:large","max-video-preview":"max-video-preview:-1"},"canonical":"https:\/\/kittec.eu\/cs\/produkt\/","og_locale":"cs_CZ","og_type":"article","og_title":"KITTEC Brenn\u00f6fen, Zwischenringe, Brennsets & Zubeh\u00f6r","og_description":"KITTEC Brenn\u00f6fen f\u00fcr Industrie und Handwerk","og_url":"https:\/\/kittec.eu\/cs\/produkt\/","og_site_name":"Kittec Brenn\u00f6fen bis 1800\u00b0C - Brennofen f\u00fcr Industrie und Handwerk","article_modified_time":"2025-12-16T10:17:23+00:00","og_image":[{"width":640,"height":640,"url":"https:\/\/kittec.eu\/wp-content\/uploads\/2025\/08\/KITTEC-Quality-Signet_2023_RGB_640px_gerade.png","type":"image\/png"}],"twitter_card":"summary_large_image","schema":{"@context":"https:\/\/schema.org","@graph":[{"@type":"WebPage","@id":"https:\/\/kittec.eu\/cs\/produkt\/","url":"https:\/\/kittec.eu\/cs\/produkt\/","name":"KITTEC Brenn\u00f6fen, Zwischenringe, Brennsets & Zubeh\u00f6r","isPartOf":{"@id":"https:\/\/kittec.eu\/cs\/#website"},"primaryImageOfPage":{"@id":"https:\/\/kittec.eu\/cs\/produkt\/#primaryimage"},"image":{"@id":"https:\/\/kittec.eu\/cs\/produkt\/#primaryimage"},"thumbnailUrl":"https:\/\/kittec.eu\/wp-content\/uploads\/2025\/08\/KITTEC-Quality-Signet_2023_RGB_640px_gerade.png","datePublished":"2025-09-10T09:37:11+00:00","dateModified":"2025-12-16T10:17:23+00:00","description":"KITTEC Brenn\u00f6fen f\u00fcr Industrie und Handwerk","breadcrumb":{"@id":"https:\/\/kittec.eu\/cs\/produkt\/#breadcrumb"},"inLanguage":"cs","potentialAction":[{"@type":"ReadAction","target":["https:\/\/kittec.eu\/cs\/produkt\/"]}]},{"@type":"ImageObject","inLanguage":"cs","@id":"https:\/\/kittec.eu\/cs\/produkt\/#primaryimage","url":"https:\/\/kittec.eu\/wp-content\/uploads\/2025\/08\/KITTEC-Quality-Signet_2023_RGB_640px_gerade.png","contentUrl":"https:\/\/kittec.eu\/wp-content\/uploads\/2025\/08\/KITTEC-Quality-Signet_2023_RGB_640px_gerade.png","width":640,"height":640},{"@type":"BreadcrumbList","@id":"https:\/\/kittec.eu\/cs\/produkt\/#breadcrumb","itemListElement":[{"@type":"ListItem","position":1,"name":"Home","item":"https:\/\/kittec.eu\/cs\/"},{"@type":"ListItem","position":2,"name":"Produkt"}]},{"@type":"WebSite","@id":"https:\/\/kittec.eu\/cs\/#website","url":"https:\/\/kittec.eu\/cs\/","name":"Kittec Brenn\u00f6fen bis 1800\u00b0C - Brennofen f\u00fcr Industrie und Handwerk","description":"F\u00fcr jede Anwendung der passende Brennofen","publisher":{"@id":"https:\/\/kittec.eu\/cs\/#organization"},"potentialAction":[{"@type":"SearchAction","target":{"@type":"EntryPoint","urlTemplate":"https:\/\/kittec.eu\/cs\/?s={search_term_string}"},"query-input":{"@type":"PropertyValueSpecification","valueRequired":true,"valueName":"search_term_string"}}],"inLanguage":"cs"},{"@type":"Organization","@id":"https:\/\/kittec.eu\/cs\/#organization","name":"Kittec Brenn\u00f6fen bis 1800\u00b0C - Brennofen f\u00fcr Industrie und Handwerk","url":"https:\/\/kittec.eu\/cs\/","logo":{"@type":"ImageObject","inLanguage":"cs","@id":"https:\/\/kittec.eu\/cs\/#\/schema\/logo\/image\/","url":"https:\/\/kittec.eu\/wp-content\/uploads\/2025\/07\/logo.png","contentUrl":"https:\/\/kittec.eu\/wp-content\/uploads\/2025\/07\/logo.png","width":150,"height":53,"caption":"Kittec Brenn\u00f6fen bis 1800\u00b0C - Brennofen f\u00fcr Industrie und Handwerk"},"image":{"@id":"https:\/\/kittec.eu\/cs\/#\/schema\/logo\/image\/"}}]}},"_links":{"self":[{"href":"https:\/\/kittec.eu\/cs\/wp-json\/wp\/v2\/pages\/57652","targetHints":{"allow":["GET"]}}],"collection":[{"href":"https:\/\/kittec.eu\/cs\/wp-json\/wp\/v2\/pages"}],"about":[{"href":"https:\/\/kittec.eu\/cs\/wp-json\/wp\/v2\/types\/page"}],"author":[{"embeddable":true,"href":"https:\/\/kittec.eu\/cs\/wp-json\/wp\/v2\/users\/2"}],"replies":[{"embeddable":true,"href":"https:\/\/kittec.eu\/cs\/wp-json\/wp\/v2\/comments?post=57652"}],"version-history":[{"count":1,"href":"https:\/\/kittec.eu\/cs\/wp-json\/wp\/v2\/pages\/57652\/revisions"}],"predecessor-version":[{"id":57653,"href":"https:\/\/kittec.eu\/cs\/wp-json\/wp\/v2\/pages\/57652\/revisions\/57653"}],"wp:featuredmedia":[{"embeddable":true,"href":"https:\/\/kittec.eu\/cs\/wp-json\/wp\/v2\/media\/38042"}],"wp:attachment":[{"href":"https:\/\/kittec.eu\/cs\/wp-json\/wp\/v2\/media?parent=57652"}],"wp:term":[{"taxonomy":"folder","embeddable":true,"href":"https:\/\/kittec.eu\/cs\/wp-json\/wp\/v2\/folder?post=57652"}],"curies":[{"name":"wp","href":"https:\/\/api.w.org\/{rel}","templated":true}]}}