{"id":57706,"date":"2025-12-02T12:20:56","date_gmt":"2025-12-02T11:20:56","guid":{"rendered":"https:\/\/kittec.eu\/impresum\/"},"modified":"2026-03-11T10:23:34","modified_gmt":"2026-03-11T09:23:34","slug":"tiraz","status":"publish","type":"page","link":"https:\/\/kittec.eu\/cs\/tiraz\/","title":{"rendered":"Tir\u00e1\u017e"},"content":{"rendered":"\n<p>KITTEC GmbH<br\/>Taxisstr. 49<br\/>83024 Rosenheim <\/p>\n\n<p>Obchodn\u00ed rejst\u0159\u00edk: HRB 14278<br\/>Registra\u010dn\u00ed soud: Amtsgericht Traunstein<\/p>\n\n<p>Zastoupen\u00e1:<br\/>Armin Flieher<\/p>\n\n<p><\/p>\n\n<h2 class=\"wp-block-heading\">Kontaktn\u00ed \u00fadaje:<\/h2>\n\n<p>Telefon: +49 8031 892462<br\/>E-mail: info@kittec.de<\/p>\n\n<p><\/p>\n\n<h2 class=\"wp-block-heading\">DI\u010c<\/h2>\n\n<p>Identifika\u010dn\u00ed \u010d\u00edslo pro da\u0148 z p\u0159idan\u00e9 hodnoty podle \u00a7 27a z\u00e1kona o dani z p\u0159idan\u00e9 hodnoty:<br\/>DE 813 397 798<\/p>\n\n<p><\/p>\n\n<h2 class=\"wp-block-heading\">Osoba odpov\u011bdn\u00e1 za redakci<\/h2>\n\n<p>Armin Flieher<\/p>\n\n<p><\/p>\n\n<h2 class=\"wp-block-heading\">\u0158e\u0161en\u00ed spor\u016f p\u0159ed spot\u0159ebitelskou arbitr\u00e1\u017en\u00ed komis\u00ed<\/h2>\n\n<p>Nejsme povinni \u00fa\u010dastnit se \u0159e\u0161en\u00ed spor\u016f p\u0159ed spot\u0159ebitelskou arbitr\u00e1\u017en\u00ed komis\u00ed.<\/p>\n\n<p><strong>Autorsk\u00e1 pr\u00e1va k obr\u00e1zk\u016fm:<\/strong><\/p>\n\n<p><strong><a href=\"https:\/\/kittec.eu\/cs\/\" target=\"_blank\" rel=\"noreferrer noopener\">KITTEC \u2013 Home<\/a>:<\/strong> contrastwerkstatt \/ Fotolia.com, Rostislav Sedlacek \/ Fotolia.com<\/p>\n\n<p><strong><a href=\"https:\/\/kittec.eu\/cs\/servis\/aplikace\/feritizace\/\" target=\"_blank\" rel=\"noreferrer noopener\">KITTEC \u2013 Feritizace<\/a>:<\/strong> Alfa Photostudio \/ Shutterstock<\/p>\n\n<p><strong><a href=\"https:\/\/kittec.eu\/cs\/servis\/aplikace\/perlitizace\/\" target=\"_blank\" rel=\"noreferrer noopener\">KITTEC \u2013 Perlitizace<\/a>:<\/strong> SpockyPo \/ Shutterstock<\/p>\n\n<p><strong><a href=\"https:\/\/kittec.eu\/cs\/servis\/aplikace\/rozpousteci-zihani\/\" target=\"_blank\" rel=\"noreferrer noopener\">KITTEC \u2013 Rozpou\u0161t\u011bc\u00ed \u017e\u00edh\u00e1n\u00ed:<\/a><\/strong> Surawit Klanliang \/ Shutterstock, High Simple \/ Shutterstock<\/p>\n\n<p><strong><a href=\"https:\/\/kittec.eu\/cs\/servis\/aplikace\/kaleni\/\" target=\"_blank\" rel=\"noreferrer noopener\">KITTEC \u2013 Kalen\u00ed<\/a>:<\/strong> Picture industry \/ Shutterstock<\/p>\n\n<p><strong><a href=\"https:\/\/kittec.eu\/cs\/servis\/aplikace\/cisteni-filtru-pevnych-castic\/\" target=\"_blank\" rel=\"noreferrer noopener\">KITTEC \u2013 \u010ci\u0161t\u011bn\u00ed \u010d\u00e1sticov\u00fdch filtr\u016f<\/a>:<\/strong> Alraun \/ Shutterstock<\/p>\n\n<p><strong><a href=\"https:\/\/kittec.eu\/cs\/servis\/aplikace\/zihani-ke-snizeni-napeti\/\" target=\"_blank\" rel=\"noreferrer noopener\">KITTEC \u2013 Odleh\u010dovac\u00ed \u017e\u00edh\u00e1n\u00ed<\/a>:<\/strong> Media Whalestock \/ Shutterstock<\/p>\n\n<p>P\u0159i pr\u00e1ci s textem, obr\u00e1zky, videi a zvukem vyu\u017e\u00edv\u00e1me podporu um\u011bl\u00e9 inteligence.<\/p>\n\n<p>v\u0161echny ostatn\u00ed obr\u00e1zky: KITTEC GmbH<\/p>\n\n<p><strong>Ikony<\/strong>: vytvo\u0159eno <a href=\"http:\/\/www.flaticon.com\/authors\/madebyoliver\">Madebyoliver<\/a> z <a href=\"http:\/\/www.flaticon.com\/\">www.flaticon.com<\/a>, licencov\u00e1no podle <a href=\"http:\/\/creativecommons.org\/licenses\/by\/3.0\/\" target=\"_blank\" rel=\"noreferrer noopener\">CC 3.0 BY<\/a><\/p>\n\n<div style=\"height:150px\" aria-hidden=\"true\" class=\"wp-block-spacer\"><\/div>\n","protected":false},"excerpt":{"rendered":"","protected":false},"author":1,"featured_media":38042,"parent":0,"menu_order":0,"comment_status":"closed","ping_status":"closed","template":"","meta":{"_acf_changed":false,"inline_featured_image":false,"iawp_total_views":8,"footnotes":""},"folder":[155],"class_list":["post-57706","page","type-page","status-publish","has-post-thumbnail","hentry"],"acf":[],"yoast_head":"<!-- This site is optimized with the Yoast SEO plugin v27.2 - https:\/\/yoast.com\/product\/yoast-seo-wordpress\/ -->\n<title>Tir\u00e1\u017e - Kittec Brenn\u00f6fen bis 1800\u00b0C - Brennofen f\u00fcr Industrie und Handwerk<\/title>\n<meta name=\"robots\" content=\"index, follow, max-snippet:-1, max-image-preview:large, max-video-preview:-1\" \/>\n<link rel=\"canonical\" href=\"https:\/\/kittec.eu\/cs\/tiraz\/\" \/>\n<meta property=\"og:locale\" content=\"cs_CZ\" \/>\n<meta property=\"og:type\" content=\"article\" \/>\n<meta property=\"og:title\" content=\"Tir\u00e1\u017e - Kittec Brenn\u00f6fen bis 1800\u00b0C - Brennofen f\u00fcr Industrie und Handwerk\" \/>\n<meta property=\"og:url\" content=\"https:\/\/kittec.eu\/cs\/tiraz\/\" \/>\n<meta property=\"og:site_name\" content=\"Kittec Brenn\u00f6fen bis 1800\u00b0C - Brennofen f\u00fcr Industrie und Handwerk\" \/>\n<meta property=\"article:modified_time\" content=\"2026-03-11T09:23:34+00:00\" \/>\n<meta property=\"og:image\" content=\"https:\/\/kittec.eu\/wp-content\/uploads\/2025\/08\/KITTEC-Quality-Signet_2023_RGB_640px_gerade.png\" \/>\n\t<meta property=\"og:image:width\" content=\"640\" \/>\n\t<meta property=\"og:image:height\" content=\"640\" \/>\n\t<meta property=\"og:image:type\" content=\"image\/png\" \/>\n<meta name=\"twitter:card\" content=\"summary_large_image\" \/>\n<meta name=\"twitter:label1\" content=\"Odhadovan\u00e1 doba \u010dten\u00ed\" \/>\n\t<meta name=\"twitter:data1\" content=\"1 minuta\" \/>\n<script type=\"application\/ld+json\" class=\"yoast-schema-graph\">{\"@context\":\"https:\/\/schema.org\",\"@graph\":[{\"@type\":\"WebPage\",\"@id\":\"https:\/\/kittec.eu\/cs\/tiraz\/\",\"url\":\"https:\/\/kittec.eu\/cs\/tiraz\/\",\"name\":\"Tir\u00e1\u017e - Kittec Brenn\u00f6fen bis 1800\u00b0C - Brennofen f\u00fcr Industrie und Handwerk\",\"isPartOf\":{\"@id\":\"https:\/\/kittec.eu\/cs\/#website\"},\"primaryImageOfPage\":{\"@id\":\"https:\/\/kittec.eu\/cs\/tiraz\/#primaryimage\"},\"image\":{\"@id\":\"https:\/\/kittec.eu\/cs\/tiraz\/#primaryimage\"},\"thumbnailUrl\":\"https:\/\/kittec.eu\/wp-content\/uploads\/2025\/08\/KITTEC-Quality-Signet_2023_RGB_640px_gerade.png\",\"datePublished\":\"2025-12-02T11:20:56+00:00\",\"dateModified\":\"2026-03-11T09:23:34+00:00\",\"breadcrumb\":{\"@id\":\"https:\/\/kittec.eu\/cs\/tiraz\/#breadcrumb\"},\"inLanguage\":\"cs\",\"potentialAction\":[{\"@type\":\"ReadAction\",\"target\":[\"https:\/\/kittec.eu\/cs\/tiraz\/\"]}]},{\"@type\":\"ImageObject\",\"inLanguage\":\"cs\",\"@id\":\"https:\/\/kittec.eu\/cs\/tiraz\/#primaryimage\",\"url\":\"https:\/\/kittec.eu\/wp-content\/uploads\/2025\/08\/KITTEC-Quality-Signet_2023_RGB_640px_gerade.png\",\"contentUrl\":\"https:\/\/kittec.eu\/wp-content\/uploads\/2025\/08\/KITTEC-Quality-Signet_2023_RGB_640px_gerade.png\",\"width\":640,\"height\":640},{\"@type\":\"BreadcrumbList\",\"@id\":\"https:\/\/kittec.eu\/cs\/tiraz\/#breadcrumb\",\"itemListElement\":[{\"@type\":\"ListItem\",\"position\":1,\"name\":\"Home\",\"item\":\"https:\/\/kittec.eu\/cs\/\"},{\"@type\":\"ListItem\",\"position\":2,\"name\":\"Tir\u00e1\u017e\"}]},{\"@type\":\"WebSite\",\"@id\":\"https:\/\/kittec.eu\/cs\/#website\",\"url\":\"https:\/\/kittec.eu\/cs\/\",\"name\":\"Kittec Brenn\u00f6fen bis 1800\u00b0C - Brennofen f\u00fcr Industrie und Handwerk\",\"description\":\"F\u00fcr jede Anwendung der passende Brennofen\",\"publisher\":{\"@id\":\"https:\/\/kittec.eu\/cs\/#organization\"},\"potentialAction\":[{\"@type\":\"SearchAction\",\"target\":{\"@type\":\"EntryPoint\",\"urlTemplate\":\"https:\/\/kittec.eu\/cs\/?s={search_term_string}\"},\"query-input\":{\"@type\":\"PropertyValueSpecification\",\"valueRequired\":true,\"valueName\":\"search_term_string\"}}],\"inLanguage\":\"cs\"},{\"@type\":\"Organization\",\"@id\":\"https:\/\/kittec.eu\/cs\/#organization\",\"name\":\"Kittec Brenn\u00f6fen bis 1800\u00b0C - Brennofen f\u00fcr Industrie und Handwerk\",\"url\":\"https:\/\/kittec.eu\/cs\/\",\"logo\":{\"@type\":\"ImageObject\",\"inLanguage\":\"cs\",\"@id\":\"https:\/\/kittec.eu\/cs\/#\/schema\/logo\/image\/\",\"url\":\"https:\/\/kittec.eu\/wp-content\/uploads\/2025\/07\/logo.png\",\"contentUrl\":\"https:\/\/kittec.eu\/wp-content\/uploads\/2025\/07\/logo.png\",\"width\":150,\"height\":53,\"caption\":\"Kittec Brenn\u00f6fen bis 1800\u00b0C - Brennofen f\u00fcr Industrie und Handwerk\"},\"image\":{\"@id\":\"https:\/\/kittec.eu\/cs\/#\/schema\/logo\/image\/\"}}]}<\/script>\n<!-- \/ Yoast SEO plugin. -->","yoast_head_json":{"title":"Tir\u00e1\u017e - Kittec Brenn\u00f6fen bis 1800\u00b0C - Brennofen f\u00fcr Industrie und Handwerk","robots":{"index":"index","follow":"follow","max-snippet":"max-snippet:-1","max-image-preview":"max-image-preview:large","max-video-preview":"max-video-preview:-1"},"canonical":"https:\/\/kittec.eu\/cs\/tiraz\/","og_locale":"cs_CZ","og_type":"article","og_title":"Tir\u00e1\u017e - Kittec Brenn\u00f6fen bis 1800\u00b0C - Brennofen f\u00fcr Industrie und Handwerk","og_url":"https:\/\/kittec.eu\/cs\/tiraz\/","og_site_name":"Kittec Brenn\u00f6fen bis 1800\u00b0C - Brennofen f\u00fcr Industrie und Handwerk","article_modified_time":"2026-03-11T09:23:34+00:00","og_image":[{"width":640,"height":640,"url":"https:\/\/kittec.eu\/wp-content\/uploads\/2025\/08\/KITTEC-Quality-Signet_2023_RGB_640px_gerade.png","type":"image\/png"}],"twitter_card":"summary_large_image","twitter_misc":{"Odhadovan\u00e1 doba \u010dten\u00ed":"1 minuta"},"schema":{"@context":"https:\/\/schema.org","@graph":[{"@type":"WebPage","@id":"https:\/\/kittec.eu\/cs\/tiraz\/","url":"https:\/\/kittec.eu\/cs\/tiraz\/","name":"Tir\u00e1\u017e - Kittec Brenn\u00f6fen bis 1800\u00b0C - Brennofen f\u00fcr Industrie und Handwerk","isPartOf":{"@id":"https:\/\/kittec.eu\/cs\/#website"},"primaryImageOfPage":{"@id":"https:\/\/kittec.eu\/cs\/tiraz\/#primaryimage"},"image":{"@id":"https:\/\/kittec.eu\/cs\/tiraz\/#primaryimage"},"thumbnailUrl":"https:\/\/kittec.eu\/wp-content\/uploads\/2025\/08\/KITTEC-Quality-Signet_2023_RGB_640px_gerade.png","datePublished":"2025-12-02T11:20:56+00:00","dateModified":"2026-03-11T09:23:34+00:00","breadcrumb":{"@id":"https:\/\/kittec.eu\/cs\/tiraz\/#breadcrumb"},"inLanguage":"cs","potentialAction":[{"@type":"ReadAction","target":["https:\/\/kittec.eu\/cs\/tiraz\/"]}]},{"@type":"ImageObject","inLanguage":"cs","@id":"https:\/\/kittec.eu\/cs\/tiraz\/#primaryimage","url":"https:\/\/kittec.eu\/wp-content\/uploads\/2025\/08\/KITTEC-Quality-Signet_2023_RGB_640px_gerade.png","contentUrl":"https:\/\/kittec.eu\/wp-content\/uploads\/2025\/08\/KITTEC-Quality-Signet_2023_RGB_640px_gerade.png","width":640,"height":640},{"@type":"BreadcrumbList","@id":"https:\/\/kittec.eu\/cs\/tiraz\/#breadcrumb","itemListElement":[{"@type":"ListItem","position":1,"name":"Home","item":"https:\/\/kittec.eu\/cs\/"},{"@type":"ListItem","position":2,"name":"Tir\u00e1\u017e"}]},{"@type":"WebSite","@id":"https:\/\/kittec.eu\/cs\/#website","url":"https:\/\/kittec.eu\/cs\/","name":"Kittec Brenn\u00f6fen bis 1800\u00b0C - Brennofen f\u00fcr Industrie und Handwerk","description":"F\u00fcr jede Anwendung der passende Brennofen","publisher":{"@id":"https:\/\/kittec.eu\/cs\/#organization"},"potentialAction":[{"@type":"SearchAction","target":{"@type":"EntryPoint","urlTemplate":"https:\/\/kittec.eu\/cs\/?s={search_term_string}"},"query-input":{"@type":"PropertyValueSpecification","valueRequired":true,"valueName":"search_term_string"}}],"inLanguage":"cs"},{"@type":"Organization","@id":"https:\/\/kittec.eu\/cs\/#organization","name":"Kittec Brenn\u00f6fen bis 1800\u00b0C - Brennofen f\u00fcr Industrie und Handwerk","url":"https:\/\/kittec.eu\/cs\/","logo":{"@type":"ImageObject","inLanguage":"cs","@id":"https:\/\/kittec.eu\/cs\/#\/schema\/logo\/image\/","url":"https:\/\/kittec.eu\/wp-content\/uploads\/2025\/07\/logo.png","contentUrl":"https:\/\/kittec.eu\/wp-content\/uploads\/2025\/07\/logo.png","width":150,"height":53,"caption":"Kittec Brenn\u00f6fen bis 1800\u00b0C - Brennofen f\u00fcr Industrie und Handwerk"},"image":{"@id":"https:\/\/kittec.eu\/cs\/#\/schema\/logo\/image\/"}}]}},"_links":{"self":[{"href":"https:\/\/kittec.eu\/cs\/wp-json\/wp\/v2\/pages\/57706","targetHints":{"allow":["GET"]}}],"collection":[{"href":"https:\/\/kittec.eu\/cs\/wp-json\/wp\/v2\/pages"}],"about":[{"href":"https:\/\/kittec.eu\/cs\/wp-json\/wp\/v2\/types\/page"}],"author":[{"embeddable":true,"href":"https:\/\/kittec.eu\/cs\/wp-json\/wp\/v2\/users\/1"}],"replies":[{"embeddable":true,"href":"https:\/\/kittec.eu\/cs\/wp-json\/wp\/v2\/comments?post=57706"}],"version-history":[{"count":8,"href":"https:\/\/kittec.eu\/cs\/wp-json\/wp\/v2\/pages\/57706\/revisions"}],"predecessor-version":[{"id":60027,"href":"https:\/\/kittec.eu\/cs\/wp-json\/wp\/v2\/pages\/57706\/revisions\/60027"}],"wp:featuredmedia":[{"embeddable":true,"href":"https:\/\/kittec.eu\/cs\/wp-json\/wp\/v2\/media\/38042"}],"wp:attachment":[{"href":"https:\/\/kittec.eu\/cs\/wp-json\/wp\/v2\/media?parent=57706"}],"wp:term":[{"taxonomy":"folder","embeddable":true,"href":"https:\/\/kittec.eu\/cs\/wp-json\/wp\/v2\/folder?post=57706"}],"curies":[{"name":"wp","href":"https:\/\/api.w.org\/{rel}","templated":true}]}}